{"id":747992,"date":"2025-03-03T21:01:55","date_gmt":"2025-03-03T20:01:55","guid":{"rendered":"https:\/\/stoic-curie.212-227-153-4.plesk.page\/producto\/acoplamento-flexivel-helice-caixa-de-velocidades-120mm-8-furos\/"},"modified":"2026-02-25T00:27:56","modified_gmt":"2026-02-25T00:27:56","slug":"acoplamento-flexivel-helice-caixa-de-velocidades-120mm-8-furos","status":"publish","type":"product","link":"https:\/\/stoic-curie.212-227-153-4.plesk.page\/pt\/product\/acoplamento-flexivel-helice-caixa-de-velocidades-120mm-8-furos\/","title":{"rendered":"Acoplamento Flex\u00edvel H\u00e9lice-Caixa de Velocidades 120mm 8 Furos"},"content":{"rendered":"<p>Acoplamento Flex\u00edvel H\u00e9lice-Caixa de Velocidades 120mm 8 Furos &#8211; <\/p>\n<p>Coplamento flex\u00edvel de 8 furos para flanges de acoplamento entre o eixo da h\u00e9lice e a caixa de c\u00e2mbio.<\/p>\n","protected":false},"excerpt":{"rendered":"<p>Acoplamento Flex\u00edvel H\u00e9lice-Caixa de Velocidades 120mm 8 Furos &#8211; Coplamento flex\u00edvel de 8 furos para flanges de acoplamento entre o<\/p>\n","protected":false},"featured_media":5941196,"comment_status":"open","ping_status":"closed","template":"","meta":[],"product_brand":[3467],"product_cat":[2076],"product_tag":[],"class_list":{"0":"post-747992","1":"product","2":"type-product","3":"status-publish","4":"has-post-thumbnail","6":"product_brand-technodrive-pt","7":"product_cat-amortecedores-e-acoplamentos","9":"first","10":"instock","11":"shipping-taxable","12":"purchasable","13":"product-type-simple"},"_links":{"self":[{"href":"https:\/\/stoic-curie.212-227-153-4.plesk.page\/pt\/wp-json\/wp\/v2\/product\/747992","targetHints":{"allow":["GET"]}}],"collection":[{"href":"https:\/\/stoic-curie.212-227-153-4.plesk.page\/pt\/wp-json\/wp\/v2\/product"}],"about":[{"href":"https:\/\/stoic-curie.212-227-153-4.plesk.page\/pt\/wp-json\/wp\/v2\/types\/product"}],"replies":[{"embeddable":true,"href":"https:\/\/stoic-curie.212-227-153-4.plesk.page\/pt\/wp-json\/wp\/v2\/comments?post=747992"}],"version-history":[{"count":0,"href":"https:\/\/stoic-curie.212-227-153-4.plesk.page\/pt\/wp-json\/wp\/v2\/product\/747992\/revisions"}],"wp:featuredmedia":[{"embeddable":true,"href":"https:\/\/stoic-curie.212-227-153-4.plesk.page\/pt\/wp-json\/wp\/v2\/media\/5941196"}],"wp:attachment":[{"href":"https:\/\/stoic-curie.212-227-153-4.plesk.page\/pt\/wp-json\/wp\/v2\/media?parent=747992"}],"wp:term":[{"taxonomy":"product_brand","embeddable":true,"href":"https:\/\/stoic-curie.212-227-153-4.plesk.page\/pt\/wp-json\/wp\/v2\/product_brand?post=747992"},{"taxonomy":"product_cat","embeddable":true,"href":"https:\/\/stoic-curie.212-227-153-4.plesk.page\/pt\/wp-json\/wp\/v2\/product_cat?post=747992"},{"taxonomy":"product_tag","embeddable":true,"href":"https:\/\/stoic-curie.212-227-153-4.plesk.page\/pt\/wp-json\/wp\/v2\/product_tag?post=747992"}],"curies":[{"name":"wp","href":"https:\/\/api.w.org\/{rel}","templated":true}]}}