{"id":747993,"date":"2025-03-03T21:01:55","date_gmt":"2025-03-03T20:01:55","guid":{"rendered":"https:\/\/stoic-curie.212-227-153-4.plesk.page\/producto\/fita-de-isolamento-elastica-h50mm-x-5m-ate-600-graus\/"},"modified":"2026-02-25T00:27:56","modified_gmt":"2026-02-25T00:27:56","slug":"fita-de-isolamento-elastica-h50mm-x-5m-ate-600-graus","status":"publish","type":"product","link":"https:\/\/stoic-curie.212-227-153-4.plesk.page\/pt\/product\/fita-de-isolamento-elastica-h50mm-x-5m-ate-600-graus\/","title":{"rendered":"Fita de Isolamento El\u00e1stica H50mm x 5m at\u00e9 600 Graus"},"content":{"rendered":"<p>Fita de Isolamento El\u00e1stica H50mm x 5m at\u00e9 600 Graus &#8211; <\/p>\n<p>Fita isolante t\u00e9rmica el\u00e1stica de fibra de vidro e metal, resistente a altas temperaturas. Feita de tecido de fibra de vidro combinado com uma camada de alum\u00ednio, o que a torna mais flex\u00edvel. Suas capacidades el\u00e1sticas podem ser facilmente aplicadas tamb\u00e9m a curvas de escapamento. Normalmente, s\u00e3o necess\u00e1rias de 2 a 3 camadas para serem suficientes para a maioria dos sistemas de escape a diesel. Temperatura m\u00e1xima de opera\u00e7\u00e3o: 600\u00b0C. Pode ser adicionada uma camada externa protetora de fita elastom\u00e9rica auto-amalgamante, resistente a altas temperaturas, para criar uma superf\u00edcie homog\u00eanea.<\/p>\n","protected":false},"excerpt":{"rendered":"<p>Fita de Isolamento El\u00e1stica H50mm x 5m at\u00e9 600 Graus &#8211; Fita isolante t\u00e9rmica el\u00e1stica de fibra de vidro e<\/p>\n","protected":false},"featured_media":5941198,"comment_status":"open","ping_status":"closed","template":"","meta":[],"product_brand":[3292],"product_cat":[2097],"product_tag":[],"class_list":{"0":"post-747993","1":"product","2":"type-product","3":"status-publish","4":"has-post-thumbnail","6":"product_brand-quietlife-pt","7":"product_cat-isolamento-e-insonorizacao","9":"first","10":"instock","11":"shipping-taxable","12":"purchasable","13":"product-type-simple"},"_links":{"self":[{"href":"https:\/\/stoic-curie.212-227-153-4.plesk.page\/pt\/wp-json\/wp\/v2\/product\/747993","targetHints":{"allow":["GET"]}}],"collection":[{"href":"https:\/\/stoic-curie.212-227-153-4.plesk.page\/pt\/wp-json\/wp\/v2\/product"}],"about":[{"href":"https:\/\/stoic-curie.212-227-153-4.plesk.page\/pt\/wp-json\/wp\/v2\/types\/product"}],"replies":[{"embeddable":true,"href":"https:\/\/stoic-curie.212-227-153-4.plesk.page\/pt\/wp-json\/wp\/v2\/comments?post=747993"}],"version-history":[{"count":0,"href":"https:\/\/stoic-curie.212-227-153-4.plesk.page\/pt\/wp-json\/wp\/v2\/product\/747993\/revisions"}],"wp:featuredmedia":[{"embeddable":true,"href":"https:\/\/stoic-curie.212-227-153-4.plesk.page\/pt\/wp-json\/wp\/v2\/media\/5941198"}],"wp:attachment":[{"href":"https:\/\/stoic-curie.212-227-153-4.plesk.page\/pt\/wp-json\/wp\/v2\/media?parent=747993"}],"wp:term":[{"taxonomy":"product_brand","embeddable":true,"href":"https:\/\/stoic-curie.212-227-153-4.plesk.page\/pt\/wp-json\/wp\/v2\/product_brand?post=747993"},{"taxonomy":"product_cat","embeddable":true,"href":"https:\/\/stoic-curie.212-227-153-4.plesk.page\/pt\/wp-json\/wp\/v2\/product_cat?post=747993"},{"taxonomy":"product_tag","embeddable":true,"href":"https:\/\/stoic-curie.212-227-153-4.plesk.page\/pt\/wp-json\/wp\/v2\/product_tag?post=747993"}],"curies":[{"name":"wp","href":"https:\/\/api.w.org\/{rel}","templated":true}]}}