{"id":748012,"date":"2025-03-03T21:02:03","date_gmt":"2025-03-03T20:02:03","guid":{"rendered":"https:\/\/stoic-curie.212-227-153-4.plesk.page\/producto\/relogio-nautico-em-aco-inoxidavel-fosco-120mm-cap-horizon-por-barigo\/"},"modified":"2026-02-25T00:27:56","modified_gmt":"2026-02-25T00:27:56","slug":"relogio-nautico-em-aco-inoxidavel-fosco-120mm-cap-horizon-por-barigo","status":"publish","type":"product","link":"https:\/\/stoic-curie.212-227-153-4.plesk.page\/pt\/product\/relogio-nautico-em-aco-inoxidavel-fosco-120mm-cap-horizon-por-barigo\/","title":{"rendered":"Rel\u00f3gio N\u00e1utico em A\u00e7o Inoxid\u00e1vel Fosco 120mm Cap Horizon (por barigo)"},"content":{"rendered":"<p>Rel\u00f3gio N\u00e1utico em A\u00e7o Inoxid\u00e1vel Fosco 120mm Cap Horizon (por barigo) &#8211; <\/p>\n<p>Os instrumentos meteorol\u00f3gicos Cap Horizon (da Barigo) t\u00eam uma caixa de a\u00e7o inoxid\u00e1vel acetinada e um mostrador branco.<\/p>\n","protected":false},"excerpt":{"rendered":"<p>Rel\u00f3gio N\u00e1utico em A\u00e7o Inoxid\u00e1vel Fosco 120mm Cap Horizon (por barigo) &#8211; Os instrumentos meteorol\u00f3gicos Cap Horizon (da Barigo) t\u00eam<\/p>\n","protected":false},"featured_media":5941220,"comment_status":"open","ping_status":"closed","template":"","meta":[],"product_brand":[2817],"product_cat":[1927,2064],"product_tag":[],"class_list":{"0":"post-748012","1":"product","2":"type-product","3":"status-publish","4":"has-post-thumbnail","6":"product_brand-barigo-pt","7":"product_cat-decoracao-nautica","8":"product_cat-instrumentos-nauticos","10":"first","11":"instock","12":"shipping-taxable","13":"purchasable","14":"product-type-simple"},"_links":{"self":[{"href":"https:\/\/stoic-curie.212-227-153-4.plesk.page\/pt\/wp-json\/wp\/v2\/product\/748012","targetHints":{"allow":["GET"]}}],"collection":[{"href":"https:\/\/stoic-curie.212-227-153-4.plesk.page\/pt\/wp-json\/wp\/v2\/product"}],"about":[{"href":"https:\/\/stoic-curie.212-227-153-4.plesk.page\/pt\/wp-json\/wp\/v2\/types\/product"}],"replies":[{"embeddable":true,"href":"https:\/\/stoic-curie.212-227-153-4.plesk.page\/pt\/wp-json\/wp\/v2\/comments?post=748012"}],"version-history":[{"count":0,"href":"https:\/\/stoic-curie.212-227-153-4.plesk.page\/pt\/wp-json\/wp\/v2\/product\/748012\/revisions"}],"wp:featuredmedia":[{"embeddable":true,"href":"https:\/\/stoic-curie.212-227-153-4.plesk.page\/pt\/wp-json\/wp\/v2\/media\/5941220"}],"wp:attachment":[{"href":"https:\/\/stoic-curie.212-227-153-4.plesk.page\/pt\/wp-json\/wp\/v2\/media?parent=748012"}],"wp:term":[{"taxonomy":"product_brand","embeddable":true,"href":"https:\/\/stoic-curie.212-227-153-4.plesk.page\/pt\/wp-json\/wp\/v2\/product_brand?post=748012"},{"taxonomy":"product_cat","embeddable":true,"href":"https:\/\/stoic-curie.212-227-153-4.plesk.page\/pt\/wp-json\/wp\/v2\/product_cat?post=748012"},{"taxonomy":"product_tag","embeddable":true,"href":"https:\/\/stoic-curie.212-227-153-4.plesk.page\/pt\/wp-json\/wp\/v2\/product_tag?post=748012"}],"curies":[{"name":"wp","href":"https:\/\/api.w.org\/{rel}","templated":true}]}}