{"id":748015,"date":"2025-03-03T21:02:05","date_gmt":"2025-03-03T20:02:05","guid":{"rendered":"https:\/\/stoic-curie.212-227-153-4.plesk.page\/producto\/bussola-de-navegacao-tatica-riviera-bzt\/"},"modified":"2026-02-25T00:27:56","modified_gmt":"2026-02-25T00:27:56","slug":"bussola-de-navegacao-tatica-riviera-bzt","status":"publish","type":"product","link":"https:\/\/stoic-curie.212-227-153-4.plesk.page\/pt\/product\/bussola-de-navegacao-tatica-riviera-bzt\/","title":{"rendered":"B\u00fassola de Navega\u00e7\u00e3o T\u00e1tica Riviera BZT"},"content":{"rendered":"<p>B\u00fassola de Navega\u00e7\u00e3o T\u00e1tica Riviera BZT &#8211; <\/p>\n<p>Compasso de montagem flush com rosa t\u00e1tica. \u00cdm\u00e3s compensadores integrados. Gimbal interno. Projetado especificamente com uma rosa t\u00e1tica de 3&#8243; (-80 mm) com um d\u00edgito para rotas de navega\u00e7\u00e3o ol\u00edmpica.<\/p>\n","protected":false},"excerpt":{"rendered":"<p>B\u00fassola de Navega\u00e7\u00e3o T\u00e1tica Riviera BZT &#8211; Compasso de montagem flush com rosa t\u00e1tica. \u00cdm\u00e3s compensadores integrados. Gimbal interno. Projetado<\/p>\n","protected":false},"featured_media":5941224,"comment_status":"open","ping_status":"closed","template":"","meta":[],"product_brand":[3307],"product_cat":[2067],"product_tag":[],"class_list":{"0":"post-748015","1":"product","2":"type-product","3":"status-publish","4":"has-post-thumbnail","6":"product_brand-riviera-pt","7":"product_cat-bussola-de-navegacao","9":"first","10":"instock","11":"shipping-taxable","12":"purchasable","13":"product-type-simple"},"_links":{"self":[{"href":"https:\/\/stoic-curie.212-227-153-4.plesk.page\/pt\/wp-json\/wp\/v2\/product\/748015","targetHints":{"allow":["GET"]}}],"collection":[{"href":"https:\/\/stoic-curie.212-227-153-4.plesk.page\/pt\/wp-json\/wp\/v2\/product"}],"about":[{"href":"https:\/\/stoic-curie.212-227-153-4.plesk.page\/pt\/wp-json\/wp\/v2\/types\/product"}],"replies":[{"embeddable":true,"href":"https:\/\/stoic-curie.212-227-153-4.plesk.page\/pt\/wp-json\/wp\/v2\/comments?post=748015"}],"version-history":[{"count":0,"href":"https:\/\/stoic-curie.212-227-153-4.plesk.page\/pt\/wp-json\/wp\/v2\/product\/748015\/revisions"}],"wp:featuredmedia":[{"embeddable":true,"href":"https:\/\/stoic-curie.212-227-153-4.plesk.page\/pt\/wp-json\/wp\/v2\/media\/5941224"}],"wp:attachment":[{"href":"https:\/\/stoic-curie.212-227-153-4.plesk.page\/pt\/wp-json\/wp\/v2\/media?parent=748015"}],"wp:term":[{"taxonomy":"product_brand","embeddable":true,"href":"https:\/\/stoic-curie.212-227-153-4.plesk.page\/pt\/wp-json\/wp\/v2\/product_brand?post=748015"},{"taxonomy":"product_cat","embeddable":true,"href":"https:\/\/stoic-curie.212-227-153-4.plesk.page\/pt\/wp-json\/wp\/v2\/product_cat?post=748015"},{"taxonomy":"product_tag","embeddable":true,"href":"https:\/\/stoic-curie.212-227-153-4.plesk.page\/pt\/wp-json\/wp\/v2\/product_tag?post=748015"}],"curies":[{"name":"wp","href":"https:\/\/api.w.org\/{rel}","templated":true}]}}