{"id":748020,"date":"2025-03-03T21:02:08","date_gmt":"2025-03-03T20:02:08","guid":{"rendered":"https:\/\/stoic-curie.212-227-153-4.plesk.page\/producto\/defensa-mega-preta-1070x610mm\/"},"modified":"2026-02-25T00:27:56","modified_gmt":"2026-02-25T00:27:56","slug":"defensa-mega-preta-1070x610mm","status":"publish","type":"product","link":"https:\/\/stoic-curie.212-227-153-4.plesk.page\/pt\/product\/defensa-mega-preta-1070x610mm\/","title":{"rendered":"MegaFender Fendress 1070 x 610mm"},"content":{"rendered":"<p>MegaFender Fendress 1070 x 610mm &#8211; <\/p>\n<p style=\"color: rgb(34, 34, 34); font-family: Arial, Helvetica, sans-serif; font-size: small;\">Os Mega Fenders da Fendress s\u00e3o cuidadosamente projetados para proteger grandes barcos e mega iates. Sua constru\u00e7\u00e3o leve torna-os f\u00e1ceis de manusear, enquanto o inovador sistema de v\u00e1lvulas e a flexibilidade excepcional permitem uma desinfla\u00e7\u00e3o e armazenamento simples, at\u00e9 mesmo em espa\u00e7os apertados.<\/p>\n<p style=\"color: rgb(34, 34, 34); font-family: Arial, Helvetica, sans-serif; font-size: small;\">Esses fenders s\u00e3o constru\u00eddos para durabilidade, apresentando an\u00e9is de suporte em a\u00e7o inoxid\u00e1vel e cintas refor\u00e7adas com Kevlar\u00ae, que fornecem uma resist\u00eancia \u00e0 tra\u00e7\u00e3o de at\u00e9 3,5 toneladas. Eles combinam um design leve com uma for\u00e7a impressionante.<\/p>\n<p style=\"color: rgb(34, 34, 34); font-family: Arial, Helvetica, sans-serif; font-size: small;\">Caracter\u00edsticas not\u00e1veis incluem:<\/p>\n<ul style=\"color: rgb(34, 34, 34); font-family: Arial, Helvetica, sans-serif; font-size: small;\">\n<li>Straps refor\u00e7ados para maior durabilidade<\/li>\n<li>Manuseio f\u00e1cil para maior conveni\u00eancia<\/li>\n<li>An\u00e9is em D de a\u00e7o inoxid\u00e1vel para fixa\u00e7\u00e3o segura<\/li>\n<li>V\u00e1lvula padr\u00e3o \u00e0 prova d&#8217;\u00e1gua para uma f\u00e1cil infla\u00e7\u00e3o e desinfla\u00e7\u00e3o<\/li>\n<\/ul>\n<p style=\"color: rgb(34, 34, 34); font-family: Arial, Helvetica, sans-serif; font-size: small;\">Com os Mega Fenders, os propriet\u00e1rios de barcos podem ter confian\u00e7a de que suas embarca\u00e7\u00f5es est\u00e3o bem protegidas.<\/p>\n<p style=\"color: rgb(34, 34, 34); font-family: Arial, Helvetica, sans-serif; font-size: small;\">Os fenders infl\u00e1veis Fendress s\u00e3o produzidos no Extremo Oriente e s\u00e3o altamente apreciados por tripula\u00e7\u00f5es de Superyachts devido ao seu design leve, compacto e not\u00e1vel durabilidade. Eles s\u00e3o feitos de uma mistura de PVC consolidado e refor\u00e7o de Kevlar, tornando-os resistentes a furos e desgaste.<\/p>\n<p style=\"color: rgb(34, 34, 34); font-family: Arial, Helvetica, sans-serif; font-size: small;\">As principais caracter\u00edsticas dos fenders infl\u00e1veis Fendress s\u00e3o:<\/p>\n<ul style=\"color: rgb(34, 34, 34); font-family: Arial, Helvetica, sans-serif; font-size: small;\">\n<li>Leves e compactos: Esses fenders s\u00e3o muito mais leves do que os fenders de borracha tradicionais, facilitando o manuseio e o armazenamento.<\/li>\n<li>Fortes e dur\u00e1veis: A combina\u00e7\u00e3o de PVC consolidado e refor\u00e7o de Kevlar proporciona excelente prote\u00e7\u00e3o contra furos e abras\u00f5es.<\/li>\n<li>F\u00e1ceis de inflar e desinflar: Podem ser inflados com qualquer bomba padr\u00e3o e desinflados rapidamente para f\u00e1cil armazenamento.<\/li>\n<li>Dispon\u00edveis em v\u00e1rios tamanhos: Os fenders Fendress v\u00eam em diferentes tamanhos para se adequar a uma variedade de embarca\u00e7\u00f5es.<\/li>\n<\/ul>\n<p style=\"color: rgb(34, 34, 34); font-family: Arial, Helvetica, sans-serif; font-size: small;\">Em resumo, os fenders infl\u00e1veis Fendress s\u00e3o uma op\u00e7\u00e3o fant\u00e1stica para tripula\u00e7\u00f5es de Superyachts que buscam uma solu\u00e7\u00e3o de fender infl\u00e1vel leve, dur\u00e1vel e f\u00e1cil de usar.<\/p>\n","protected":false},"excerpt":{"rendered":"<p>MegaFender Fendress 1070 x 610mm &#8211; Os Mega Fenders da Fendress s\u00e3o cuidadosamente projetados para proteger grandes barcos e mega<\/p>\n","protected":false},"featured_media":5936924,"comment_status":"open","ping_status":"closed","template":"","meta":[],"product_brand":[2937],"product_cat":[2135],"product_tag":[],"class_list":{"0":"post-748020","1":"product","2":"type-product","3":"status-publish","4":"has-post-thumbnail","6":"product_brand-fendress-pt","7":"product_cat-defensas-boias-e-defensas","9":"first","10":"instock","11":"shipping-taxable","12":"purchasable","13":"product-type-simple"},"_links":{"self":[{"href":"https:\/\/stoic-curie.212-227-153-4.plesk.page\/pt\/wp-json\/wp\/v2\/product\/748020","targetHints":{"allow":["GET"]}}],"collection":[{"href":"https:\/\/stoic-curie.212-227-153-4.plesk.page\/pt\/wp-json\/wp\/v2\/product"}],"about":[{"href":"https:\/\/stoic-curie.212-227-153-4.plesk.page\/pt\/wp-json\/wp\/v2\/types\/product"}],"replies":[{"embeddable":true,"href":"https:\/\/stoic-curie.212-227-153-4.plesk.page\/pt\/wp-json\/wp\/v2\/comments?post=748020"}],"version-history":[{"count":0,"href":"https:\/\/stoic-curie.212-227-153-4.plesk.page\/pt\/wp-json\/wp\/v2\/product\/748020\/revisions"}],"wp:featuredmedia":[{"embeddable":true,"href":"https:\/\/stoic-curie.212-227-153-4.plesk.page\/pt\/wp-json\/wp\/v2\/media\/5936924"}],"wp:attachment":[{"href":"https:\/\/stoic-curie.212-227-153-4.plesk.page\/pt\/wp-json\/wp\/v2\/media?parent=748020"}],"wp:term":[{"taxonomy":"product_brand","embeddable":true,"href":"https:\/\/stoic-curie.212-227-153-4.plesk.page\/pt\/wp-json\/wp\/v2\/product_brand?post=748020"},{"taxonomy":"product_cat","embeddable":true,"href":"https:\/\/stoic-curie.212-227-153-4.plesk.page\/pt\/wp-json\/wp\/v2\/product_cat?post=748020"},{"taxonomy":"product_tag","embeddable":true,"href":"https:\/\/stoic-curie.212-227-153-4.plesk.page\/pt\/wp-json\/wp\/v2\/product_tag?post=748020"}],"curies":[{"name":"wp","href":"https:\/\/api.w.org\/{rel}","templated":true}]}}