{"id":748022,"date":"2025-03-03T21:02:09","date_gmt":"2025-03-03T20:02:09","guid":{"rendered":"https:\/\/stoic-curie.212-227-153-4.plesk.page\/producto\/cunho-de-conves-modelo-skandia-310mm-em-aco-inoxidavel\/"},"modified":"2026-02-25T00:27:56","modified_gmt":"2026-02-25T00:27:56","slug":"cunho-de-conves-modelo-skandia-310mm-em-aco-inoxidavel","status":"publish","type":"product","link":"https:\/\/stoic-curie.212-227-153-4.plesk.page\/pt\/product\/cunho-de-conves-modelo-skandia-310mm-em-aco-inoxidavel\/","title":{"rendered":"Cunho de Conv\u00e9s Modelo Skandia 310mm em A\u00e7o Inoxid\u00e1vel"},"content":{"rendered":"<p>Cunho de Conv\u00e9s Modelo Skandia 310mm em A\u00e7o Inoxid\u00e1vel &#8211; <\/p>\n<p>Cleat em a\u00e7o inoxid\u00e1vel 316 com formato de bigorna e acabamento polido. 2 orif\u00edcios de montagem m\u00e9tricos ocultos com base estreita. Pode ser montado em espa\u00e7os apertados.<\/p>\n","protected":false},"excerpt":{"rendered":"<p>Cunho de Conv\u00e9s Modelo Skandia 310mm em A\u00e7o Inoxid\u00e1vel &#8211; Cleat em a\u00e7o inoxid\u00e1vel 316 com formato de bigorna e<\/p>\n","protected":false},"featured_media":5941242,"comment_status":"open","ping_status":"closed","template":"","meta":[],"product_brand":[3122],"product_cat":[1991],"product_tag":[],"class_list":{"0":"post-748022","1":"product","2":"type-product","3":"status-publish","4":"has-post-thumbnail","6":"product_brand-marinetech-pt","7":"product_cat-cunhos","9":"first","10":"instock","11":"shipping-taxable","12":"purchasable","13":"product-type-simple"},"_links":{"self":[{"href":"https:\/\/stoic-curie.212-227-153-4.plesk.page\/pt\/wp-json\/wp\/v2\/product\/748022","targetHints":{"allow":["GET"]}}],"collection":[{"href":"https:\/\/stoic-curie.212-227-153-4.plesk.page\/pt\/wp-json\/wp\/v2\/product"}],"about":[{"href":"https:\/\/stoic-curie.212-227-153-4.plesk.page\/pt\/wp-json\/wp\/v2\/types\/product"}],"replies":[{"embeddable":true,"href":"https:\/\/stoic-curie.212-227-153-4.plesk.page\/pt\/wp-json\/wp\/v2\/comments?post=748022"}],"version-history":[{"count":0,"href":"https:\/\/stoic-curie.212-227-153-4.plesk.page\/pt\/wp-json\/wp\/v2\/product\/748022\/revisions"}],"wp:featuredmedia":[{"embeddable":true,"href":"https:\/\/stoic-curie.212-227-153-4.plesk.page\/pt\/wp-json\/wp\/v2\/media\/5941242"}],"wp:attachment":[{"href":"https:\/\/stoic-curie.212-227-153-4.plesk.page\/pt\/wp-json\/wp\/v2\/media?parent=748022"}],"wp:term":[{"taxonomy":"product_brand","embeddable":true,"href":"https:\/\/stoic-curie.212-227-153-4.plesk.page\/pt\/wp-json\/wp\/v2\/product_brand?post=748022"},{"taxonomy":"product_cat","embeddable":true,"href":"https:\/\/stoic-curie.212-227-153-4.plesk.page\/pt\/wp-json\/wp\/v2\/product_cat?post=748022"},{"taxonomy":"product_tag","embeddable":true,"href":"https:\/\/stoic-curie.212-227-153-4.plesk.page\/pt\/wp-json\/wp\/v2\/product_tag?post=748022"}],"curies":[{"name":"wp","href":"https:\/\/api.w.org\/{rel}","templated":true}]}}