{"id":748027,"date":"2025-03-03T21:02:11","date_gmt":"2025-03-03T20:02:11","guid":{"rendered":"https:\/\/stoic-curie.212-227-153-4.plesk.page\/producto\/waeco-coldmachine-12-24v-para-frigorificos-ate-200-litros\/"},"modified":"2026-02-25T00:27:57","modified_gmt":"2026-02-25T00:27:57","slug":"waeco-coldmachine-12-24v-para-frigorificos-ate-200-litros","status":"publish","type":"product","link":"https:\/\/stoic-curie.212-227-153-4.plesk.page\/pt\/product\/waeco-coldmachine-12-24v-para-frigorificos-ate-200-litros\/","title":{"rendered":"Dometic Coldmachine CS-NC15"},"content":{"rendered":"<p>Dometic Coldmachine CS-NC15 &#8211; <\/p>\n<p style=\"color: rgb(34, 34, 34); font-family: Arial, Helvetica, sans-serif; font-size: small;\">Apresentamos nosso sistema de refrigera\u00e7\u00e3o compacto Dometic Coldmachine CS-NC15, projetado com uma grelha de a\u00e7o inoxid\u00e1vel e um evaporador altamente eficiente para circula\u00e7\u00e3o de ar ideal. A unidade de refrigera\u00e7\u00e3o compacta Dometic ColdMachine \u00e9 uma solu\u00e7\u00e3o de alto desempenho que \u00e9 f\u00e1cil de instalar em qualquer geladeira ou c\u00e2mara fria de at\u00e9 200 litros com 2 cm de isolamento. Basta perfurar e conectar \u00e0 bateria para uma configura\u00e7\u00e3o r\u00e1pida.<\/p>\n<p style=\"color: rgb(34, 34, 34); font-family: Arial, Helvetica, sans-serif; font-size: small;\">Este sistema oferece r\u00e1pida circula\u00e7\u00e3o de ar e conta com controle de termostato, prote\u00e7\u00e3o contra sobrecarga e desligamento autom\u00e1tico em baixa tens\u00e3o. Al\u00e9m disso, nossos evaporadores f\u00e1ceis de montar melhoram a circula\u00e7\u00e3o do ar, garantindo um excelente desempenho de refrigera\u00e7\u00e3o enquanto minimizam o consumo de energia. O controle de temperatura do termostato totalmente vari\u00e1vel aumenta ainda mais a efici\u00eancia, e a prote\u00e7\u00e3o integrada contra desconex\u00e3o de baixa tens\u00e3o protege seu sistema.<\/p>\n<p style=\"color: rgb(34, 34, 34); font-family: Arial, Helvetica, sans-serif; font-size: small;\">A capacidade de refrigera\u00e7\u00e3o \u00e9 impressionante, com capacidade para at\u00e9 200 litros com isolamento de PU de 35 mm ou 250 litros com isolamento de PU de 50 mm. Isso a torna adequada para a maioria dos refrigeradores. O Dometic ColdMachine CS-NC15 apresenta um design compacto e alta efici\u00eancia, gra\u00e7as aos seus evaporadores que melhoram a circula\u00e7\u00e3o do ar e ao termostato ajust\u00e1vel.<\/p>\n<p style=\"color: rgb(34, 34, 34); font-family: Arial, Helvetica, sans-serif; font-size: small;\">Principais caracter\u00edsticas:<\/p>\n<ul style=\"color: rgb(34, 34, 34); font-family: Arial, Helvetica, sans-serif; font-size: small;\">\n<li>Capacidades de refrigera\u00e7\u00e3o: M\u00e1ximo de 200 litros com isolamento de PU de 35 mm \/ M\u00e1ximo de 250 litros com isolamento de PU de 50 mm<\/li>\n<li>Fonte de alimenta\u00e7\u00e3o: 12 \/ 24 volts DC<\/li>\n<li>Consumo de energia: 60 watts<\/li>\n<li>Consumo de corrente: 2 A\/h para isolamento de PU de 35 mm \/ 1,5 A\/h para isolamento de PU de 50 mm (medido a +5\u00b0C de temperatura interna e +32\u00b0C de temperatura ambiente com capacidade de refrigera\u00e7\u00e3o m\u00e9dia)<\/li>\n<li>Dimens\u00f5es (LxAxP): 258 x 363 x 227 mm<\/li>\n<li>Peso: 8,5 kg<\/li>\n<li>Cor: Branco<\/li>\n<\/ul>\n<p style=\"color: rgb(34, 34, 34); font-family: Arial, Helvetica, sans-serif; font-size: small;\">Experimente refrigera\u00e7\u00e3o confi\u00e1vel com a nossa unidade de refrigera\u00e7\u00e3o compacta CS-NC15, projetada para f\u00e1cil instala\u00e7\u00e3o e desempenho eficiente<\/p>\n","protected":false},"excerpt":{"rendered":"<p>Dometic Coldmachine CS-NC15 &#8211; Apresentamos nosso sistema de refrigera\u00e7\u00e3o compacto Dometic Coldmachine CS-NC15, projetado com uma grelha de a\u00e7o inoxid\u00e1vel<\/p>\n","protected":false},"featured_media":5941269,"comment_status":"open","ping_status":"closed","template":"","meta":[],"product_brand":[2897],"product_cat":[2038],"product_tag":[],"class_list":{"0":"post-748027","1":"product","2":"type-product","3":"status-publish","4":"has-post-thumbnail","6":"product_brand-dometic-pt","7":"product_cat-frigorificos-e-congeladores","9":"first","10":"instock","11":"shipping-taxable","12":"purchasable","13":"product-type-simple"},"_links":{"self":[{"href":"https:\/\/stoic-curie.212-227-153-4.plesk.page\/pt\/wp-json\/wp\/v2\/product\/748027","targetHints":{"allow":["GET"]}}],"collection":[{"href":"https:\/\/stoic-curie.212-227-153-4.plesk.page\/pt\/wp-json\/wp\/v2\/product"}],"about":[{"href":"https:\/\/stoic-curie.212-227-153-4.plesk.page\/pt\/wp-json\/wp\/v2\/types\/product"}],"replies":[{"embeddable":true,"href":"https:\/\/stoic-curie.212-227-153-4.plesk.page\/pt\/wp-json\/wp\/v2\/comments?post=748027"}],"version-history":[{"count":0,"href":"https:\/\/stoic-curie.212-227-153-4.plesk.page\/pt\/wp-json\/wp\/v2\/product\/748027\/revisions"}],"wp:featuredmedia":[{"embeddable":true,"href":"https:\/\/stoic-curie.212-227-153-4.plesk.page\/pt\/wp-json\/wp\/v2\/media\/5941269"}],"wp:attachment":[{"href":"https:\/\/stoic-curie.212-227-153-4.plesk.page\/pt\/wp-json\/wp\/v2\/media?parent=748027"}],"wp:term":[{"taxonomy":"product_brand","embeddable":true,"href":"https:\/\/stoic-curie.212-227-153-4.plesk.page\/pt\/wp-json\/wp\/v2\/product_brand?post=748027"},{"taxonomy":"product_cat","embeddable":true,"href":"https:\/\/stoic-curie.212-227-153-4.plesk.page\/pt\/wp-json\/wp\/v2\/product_cat?post=748027"},{"taxonomy":"product_tag","embeddable":true,"href":"https:\/\/stoic-curie.212-227-153-4.plesk.page\/pt\/wp-json\/wp\/v2\/product_tag?post=748027"}],"curies":[{"name":"wp","href":"https:\/\/api.w.org\/{rel}","templated":true}]}}