{"id":748030,"date":"2025-03-03T21:05:18","date_gmt":"2025-03-03T20:05:18","guid":{"rendered":"https:\/\/stoic-curie.212-227-153-4.plesk.page\/producto\/inversor-waeco-sinepower-dsp1024-1000w-24v\/"},"modified":"2026-02-25T00:27:57","modified_gmt":"2026-02-25T00:27:57","slug":"inversor-waeco-sinepower-dsp1024-1000w-24v","status":"publish","type":"product","link":"https:\/\/stoic-curie.212-227-153-4.plesk.page\/pt\/product\/inversor-waeco-sinepower-dsp1024-1000w-24v\/","title":{"rendered":"Inversor Waeco SinePower DSP1024 1000W 24v"},"content":{"rendered":"<p>Inversor Waeco SinePower DSP1024 1000W 24v &#8211; <\/p>\n<p>Inversor Dometic SinePower profissional que converte a corrente cont\u00ednua da bateria de 12\/24V em corrente alternada de 220V com onda senoidal verdadeira. Perfeito para alimentar todos os eletr\u00f4nicos sens\u00edveis e dispositivos el\u00e9tricos. Equipado com modo de espera econ\u00f4mica, circuitos inteligentes, design compacto e peso reduzido.<\/p>\n","protected":false},"excerpt":{"rendered":"<p>Inversor Waeco SinePower DSP1024 1000W 24v &#8211; Inversor Dometic SinePower profissional que converte a corrente cont\u00ednua da bateria de 12\/24V<\/p>\n","protected":false},"featured_media":5941271,"comment_status":"open","ping_status":"closed","template":"","meta":[],"product_brand":[2897],"product_cat":[2029],"product_tag":[],"class_list":{"0":"post-748030","1":"product","2":"type-product","3":"status-publish","4":"has-post-thumbnail","6":"product_brand-dometic-pt","7":"product_cat-inversores-de-corrente","9":"first","10":"instock","11":"shipping-taxable","12":"purchasable","13":"product-type-simple"},"_links":{"self":[{"href":"https:\/\/stoic-curie.212-227-153-4.plesk.page\/pt\/wp-json\/wp\/v2\/product\/748030","targetHints":{"allow":["GET"]}}],"collection":[{"href":"https:\/\/stoic-curie.212-227-153-4.plesk.page\/pt\/wp-json\/wp\/v2\/product"}],"about":[{"href":"https:\/\/stoic-curie.212-227-153-4.plesk.page\/pt\/wp-json\/wp\/v2\/types\/product"}],"replies":[{"embeddable":true,"href":"https:\/\/stoic-curie.212-227-153-4.plesk.page\/pt\/wp-json\/wp\/v2\/comments?post=748030"}],"version-history":[{"count":0,"href":"https:\/\/stoic-curie.212-227-153-4.plesk.page\/pt\/wp-json\/wp\/v2\/product\/748030\/revisions"}],"wp:featuredmedia":[{"embeddable":true,"href":"https:\/\/stoic-curie.212-227-153-4.plesk.page\/pt\/wp-json\/wp\/v2\/media\/5941271"}],"wp:attachment":[{"href":"https:\/\/stoic-curie.212-227-153-4.plesk.page\/pt\/wp-json\/wp\/v2\/media?parent=748030"}],"wp:term":[{"taxonomy":"product_brand","embeddable":true,"href":"https:\/\/stoic-curie.212-227-153-4.plesk.page\/pt\/wp-json\/wp\/v2\/product_brand?post=748030"},{"taxonomy":"product_cat","embeddable":true,"href":"https:\/\/stoic-curie.212-227-153-4.plesk.page\/pt\/wp-json\/wp\/v2\/product_cat?post=748030"},{"taxonomy":"product_tag","embeddable":true,"href":"https:\/\/stoic-curie.212-227-153-4.plesk.page\/pt\/wp-json\/wp\/v2\/product_tag?post=748030"}],"curies":[{"name":"wp","href":"https:\/\/api.w.org\/{rel}","templated":true}]}}