{"id":748031,"date":"2025-03-03T21:05:21","date_gmt":"2025-03-03T20:05:21","guid":{"rendered":"https:\/\/stoic-curie.212-227-153-4.plesk.page\/producto\/inversor-profissional-waeco-sinepower-dsp1512-1500w-12v\/"},"modified":"2026-02-25T00:27:57","modified_gmt":"2026-02-25T00:27:57","slug":"inversor-profissional-waeco-sinepower-dsp1512-1500w-12v","status":"publish","type":"product","link":"https:\/\/stoic-curie.212-227-153-4.plesk.page\/pt\/product\/inversor-profissional-waeco-sinepower-dsp1512-1500w-12v\/","title":{"rendered":"Inversor Profissional Waeco SinePower DSP1512 1500W 12v"},"content":{"rendered":"<p>Inversor Profissional Waeco SinePower DSP1512 1500W 12v &#8211; <\/p>\n<p>Inversor Dometic SinePower profissional que converte a corrente cont\u00ednua de 12\/24V da bateria em corrente alternada de 220V com onda senoidal verdadeira. Perfeito para alimentar toda a eletr\u00f4nica sens\u00edvel e dispositivos el\u00e9tricos. Dotado de modo de espera econ\u00f4mico e circuitos inteligentes. Os modelos 1812-24T, 2312-24T e 3512-24T est\u00e3o equipados com um circuito de prioridade principal integrado.<\/p>\n","protected":false},"excerpt":{"rendered":"<p>Inversor Profissional Waeco SinePower DSP1512 1500W 12v &#8211; Inversor Dometic SinePower profissional que converte a corrente cont\u00ednua de 12\/24V da<\/p>\n","protected":false},"featured_media":5941272,"comment_status":"open","ping_status":"closed","template":"","meta":[],"product_brand":[2897],"product_cat":[2029],"product_tag":[],"class_list":{"0":"post-748031","1":"product","2":"type-product","3":"status-publish","4":"has-post-thumbnail","6":"product_brand-dometic-pt","7":"product_cat-inversores-de-corrente","9":"first","10":"instock","11":"shipping-taxable","12":"purchasable","13":"product-type-simple"},"_links":{"self":[{"href":"https:\/\/stoic-curie.212-227-153-4.plesk.page\/pt\/wp-json\/wp\/v2\/product\/748031","targetHints":{"allow":["GET"]}}],"collection":[{"href":"https:\/\/stoic-curie.212-227-153-4.plesk.page\/pt\/wp-json\/wp\/v2\/product"}],"about":[{"href":"https:\/\/stoic-curie.212-227-153-4.plesk.page\/pt\/wp-json\/wp\/v2\/types\/product"}],"replies":[{"embeddable":true,"href":"https:\/\/stoic-curie.212-227-153-4.plesk.page\/pt\/wp-json\/wp\/v2\/comments?post=748031"}],"version-history":[{"count":0,"href":"https:\/\/stoic-curie.212-227-153-4.plesk.page\/pt\/wp-json\/wp\/v2\/product\/748031\/revisions"}],"wp:featuredmedia":[{"embeddable":true,"href":"https:\/\/stoic-curie.212-227-153-4.plesk.page\/pt\/wp-json\/wp\/v2\/media\/5941272"}],"wp:attachment":[{"href":"https:\/\/stoic-curie.212-227-153-4.plesk.page\/pt\/wp-json\/wp\/v2\/media?parent=748031"}],"wp:term":[{"taxonomy":"product_brand","embeddable":true,"href":"https:\/\/stoic-curie.212-227-153-4.plesk.page\/pt\/wp-json\/wp\/v2\/product_brand?post=748031"},{"taxonomy":"product_cat","embeddable":true,"href":"https:\/\/stoic-curie.212-227-153-4.plesk.page\/pt\/wp-json\/wp\/v2\/product_cat?post=748031"},{"taxonomy":"product_tag","embeddable":true,"href":"https:\/\/stoic-curie.212-227-153-4.plesk.page\/pt\/wp-json\/wp\/v2\/product_tag?post=748031"}],"curies":[{"name":"wp","href":"https:\/\/api.w.org\/{rel}","templated":true}]}}