{"id":748034,"date":"2025-03-03T21:05:22","date_gmt":"2025-03-03T20:05:22","guid":{"rendered":"https:\/\/stoic-curie.212-227-153-4.plesk.page\/producto\/inversor-profissional-waeco-sinepower-dsp2312t-2300w-12v\/"},"modified":"2026-02-25T00:27:57","modified_gmt":"2026-02-25T00:27:57","slug":"inversor-profissional-waeco-sinepower-dsp2312t-2300w-12v","status":"publish","type":"product","link":"https:\/\/stoic-curie.212-227-153-4.plesk.page\/pt\/product\/inversor-profissional-waeco-sinepower-dsp2312t-2300w-12v\/","title":{"rendered":"Inversor Profissional Waeco SinePower DSP2312T 2300W 12v"},"content":{"rendered":"<p>Inversor Profissional Waeco SinePower DSP2312T 2300W 12v &#8211; <\/p>\n<p>Apresentando o inversor Dometic SinePower DSP2312T, um dispositivo premium projetado para converter corrente cont\u00ednua de 12V da sua bateria em corrente alternada de 230V, oferecendo uma sa\u00edda de onda senoidal verdadeira. Este inversor \u00e9 particularmente habilidoso em alimentar eletr\u00f4nicos sens\u00edveis e v\u00e1rios aparelhos el\u00e9tricos, garantindo seu funcionamento seguro e eficiente sem o risco de danos ou falhas.<\/p>\n<p>Um recurso not\u00e1vel deste inversor \u00e9 seu modo de Espera Inteligente, que reduz significativamente o consumo de energia quando o dispositivo n\u00e3o est\u00e1 em uso ativo. Isso n\u00e3o s\u00f3 conserva energia, mas tamb\u00e9m prolonga a vida \u00fatil do inversor, tornando-o uma escolha ecologicamente correta. A interface amig\u00e1vel do usu\u00e1rio facilita o manuseio e o controle, tornando-o acess\u00edvel para usu\u00e1rios de todos os n\u00edveis de experi\u00eancia.<\/p>\n<p>O inversor \u00e9 compat\u00edvel com CI-Bus, permitindo a integra\u00e7\u00e3o perfeita com o sistema el\u00e9trico existente do seu ve\u00edculo. Essa compatibilidade garante que o inversor funcione harmoniosamente com outros componentes, melhorando a funcionalidade geral da sua configura\u00e7\u00e3o. Al\u00e9m disso, inclui um circuito de prioridade de rede integrado com sincroniza\u00e7\u00e3o de voltagem, o que garante desempenho confi\u00e1vel sob v\u00e1rias condi\u00e7\u00f5es. Com uma ampla faixa de tens\u00e3o de entrada DC, este inversor \u00e9 particularmente adequado para ve\u00edculos que atendem \u00e0s regulamenta\u00e7\u00f5es de emiss\u00f5es EURO 6, fazendo dele uma escolha respons\u00e1vel para consumidores conscientes do meio ambiente.<\/p>\n<p>Al\u00e9m disso, o inversor opera silenciosamente, pois possui um ventilador que ajusta inteligentemente sua velocidade com base na carga. Essa capacidade n\u00e3o apenas aumenta a efici\u00eancia do inversor, mas tamb\u00e9m melhora a experi\u00eancia geral do usu\u00e1rio, permitindo que voc\u00ea desfrute dos benef\u00edcios de seus dispositivos el\u00e9tricos sem a distra\u00e7\u00e3o de ru\u00eddos excessivos. Em resumo, o inversor Dometic SinePower \u00e9 uma excelente op\u00e7\u00e3o para propriet\u00e1rios de barcos que buscam uma solu\u00e7\u00e3o de energia confi\u00e1vel e eficiente para suas necessidades eletr\u00f4nicas.<\/p>\n","protected":false},"excerpt":{"rendered":"<p>Inversor Profissional Waeco SinePower DSP2312T 2300W 12v &#8211; Apresentando o inversor Dometic SinePower DSP2312T, um dispositivo premium projetado para converter<\/p>\n","protected":false},"featured_media":5941272,"comment_status":"open","ping_status":"closed","template":"","meta":[],"product_brand":[2897],"product_cat":[2029],"product_tag":[],"class_list":{"0":"post-748034","1":"product","2":"type-product","3":"status-publish","4":"has-post-thumbnail","6":"product_brand-dometic-pt","7":"product_cat-inversores-de-corrente","9":"first","10":"instock","11":"shipping-taxable","12":"purchasable","13":"product-type-simple"},"_links":{"self":[{"href":"https:\/\/stoic-curie.212-227-153-4.plesk.page\/pt\/wp-json\/wp\/v2\/product\/748034","targetHints":{"allow":["GET"]}}],"collection":[{"href":"https:\/\/stoic-curie.212-227-153-4.plesk.page\/pt\/wp-json\/wp\/v2\/product"}],"about":[{"href":"https:\/\/stoic-curie.212-227-153-4.plesk.page\/pt\/wp-json\/wp\/v2\/types\/product"}],"replies":[{"embeddable":true,"href":"https:\/\/stoic-curie.212-227-153-4.plesk.page\/pt\/wp-json\/wp\/v2\/comments?post=748034"}],"version-history":[{"count":0,"href":"https:\/\/stoic-curie.212-227-153-4.plesk.page\/pt\/wp-json\/wp\/v2\/product\/748034\/revisions"}],"wp:featuredmedia":[{"embeddable":true,"href":"https:\/\/stoic-curie.212-227-153-4.plesk.page\/pt\/wp-json\/wp\/v2\/media\/5941272"}],"wp:attachment":[{"href":"https:\/\/stoic-curie.212-227-153-4.plesk.page\/pt\/wp-json\/wp\/v2\/media?parent=748034"}],"wp:term":[{"taxonomy":"product_brand","embeddable":true,"href":"https:\/\/stoic-curie.212-227-153-4.plesk.page\/pt\/wp-json\/wp\/v2\/product_brand?post=748034"},{"taxonomy":"product_cat","embeddable":true,"href":"https:\/\/stoic-curie.212-227-153-4.plesk.page\/pt\/wp-json\/wp\/v2\/product_cat?post=748034"},{"taxonomy":"product_tag","embeddable":true,"href":"https:\/\/stoic-curie.212-227-153-4.plesk.page\/pt\/wp-json\/wp\/v2\/product_tag?post=748034"}],"curies":[{"name":"wp","href":"https:\/\/api.w.org\/{rel}","templated":true}]}}