{"id":748036,"date":"2025-03-03T21:05:23","date_gmt":"2025-03-03T20:05:23","guid":{"rendered":"https:\/\/stoic-curie.212-227-153-4.plesk.page\/producto\/regulador-de-carga-para-paineis-solares-240-480w-2-baterias\/"},"modified":"2026-02-25T00:27:57","modified_gmt":"2026-02-25T00:27:57","slug":"regulador-de-carga-para-paineis-solares-240-480w-2-baterias","status":"publish","type":"product","link":"https:\/\/stoic-curie.212-227-153-4.plesk.page\/pt\/product\/regulador-de-carga-para-paineis-solares-240-480w-2-baterias\/","title":{"rendered":"Regulador de Carga para Pain\u00e9is Solares 240\/480W 2 Baterias"},"content":{"rendered":"<p>Regulador de Carga para Pain\u00e9is Solares 240\/480W 2 Baterias &#8211; <\/p>\n<p>Controlador de carga solar para pain\u00e9is e sistemas fotovoltaicos. Carregamento em 3 est\u00e1gios com tecnologia PWM para transferir corretamente a corrente do painel para dois bancos de baterias. Adequado para qualquer bateria de chumbo-\u00e1cido, incluindo AGM e gel. N\u00e3o \u00e9 compat\u00edvel com baterias de litio e NiMH. Completo com display, bot\u00e3o de ajuste de carga, sensor de temperatura, conector RJ45 de 8 pinos e prote\u00e7\u00e3o contra curto-circuito, sobretens\u00e3o e polaridade inversa.<\/p>\n","protected":false},"excerpt":{"rendered":"<p>Regulador de Carga para Pain\u00e9is Solares 240\/480W 2 Baterias &#8211; Controlador de carga solar para pain\u00e9is e sistemas fotovoltaicos. Carregamento<\/p>\n","protected":false},"featured_media":5941273,"comment_status":"open","ping_status":"closed","template":"","meta":[],"product_brand":[2832],"product_cat":[2036],"product_tag":[],"class_list":{"0":"post-748036","1":"product","2":"type-product","3":"status-publish","4":"has-post-thumbnail","6":"product_brand-blue-sea-systems-pt","7":"product_cat-paineis-solares","9":"first","10":"instock","11":"shipping-taxable","12":"purchasable","13":"product-type-simple"},"_links":{"self":[{"href":"https:\/\/stoic-curie.212-227-153-4.plesk.page\/pt\/wp-json\/wp\/v2\/product\/748036","targetHints":{"allow":["GET"]}}],"collection":[{"href":"https:\/\/stoic-curie.212-227-153-4.plesk.page\/pt\/wp-json\/wp\/v2\/product"}],"about":[{"href":"https:\/\/stoic-curie.212-227-153-4.plesk.page\/pt\/wp-json\/wp\/v2\/types\/product"}],"replies":[{"embeddable":true,"href":"https:\/\/stoic-curie.212-227-153-4.plesk.page\/pt\/wp-json\/wp\/v2\/comments?post=748036"}],"version-history":[{"count":0,"href":"https:\/\/stoic-curie.212-227-153-4.plesk.page\/pt\/wp-json\/wp\/v2\/product\/748036\/revisions"}],"wp:featuredmedia":[{"embeddable":true,"href":"https:\/\/stoic-curie.212-227-153-4.plesk.page\/pt\/wp-json\/wp\/v2\/media\/5941273"}],"wp:attachment":[{"href":"https:\/\/stoic-curie.212-227-153-4.plesk.page\/pt\/wp-json\/wp\/v2\/media?parent=748036"}],"wp:term":[{"taxonomy":"product_brand","embeddable":true,"href":"https:\/\/stoic-curie.212-227-153-4.plesk.page\/pt\/wp-json\/wp\/v2\/product_brand?post=748036"},{"taxonomy":"product_cat","embeddable":true,"href":"https:\/\/stoic-curie.212-227-153-4.plesk.page\/pt\/wp-json\/wp\/v2\/product_cat?post=748036"},{"taxonomy":"product_tag","embeddable":true,"href":"https:\/\/stoic-curie.212-227-153-4.plesk.page\/pt\/wp-json\/wp\/v2\/product_tag?post=748036"}],"curies":[{"name":"wp","href":"https:\/\/api.w.org\/{rel}","templated":true}]}}