{"id":748037,"date":"2025-03-03T21:05:23","date_gmt":"2025-03-03T20:05:23","guid":{"rendered":"https:\/\/stoic-curie.212-227-153-4.plesk.page\/producto\/anodos-de-colar-em-aluminio-martyr-75mm\/"},"modified":"2026-02-25T00:27:57","modified_gmt":"2026-02-25T00:27:57","slug":"anodos-de-colar-em-aluminio-martyr-75mm","status":"publish","type":"product","link":"https:\/\/stoic-curie.212-227-153-4.plesk.page\/pt\/product\/anodos-de-colar-em-aluminio-martyr-75mm\/","title":{"rendered":"\u00c2nodos de Colar em Alum\u00ednio Martyr 75mm"},"content":{"rendered":"<p>\u00c2nodos de Colar em Alum\u00ednio Martyr 75mm &#8211; <\/p>\n<p>\u00c2nodos de colar eixo m\u00e9trico de propulsor em liga de alum\u00ednio M2 da Martyr.<br \/>\u2022 Protege 50% mais que \u00e2nodos de zinco tradicionais<br \/>\u2022 Pesam 50% menos que \u00e2nodos de zinco tradicionais<\/p>\n","protected":false},"excerpt":{"rendered":"<p>\u00c2nodos de Colar em Alum\u00ednio Martyr 75mm &#8211; \u00c2nodos de colar eixo m\u00e9trico de propulsor em liga de alum\u00ednio M2<\/p>\n","protected":false},"featured_media":5937541,"comment_status":"open","ping_status":"closed","template":"","meta":[],"product_brand":[3127,2237],"product_cat":[1926],"product_tag":[],"class_list":{"0":"post-748037","1":"product","2":"type-product","3":"status-publish","4":"has-post-thumbnail","6":"product_brand-martyr-pt","7":"product_brand-martyr","8":"product_cat-anodos-de-veio","10":"first","11":"instock","12":"shipping-taxable","13":"purchasable","14":"product-type-simple"},"_links":{"self":[{"href":"https:\/\/stoic-curie.212-227-153-4.plesk.page\/pt\/wp-json\/wp\/v2\/product\/748037","targetHints":{"allow":["GET"]}}],"collection":[{"href":"https:\/\/stoic-curie.212-227-153-4.plesk.page\/pt\/wp-json\/wp\/v2\/product"}],"about":[{"href":"https:\/\/stoic-curie.212-227-153-4.plesk.page\/pt\/wp-json\/wp\/v2\/types\/product"}],"replies":[{"embeddable":true,"href":"https:\/\/stoic-curie.212-227-153-4.plesk.page\/pt\/wp-json\/wp\/v2\/comments?post=748037"}],"version-history":[{"count":0,"href":"https:\/\/stoic-curie.212-227-153-4.plesk.page\/pt\/wp-json\/wp\/v2\/product\/748037\/revisions"}],"wp:featuredmedia":[{"embeddable":true,"href":"https:\/\/stoic-curie.212-227-153-4.plesk.page\/pt\/wp-json\/wp\/v2\/media\/5937541"}],"wp:attachment":[{"href":"https:\/\/stoic-curie.212-227-153-4.plesk.page\/pt\/wp-json\/wp\/v2\/media?parent=748037"}],"wp:term":[{"taxonomy":"product_brand","embeddable":true,"href":"https:\/\/stoic-curie.212-227-153-4.plesk.page\/pt\/wp-json\/wp\/v2\/product_brand?post=748037"},{"taxonomy":"product_cat","embeddable":true,"href":"https:\/\/stoic-curie.212-227-153-4.plesk.page\/pt\/wp-json\/wp\/v2\/product_cat?post=748037"},{"taxonomy":"product_tag","embeddable":true,"href":"https:\/\/stoic-curie.212-227-153-4.plesk.page\/pt\/wp-json\/wp\/v2\/product_tag?post=748037"}],"curies":[{"name":"wp","href":"https:\/\/api.w.org\/{rel}","templated":true}]}}