{"id":748039,"date":"2025-03-03T21:05:24","date_gmt":"2025-03-03T20:05:24","guid":{"rendered":"https:\/\/stoic-curie.212-227-153-4.plesk.page\/producto\/bussola-de-navegacao-riviera-zenith-bz1-embutida-cinza-padrao\/"},"modified":"2026-02-25T00:27:57","modified_gmt":"2026-02-25T00:27:57","slug":"bussola-de-navegacao-riviera-zenith-bz1-embutida-cinza-padrao","status":"publish","type":"product","link":"https:\/\/stoic-curie.212-227-153-4.plesk.page\/pt\/product\/bussola-de-navegacao-riviera-zenith-bz1-embutida-cinza-padrao\/","title":{"rendered":"B\u00fassola de Navega\u00e7\u00e3o Riviera Zenith BZ1 embutida &#8211; Cinza &#8211; Padr\u00e3o"},"content":{"rendered":"<p>B\u00fassola de Navega\u00e7\u00e3o Riviera Zenith BZ1 embutida &#8211; Cinza &#8211; Padr\u00e3o &#8211; <\/p>\n<p>Compasso embutido Zenith BZ1 com tela antirreflexo. Vers\u00e3o padr\u00e3o e de alta velocidade para barcos r\u00e1pidos. \u2022 Configura\u00e7\u00e3o de compensa\u00e7\u00e3o incorporada \u2022 Gimbal interno \u2022 Ilumina\u00e7\u00e3o: 12V (24V a pedido) \u2022 Di\u00e2metro aparente do cart\u00e3o 3&#8243; &#8211; 80 mm \u2022 Leitura reversa (gradua\u00e7\u00e3o do cart\u00e3o 5\u00b0) \u2022 Para barcos padr\u00e3o e de alta velocidade \u2022 Garantia de 3 anos * Certifica\u00e7\u00e3o MED (se necess\u00e1rio) deve ser solicitada antes da compra.<\/p>\n","protected":false},"excerpt":{"rendered":"<p>B\u00fassola de Navega\u00e7\u00e3o Riviera Zenith BZ1 embutida &#8211; Cinza &#8211; Padr\u00e3o &#8211; Compasso embutido Zenith BZ1 com tela antirreflexo. Vers\u00e3o<\/p>\n","protected":false},"featured_media":5941337,"comment_status":"open","ping_status":"closed","template":"","meta":[],"product_brand":[3307],"product_cat":[2067],"product_tag":[],"class_list":{"0":"post-748039","1":"product","2":"type-product","3":"status-publish","4":"has-post-thumbnail","6":"product_brand-riviera-pt","7":"product_cat-bussola-de-navegacao","9":"first","10":"instock","11":"shipping-taxable","12":"purchasable","13":"product-type-simple"},"_links":{"self":[{"href":"https:\/\/stoic-curie.212-227-153-4.plesk.page\/pt\/wp-json\/wp\/v2\/product\/748039","targetHints":{"allow":["GET"]}}],"collection":[{"href":"https:\/\/stoic-curie.212-227-153-4.plesk.page\/pt\/wp-json\/wp\/v2\/product"}],"about":[{"href":"https:\/\/stoic-curie.212-227-153-4.plesk.page\/pt\/wp-json\/wp\/v2\/types\/product"}],"replies":[{"embeddable":true,"href":"https:\/\/stoic-curie.212-227-153-4.plesk.page\/pt\/wp-json\/wp\/v2\/comments?post=748039"}],"version-history":[{"count":0,"href":"https:\/\/stoic-curie.212-227-153-4.plesk.page\/pt\/wp-json\/wp\/v2\/product\/748039\/revisions"}],"wp:featuredmedia":[{"embeddable":true,"href":"https:\/\/stoic-curie.212-227-153-4.plesk.page\/pt\/wp-json\/wp\/v2\/media\/5941337"}],"wp:attachment":[{"href":"https:\/\/stoic-curie.212-227-153-4.plesk.page\/pt\/wp-json\/wp\/v2\/media?parent=748039"}],"wp:term":[{"taxonomy":"product_brand","embeddable":true,"href":"https:\/\/stoic-curie.212-227-153-4.plesk.page\/pt\/wp-json\/wp\/v2\/product_brand?post=748039"},{"taxonomy":"product_cat","embeddable":true,"href":"https:\/\/stoic-curie.212-227-153-4.plesk.page\/pt\/wp-json\/wp\/v2\/product_cat?post=748039"},{"taxonomy":"product_tag","embeddable":true,"href":"https:\/\/stoic-curie.212-227-153-4.plesk.page\/pt\/wp-json\/wp\/v2\/product_tag?post=748039"}],"curies":[{"name":"wp","href":"https:\/\/api.w.org\/{rel}","templated":true}]}}