{"id":748042,"date":"2025-03-03T21:05:25","date_gmt":"2025-03-03T20:05:25","guid":{"rendered":"https:\/\/stoic-curie.212-227-153-4.plesk.page\/producto\/guincho-quick-custom-line-cl3-1000w-12v-sem-tambor-corrente-de-8mm\/"},"modified":"2026-02-25T00:27:57","modified_gmt":"2026-02-25T00:27:57","slug":"guincho-quick-custom-line-cl3-1000w-12v-sem-tambor-corrente-de-8mm","status":"publish","type":"product","link":"https:\/\/stoic-curie.212-227-153-4.plesk.page\/pt\/product\/guincho-quick-custom-line-cl3-1000w-12v-sem-tambor-corrente-de-8mm\/","title":{"rendered":"Guincho Quick Custom Line CL3 1000W 12v Sem Tambor &#8211; Corrente de 8mm"},"content":{"rendered":"<p>Guincho Quick Custom Line CL3 1000W 12v Sem Tambor &#8211; Corrente de 8mm &#8211; <\/p>\n<p>Apresentando o Windlass Quick Custom Line CL3 1000W 12V Sem Tambor, projetado especificamente para uso com corrente de 8 mm. Este excepcional guincho \u00e9 um sistema de ancoragem r\u00e1pido de corda e corrente que combina efici\u00eancia com durabilidade, apresentando componentes de bronze e a\u00e7o inoxid\u00e1vel de alta qualidade que garantem um desempenho duradouro. Uma das caracter\u00edsticas mais not\u00e1veis deste guincho \u00e9 seu sistema manual de queda livre de corrente, que permite uma opera\u00e7\u00e3o sem esfor\u00e7o, facilitando a gest\u00e3o das suas necessidades de ancoragem.<\/p>\n<p>O guincho \u00e9 constru\u00eddo com uma base e carca\u00e7a robustas em a\u00e7o inoxid\u00e1vel, proporcionando a for\u00e7a e durabilidade necess\u00e1rias para ambientes marinhos. Al\u00e9m disso, est\u00e1 equipado com um motor \u00e0 prova d&#8217;\u00e1gua IP67, o que significa que pode resistir a diversas condi\u00e7\u00f5es marinhas, garantindo opera\u00e7\u00e3o confi\u00e1vel mesmo em condi\u00e7\u00f5es clim\u00e1ticas desafiadoras.<\/p>\n<p>O pacote inclui uma caixa de controle e uma al\u00e7a, permitindo uma instala\u00e7\u00e3o e uso simples. No entanto, \u00e9 importante notar que os guinchos da s\u00e9rie econ\u00f4mica Custom Line n\u00e3o v\u00eam com um sensor de contador de corrente. Este guincho \u00e9 uma excelente escolha para entusiastas de barcos que procuram uma solu\u00e7\u00e3o de ancoragem confi\u00e1vel e eficiente que possa resistir ao teste do tempo e dos elementos.<\/p>\n","protected":false},"excerpt":{"rendered":"<p>Guincho Quick Custom Line CL3 1000W 12v Sem Tambor &#8211; Corrente de 8mm &#8211; Apresentando o Windlass Quick Custom Line<\/p>\n","protected":false},"featured_media":5941346,"comment_status":"open","ping_status":"closed","template":"","meta":[],"product_brand":[3282],"product_cat":[1898],"product_tag":[],"class_list":{"0":"post-748042","1":"product","2":"type-product","3":"status-publish","4":"has-post-thumbnail","6":"product_brand-quick-pt","7":"product_cat-molinetes-quick-amarracao-e-fundear","9":"first","10":"instock","11":"shipping-taxable","12":"purchasable","13":"product-type-simple"},"_links":{"self":[{"href":"https:\/\/stoic-curie.212-227-153-4.plesk.page\/pt\/wp-json\/wp\/v2\/product\/748042","targetHints":{"allow":["GET"]}}],"collection":[{"href":"https:\/\/stoic-curie.212-227-153-4.plesk.page\/pt\/wp-json\/wp\/v2\/product"}],"about":[{"href":"https:\/\/stoic-curie.212-227-153-4.plesk.page\/pt\/wp-json\/wp\/v2\/types\/product"}],"replies":[{"embeddable":true,"href":"https:\/\/stoic-curie.212-227-153-4.plesk.page\/pt\/wp-json\/wp\/v2\/comments?post=748042"}],"version-history":[{"count":0,"href":"https:\/\/stoic-curie.212-227-153-4.plesk.page\/pt\/wp-json\/wp\/v2\/product\/748042\/revisions"}],"wp:featuredmedia":[{"embeddable":true,"href":"https:\/\/stoic-curie.212-227-153-4.plesk.page\/pt\/wp-json\/wp\/v2\/media\/5941346"}],"wp:attachment":[{"href":"https:\/\/stoic-curie.212-227-153-4.plesk.page\/pt\/wp-json\/wp\/v2\/media?parent=748042"}],"wp:term":[{"taxonomy":"product_brand","embeddable":true,"href":"https:\/\/stoic-curie.212-227-153-4.plesk.page\/pt\/wp-json\/wp\/v2\/product_brand?post=748042"},{"taxonomy":"product_cat","embeddable":true,"href":"https:\/\/stoic-curie.212-227-153-4.plesk.page\/pt\/wp-json\/wp\/v2\/product_cat?post=748042"},{"taxonomy":"product_tag","embeddable":true,"href":"https:\/\/stoic-curie.212-227-153-4.plesk.page\/pt\/wp-json\/wp\/v2\/product_tag?post=748042"}],"curies":[{"name":"wp","href":"https:\/\/api.w.org\/{rel}","templated":true}]}}