{"id":748043,"date":"2025-03-03T21:05:25","date_gmt":"2025-03-03T20:05:25","guid":{"rendered":"https:\/\/stoic-curie.212-227-153-4.plesk.page\/producto\/guincho-quick-prince-dp3-1000w-12v-sem-tambor-corrente-de-8mm\/"},"modified":"2026-02-25T00:27:57","modified_gmt":"2026-02-25T00:27:57","slug":"guincho-quick-prince-dp3-1000w-12v-sem-tambor-corrente-de-8mm","status":"publish","type":"product","link":"https:\/\/stoic-curie.212-227-153-4.plesk.page\/pt\/product\/guincho-quick-prince-dp3-1000w-12v-sem-tambor-corrente-de-8mm\/","title":{"rendered":"Guincho Quick Prince DP3 1000W 12v Sem Tambor &#8211; Corrente de 8mm"},"content":{"rendered":"<p>Guincho Quick Prince DP3 1000W 12v Sem Tambor &#8211; Corrente de 8mm &#8211; <\/p>\n<p style=\"color: rgb(34, 34, 34); font-family: Arial, Helvetica, sans-serif; font-size: small;\">O guincho de \u00e2ncora de perfil baixo Prince DP3 1012 possui uma constru\u00e7\u00e3o robusta com componentes de tra\u00e7\u00e3o em bronze e a\u00e7o inoxid\u00e1vel. \u00c9 equipado com um sensor de contagem de corrente e um sistema de queda livre manual, garantindo facilidade de opera\u00e7\u00e3o. Al\u00e9m disso, inclui um sistema manual de levantamento de emerg\u00eancia e uma alavanca de press\u00e3o para maior seguran\u00e7a. A unidade \u00e9 fornecida completa com uma caixa de controle e uma al\u00e7a, tudo montado em uma base e caixa de a\u00e7o inoxid\u00e1vel. O motor \u00e9 classificado como IP67 para prote\u00e7\u00e3o \u00e0 prova d&#8217;\u00e1gua.<\/p>\n<p style=\"color: rgb(34, 34, 34); font-family: Arial, Helvetica, sans-serif; font-size: small;\">O guincho possui uma base de a\u00e7o inoxid\u00e1vel 316 que inclui um tubo de corrente embutido. O gypsy de corda\/corrente vem equipado com um sensor de contagem de corrente e \u00e9 fornecido com uma caixa de rel\u00e9. O gypsy pode ser fornecido com ou sem tambor, dependendo das suas necessidades. O motor mant\u00e9m uma classifica\u00e7\u00e3o de prote\u00e7\u00e3o \u00e0 prova d&#8217;\u00e1gua IP67.<\/p>\n<p style=\"color: rgb(34, 34, 34); font-family: Arial, Helvetica, sans-serif; font-size: small;\">O gypsy Prince DP3 1012 \u00e9 adequado para barcos com comprimentos de 10 a 14 metros (33 a 46 p\u00e9s).<\/p>\n<p style=\"color: rgb(34, 34, 34); font-family: Arial, Helvetica, sans-serif; font-size: small;\">Especifica\u00e7\u00f5es:<\/p>\n<ul style=\"color: rgb(34, 34, 34); font-family: Arial, Helvetica, sans-serif; font-size: small;\">\n<li>Tambor: N\u00e3o<\/li>\n<li>Poder do motor: 1000 W<\/li>\n<li>Tens\u00e3o de entrada: 12 V<\/li>\n<li>For\u00e7a m\u00e1xima de tra\u00e7\u00e3o: 1000 kg<\/li>\n<li>M\u00e1xima carga de trabalho: 370 kg<\/li>\n<li>Carga de trabalho: 120 kg<\/li>\n<li>Velocidade da corrente em carga de trabalho: 20,4 m\/min<\/li>\n<li>Absor\u00e7\u00e3o de corrente em carga de trabalho: 140 A<\/li>\n<li>Espessura do conv\u00e9s: 25-50 mm<\/li>\n<li>Peso: 18,1 kg<\/li>\n<li>Tamanho do gypsy: 8 mm<\/li>\n<\/ul>\n<p style=\"color: rgb(34, 34, 34); font-family: Arial, Helvetica, sans-serif; font-size: small;\">Este guincho \u00e9 projetado para oferecer desempenho confi\u00e1vel e durabilidade, tornando-o uma excelente escolha para propriet\u00e1rios de barcos que buscam equipamentos de alta qualidade.<\/p>\n","protected":false},"excerpt":{"rendered":"<p>Guincho Quick Prince DP3 1000W 12v Sem Tambor &#8211; Corrente de 8mm &#8211; O guincho de \u00e2ncora de perfil baixo<\/p>\n","protected":false},"featured_media":5941164,"comment_status":"open","ping_status":"closed","template":"","meta":[],"product_brand":[3282],"product_cat":[1898],"product_tag":[],"class_list":{"0":"post-748043","1":"product","2":"type-product","3":"status-publish","4":"has-post-thumbnail","6":"product_brand-quick-pt","7":"product_cat-molinetes-quick-amarracao-e-fundear","9":"first","10":"instock","11":"shipping-taxable","12":"purchasable","13":"product-type-simple"},"_links":{"self":[{"href":"https:\/\/stoic-curie.212-227-153-4.plesk.page\/pt\/wp-json\/wp\/v2\/product\/748043","targetHints":{"allow":["GET"]}}],"collection":[{"href":"https:\/\/stoic-curie.212-227-153-4.plesk.page\/pt\/wp-json\/wp\/v2\/product"}],"about":[{"href":"https:\/\/stoic-curie.212-227-153-4.plesk.page\/pt\/wp-json\/wp\/v2\/types\/product"}],"replies":[{"embeddable":true,"href":"https:\/\/stoic-curie.212-227-153-4.plesk.page\/pt\/wp-json\/wp\/v2\/comments?post=748043"}],"version-history":[{"count":0,"href":"https:\/\/stoic-curie.212-227-153-4.plesk.page\/pt\/wp-json\/wp\/v2\/product\/748043\/revisions"}],"wp:featuredmedia":[{"embeddable":true,"href":"https:\/\/stoic-curie.212-227-153-4.plesk.page\/pt\/wp-json\/wp\/v2\/media\/5941164"}],"wp:attachment":[{"href":"https:\/\/stoic-curie.212-227-153-4.plesk.page\/pt\/wp-json\/wp\/v2\/media?parent=748043"}],"wp:term":[{"taxonomy":"product_brand","embeddable":true,"href":"https:\/\/stoic-curie.212-227-153-4.plesk.page\/pt\/wp-json\/wp\/v2\/product_brand?post=748043"},{"taxonomy":"product_cat","embeddable":true,"href":"https:\/\/stoic-curie.212-227-153-4.plesk.page\/pt\/wp-json\/wp\/v2\/product_cat?post=748043"},{"taxonomy":"product_tag","embeddable":true,"href":"https:\/\/stoic-curie.212-227-153-4.plesk.page\/pt\/wp-json\/wp\/v2\/product_tag?post=748043"}],"curies":[{"name":"wp","href":"https:\/\/api.w.org\/{rel}","templated":true}]}}