{"id":748044,"date":"2025-03-03T21:05:26","date_gmt":"2025-03-03T20:05:26","guid":{"rendered":"https:\/\/stoic-curie.212-227-153-4.plesk.page\/producto\/guincho-ancora-quick-prince-dp3-1000w-d-12v-com-tambor-corrente-de-8mm\/"},"modified":"2026-02-25T00:27:57","modified_gmt":"2026-02-25T00:27:57","slug":"guincho-ancora-quick-prince-dp3-1000w-d-12v-com-tambor-corrente-de-8mm","status":"publish","type":"product","link":"https:\/\/stoic-curie.212-227-153-4.plesk.page\/pt\/product\/guincho-ancora-quick-prince-dp3-1000w-d-12v-com-tambor-corrente-de-8mm\/","title":{"rendered":"Guincho \u00c2ncora Quick Prince DP3 1000W-D 12v &#8211; Com Tambor &#8211; Corrente de 8mm"},"content":{"rendered":"<p>Guincho \u00c2ncora Quick Prince DP3 1000W-D 12v &#8211; Com Tambor &#8211; Corrente de 8mm &#8211; <\/p>\n<p style=\"color: rgb(34, 34, 34); font-family: Arial, Helvetica, sans-serif; font-size: small;\">O guincho de \u00e2ncora Prince DP3 1012D possui componentes de tra\u00e7\u00e3o robustos feitos de bronze e a\u00e7o inoxid\u00e1vel. Inclui um sensor contador de corrente e um sistema de corrente de queda livre manual, juntamente com um mecanismo de eleva\u00e7\u00e3o manual de emerg\u00eancia e uma alavanca de press\u00e3o para maior conveni\u00eancia. A unidade vem completa com uma caixa de controle e man\u00edpulo, tudo montado em uma base e caixa de a\u00e7o inoxid\u00e1vel. O motor tem uma classifica\u00e7\u00e3o IP67 para prote\u00e7\u00e3o \u00e0 prova d&#8217;\u00e1gua.<\/p>\n<p style=\"color: rgb(34, 34, 34); font-family: Arial, Helvetica, sans-serif; font-size: small;\">O guincho \u00e9 equipado com uma base de a\u00e7o inoxid\u00e1vel 316 que incorpora um tubo de corrente embutido. Apresenta uma gypsy de corda\/corrente equipada com um sensor contador de corrente. O sistema \u00e9 fornecido com uma caixa de rel\u00e9 e uma gypsy, que pode ser fornecida com ou sem tambor. O motor tamb\u00e9m mant\u00e9m uma classifica\u00e7\u00e3o de estanqueidade IP67.<\/p>\n<p style=\"color: rgb(34, 34, 34); font-family: Arial, Helvetica, sans-serif; font-size: small;\">O Prince DP3 1012D \u00e9 adequado para barcos que variam de 10 a 14 metros (33 a 46 p\u00e9s) de comprimento.<\/p>\n<p style=\"color: rgb(34, 34, 34); font-family: Arial, Helvetica, sans-serif; font-size: small;\">As especifica\u00e7\u00f5es incluem:<\/p>\n<ul style=\"color: rgb(34, 34, 34); font-family: Arial, Helvetica, sans-serif; font-size: small;\">\n<li>Tambor: Sim<\/li>\n<li>Pot\u00eancia do motor: 1000 W<\/li>\n<li>Tens\u00e3o de entrada: 12 V<\/li>\n<li>Tens\u00e3o m\u00e1xima: 1000 kg<\/li>\n<li>Carga m\u00e1xima de trabalho: 370 kg<\/li>\n<li>Carga de trabalho: 120 kg<\/li>\n<li>Velocidade da corrente em carga de trabalho: 20,4 m\/min<\/li>\n<li>Absor\u00e7\u00e3o de corrente em carga de trabalho: 140 A<\/li>\n<li>Espessura do conv\u00e9s: 25-50 mm<\/li>\n<li>Peso: 19,1 kg<\/li>\n<li>Tamanho da gypsy: 8 mm<\/li>\n<\/ul>\n<p style=\"color: rgb(34, 34, 34); font-family: Arial, Helvetica, sans-serif; font-size: small;\">Este guincho combina constru\u00e7\u00e3o de qualidade com recursos avan\u00e7ados, tornando-se uma excelente escolha para propriet\u00e1rios de barcos que buscam solu\u00e7\u00f5es de ancoragem confi\u00e1veis.<\/p>\n","protected":false},"excerpt":{"rendered":"<p>Guincho \u00c2ncora Quick Prince DP3 1000W-D 12v &#8211; Com Tambor &#8211; Corrente de 8mm &#8211; O guincho de \u00e2ncora Prince<\/p>\n","protected":false},"featured_media":5941348,"comment_status":"open","ping_status":"closed","template":"","meta":[],"product_brand":[3282],"product_cat":[1898],"product_tag":[],"class_list":{"0":"post-748044","1":"product","2":"type-product","3":"status-publish","4":"has-post-thumbnail","6":"product_brand-quick-pt","7":"product_cat-molinetes-quick-amarracao-e-fundear","9":"first","10":"instock","11":"shipping-taxable","12":"purchasable","13":"product-type-simple"},"_links":{"self":[{"href":"https:\/\/stoic-curie.212-227-153-4.plesk.page\/pt\/wp-json\/wp\/v2\/product\/748044","targetHints":{"allow":["GET"]}}],"collection":[{"href":"https:\/\/stoic-curie.212-227-153-4.plesk.page\/pt\/wp-json\/wp\/v2\/product"}],"about":[{"href":"https:\/\/stoic-curie.212-227-153-4.plesk.page\/pt\/wp-json\/wp\/v2\/types\/product"}],"replies":[{"embeddable":true,"href":"https:\/\/stoic-curie.212-227-153-4.plesk.page\/pt\/wp-json\/wp\/v2\/comments?post=748044"}],"version-history":[{"count":0,"href":"https:\/\/stoic-curie.212-227-153-4.plesk.page\/pt\/wp-json\/wp\/v2\/product\/748044\/revisions"}],"wp:featuredmedia":[{"embeddable":true,"href":"https:\/\/stoic-curie.212-227-153-4.plesk.page\/pt\/wp-json\/wp\/v2\/media\/5941348"}],"wp:attachment":[{"href":"https:\/\/stoic-curie.212-227-153-4.plesk.page\/pt\/wp-json\/wp\/v2\/media?parent=748044"}],"wp:term":[{"taxonomy":"product_brand","embeddable":true,"href":"https:\/\/stoic-curie.212-227-153-4.plesk.page\/pt\/wp-json\/wp\/v2\/product_brand?post=748044"},{"taxonomy":"product_cat","embeddable":true,"href":"https:\/\/stoic-curie.212-227-153-4.plesk.page\/pt\/wp-json\/wp\/v2\/product_cat?post=748044"},{"taxonomy":"product_tag","embeddable":true,"href":"https:\/\/stoic-curie.212-227-153-4.plesk.page\/pt\/wp-json\/wp\/v2\/product_tag?post=748044"}],"curies":[{"name":"wp","href":"https:\/\/api.w.org\/{rel}","templated":true}]}}