{"id":748046,"date":"2025-03-03T21:05:26","date_gmt":"2025-03-03T20:05:26","guid":{"rendered":"https:\/\/stoic-curie.212-227-153-4.plesk.page\/producto\/antena-supergain-nomade-tv-dvbt-hdtv\/"},"modified":"2026-02-25T00:27:57","modified_gmt":"2026-02-25T00:27:57","slug":"antena-supergain-nomade-tv-dvbt-hdtv","status":"publish","type":"product","link":"https:\/\/stoic-curie.212-227-153-4.plesk.page\/pt\/product\/antena-supergain-nomade-tv-dvbt-hdtv\/","title":{"rendered":"Antena Supergain Nomade TV DVBT\/HDTV"},"content":{"rendered":"<p>Antena Supergain Nomade TV DVBT\/HDTV &#8211; <\/p>\n<p>Antena omnidirecional Supergain Nomade TV DVBT\/HDTV. Dimens\u00f5es compactas e f\u00e1cil de instalar gra\u00e7as ao suporte de inclina\u00e7\u00e3o integrado de +\/-15\u00c2\u00b0. Equipado com amplificador, cabo coaxial de 5 m e adaptador de 12V. Frequ\u00eancia: 170\/890 MHz &#8211; Imped\u00e2ncia: 75 Ohm.<\/p>\n","protected":false},"excerpt":{"rendered":"<p>Antena Supergain Nomade TV DVBT\/HDTV &#8211; Antena omnidirecional Supergain Nomade TV DVBT\/HDTV. Dimens\u00f5es compactas e f\u00e1cil de instalar gra\u00e7as ao<\/p>\n","protected":false},"featured_media":5941351,"comment_status":"open","ping_status":"closed","template":"","meta":[],"product_brand":[3447],"product_cat":[2041],"product_tag":[],"class_list":{"0":"post-748046","1":"product","2":"type-product","3":"status-publish","4":"has-post-thumbnail","6":"product_brand-supergain-pt","7":"product_cat-antenas-tv","9":"first","10":"instock","11":"shipping-taxable","12":"purchasable","13":"product-type-simple"},"_links":{"self":[{"href":"https:\/\/stoic-curie.212-227-153-4.plesk.page\/pt\/wp-json\/wp\/v2\/product\/748046","targetHints":{"allow":["GET"]}}],"collection":[{"href":"https:\/\/stoic-curie.212-227-153-4.plesk.page\/pt\/wp-json\/wp\/v2\/product"}],"about":[{"href":"https:\/\/stoic-curie.212-227-153-4.plesk.page\/pt\/wp-json\/wp\/v2\/types\/product"}],"replies":[{"embeddable":true,"href":"https:\/\/stoic-curie.212-227-153-4.plesk.page\/pt\/wp-json\/wp\/v2\/comments?post=748046"}],"version-history":[{"count":0,"href":"https:\/\/stoic-curie.212-227-153-4.plesk.page\/pt\/wp-json\/wp\/v2\/product\/748046\/revisions"}],"wp:featuredmedia":[{"embeddable":true,"href":"https:\/\/stoic-curie.212-227-153-4.plesk.page\/pt\/wp-json\/wp\/v2\/media\/5941351"}],"wp:attachment":[{"href":"https:\/\/stoic-curie.212-227-153-4.plesk.page\/pt\/wp-json\/wp\/v2\/media?parent=748046"}],"wp:term":[{"taxonomy":"product_brand","embeddable":true,"href":"https:\/\/stoic-curie.212-227-153-4.plesk.page\/pt\/wp-json\/wp\/v2\/product_brand?post=748046"},{"taxonomy":"product_cat","embeddable":true,"href":"https:\/\/stoic-curie.212-227-153-4.plesk.page\/pt\/wp-json\/wp\/v2\/product_cat?post=748046"},{"taxonomy":"product_tag","embeddable":true,"href":"https:\/\/stoic-curie.212-227-153-4.plesk.page\/pt\/wp-json\/wp\/v2\/product_tag?post=748046"}],"curies":[{"name":"wp","href":"https:\/\/api.w.org\/{rel}","templated":true}]}}