{"id":748047,"date":"2025-03-03T21:05:27","date_gmt":"2025-03-03T20:05:27","guid":{"rendered":"https:\/\/stoic-curie.212-227-153-4.plesk.page\/producto\/antena-vhf-supergain-task-0-53mt\/"},"modified":"2026-02-25T00:27:57","modified_gmt":"2026-02-25T00:27:57","slug":"antena-vhf-supergain-task-0-53mt","status":"publish","type":"product","link":"https:\/\/stoic-curie.212-227-153-4.plesk.page\/pt\/product\/antena-vhf-supergain-task-0-53mt\/","title":{"rendered":"Antena VHF Supergain Task 0.53mt"},"content":{"rendered":"<p>Antena VHF Supergain Task 0.53mt &#8211; <\/p>\n<p>Antenna VHF Supergain Task em a\u00e7o para botes infl\u00e1veis r\u00edgidos. 50 W \/ 3 dB \/ 156\/162 MHz \/ 50 Ohm. Altura: 0,53 m. Equipado com cabo coaxial de 8 m e suporte de montagem em L.<\/p>\n","protected":false},"excerpt":{"rendered":"<p>Antena VHF Supergain Task 0.53mt &#8211; Antenna VHF Supergain Task em a\u00e7o para botes infl\u00e1veis r\u00edgidos. 50 W \/ 3<\/p>\n","protected":false},"featured_media":5941356,"comment_status":"open","ping_status":"closed","template":"","meta":[],"product_brand":[3447],"product_cat":[2040],"product_tag":[],"class_list":{"0":"post-748047","1":"product","2":"type-product","3":"status-publish","4":"has-post-thumbnail","6":"product_brand-supergain-pt","7":"product_cat-antenas-vhf-equipamento-eletrico","9":"first","10":"instock","11":"shipping-taxable","12":"purchasable","13":"product-type-simple"},"_links":{"self":[{"href":"https:\/\/stoic-curie.212-227-153-4.plesk.page\/pt\/wp-json\/wp\/v2\/product\/748047","targetHints":{"allow":["GET"]}}],"collection":[{"href":"https:\/\/stoic-curie.212-227-153-4.plesk.page\/pt\/wp-json\/wp\/v2\/product"}],"about":[{"href":"https:\/\/stoic-curie.212-227-153-4.plesk.page\/pt\/wp-json\/wp\/v2\/types\/product"}],"replies":[{"embeddable":true,"href":"https:\/\/stoic-curie.212-227-153-4.plesk.page\/pt\/wp-json\/wp\/v2\/comments?post=748047"}],"version-history":[{"count":0,"href":"https:\/\/stoic-curie.212-227-153-4.plesk.page\/pt\/wp-json\/wp\/v2\/product\/748047\/revisions"}],"wp:featuredmedia":[{"embeddable":true,"href":"https:\/\/stoic-curie.212-227-153-4.plesk.page\/pt\/wp-json\/wp\/v2\/media\/5941356"}],"wp:attachment":[{"href":"https:\/\/stoic-curie.212-227-153-4.plesk.page\/pt\/wp-json\/wp\/v2\/media?parent=748047"}],"wp:term":[{"taxonomy":"product_brand","embeddable":true,"href":"https:\/\/stoic-curie.212-227-153-4.plesk.page\/pt\/wp-json\/wp\/v2\/product_brand?post=748047"},{"taxonomy":"product_cat","embeddable":true,"href":"https:\/\/stoic-curie.212-227-153-4.plesk.page\/pt\/wp-json\/wp\/v2\/product_cat?post=748047"},{"taxonomy":"product_tag","embeddable":true,"href":"https:\/\/stoic-curie.212-227-153-4.plesk.page\/pt\/wp-json\/wp\/v2\/product_tag?post=748047"}],"curies":[{"name":"wp","href":"https:\/\/api.w.org\/{rel}","templated":true}]}}