{"id":748050,"date":"2025-03-03T21:05:27","date_gmt":"2025-03-03T20:05:27","guid":{"rendered":"https:\/\/stoic-curie.212-227-153-4.plesk.page\/producto\/bomba-de-ar-bravo-bp12-com-paragem-automatica\/"},"modified":"2026-02-25T00:27:57","modified_gmt":"2026-02-25T00:27:57","slug":"bomba-de-ar-bravo-bp12-com-paragem-automatica","status":"publish","type":"product","link":"https:\/\/stoic-curie.212-227-153-4.plesk.page\/pt\/product\/bomba-de-ar-bravo-bp12-com-paragem-automatica\/","title":{"rendered":"Bomba de ar Bravo BP12 com paragem autom\u00e1tica"},"content":{"rendered":"<p>Bomba de ar Bravo BP12 com paragem autom\u00e1tica &#8211; <\/p>\n<p>Bomba de ar GE BP com desligamento autom\u00e1tico quando a press\u00e3o selecionada \u00e9 atingida. Vem completa com filtro de aspira\u00e7\u00e3o, bolsa de ombro, tubo de 1,7 metros e cabo de 3 metros. Fonte de alimenta\u00e7\u00e3o atrav\u00e9s de plugue para isqueiro de 12V ou grampos de bateria. Consumo m\u00e1ximo de 13A. Dimens\u00f5es: 21 x 11 x H13 cm.<\/p>\n","protected":false},"excerpt":{"rendered":"<p>Bomba de ar Bravo BP12 com paragem autom\u00e1tica &#8211; Bomba de ar GE BP com desligamento autom\u00e1tico quando a press\u00e3o<\/p>\n","protected":false},"featured_media":5941362,"comment_status":"open","ping_status":"closed","template":"","meta":[],"product_brand":[2852],"product_cat":[2122],"product_tag":[],"class_list":{"0":"post-748050","1":"product","2":"type-product","3":"status-publish","4":"has-post-thumbnail","6":"product_brand-bravo-scoprega-pt","7":"product_cat-bombas-de-ar-para-embarcacoes-auxiliares","9":"first","10":"instock","11":"shipping-taxable","12":"purchasable","13":"product-type-simple"},"_links":{"self":[{"href":"https:\/\/stoic-curie.212-227-153-4.plesk.page\/pt\/wp-json\/wp\/v2\/product\/748050","targetHints":{"allow":["GET"]}}],"collection":[{"href":"https:\/\/stoic-curie.212-227-153-4.plesk.page\/pt\/wp-json\/wp\/v2\/product"}],"about":[{"href":"https:\/\/stoic-curie.212-227-153-4.plesk.page\/pt\/wp-json\/wp\/v2\/types\/product"}],"replies":[{"embeddable":true,"href":"https:\/\/stoic-curie.212-227-153-4.plesk.page\/pt\/wp-json\/wp\/v2\/comments?post=748050"}],"version-history":[{"count":0,"href":"https:\/\/stoic-curie.212-227-153-4.plesk.page\/pt\/wp-json\/wp\/v2\/product\/748050\/revisions"}],"wp:featuredmedia":[{"embeddable":true,"href":"https:\/\/stoic-curie.212-227-153-4.plesk.page\/pt\/wp-json\/wp\/v2\/media\/5941362"}],"wp:attachment":[{"href":"https:\/\/stoic-curie.212-227-153-4.plesk.page\/pt\/wp-json\/wp\/v2\/media?parent=748050"}],"wp:term":[{"taxonomy":"product_brand","embeddable":true,"href":"https:\/\/stoic-curie.212-227-153-4.plesk.page\/pt\/wp-json\/wp\/v2\/product_brand?post=748050"},{"taxonomy":"product_cat","embeddable":true,"href":"https:\/\/stoic-curie.212-227-153-4.plesk.page\/pt\/wp-json\/wp\/v2\/product_cat?post=748050"},{"taxonomy":"product_tag","embeddable":true,"href":"https:\/\/stoic-curie.212-227-153-4.plesk.page\/pt\/wp-json\/wp\/v2\/product_tag?post=748050"}],"curies":[{"name":"wp","href":"https:\/\/api.w.org\/{rel}","templated":true}]}}