{"id":748053,"date":"2025-03-03T21:05:28","date_gmt":"2025-03-03T20:05:28","guid":{"rendered":"https:\/\/stoic-curie.212-227-153-4.plesk.page\/producto\/griffin-gtb341s4ma-900ma\/"},"modified":"2026-02-25T00:27:57","modified_gmt":"2026-02-25T00:27:57","slug":"griffin-gtb341s4ma-900ma","status":"publish","type":"product","link":"https:\/\/stoic-curie.212-227-153-4.plesk.page\/pt\/product\/griffin-gtb341s4ma-900ma\/","title":{"rendered":"Griffin GTB341S4MA 900mA"},"content":{"rendered":"<p>Griffin GTB341S4MA 900mA &#8211; <\/p>\n<p>Filtros de diesel Griffin de qualidade superior com elementos de filtragem em m\u00faltiplos n\u00edveis MICROBLOC (99,8% de efic\u00e1cia na separa\u00e7\u00e3o de \u00e1gua do diesel).<\/p>\n","protected":false},"excerpt":{"rendered":"<p>Griffin GTB341S4MA 900mA &#8211; Filtros de diesel Griffin de qualidade superior com elementos de filtragem em m\u00faltiplos n\u00edveis MICROBLOC (99,8%<\/p>\n","protected":false},"featured_media":5941369,"comment_status":"open","ping_status":"closed","template":"","meta":[],"product_brand":[2987],"product_cat":[2084,2116],"product_tag":[],"class_list":{"0":"post-748053","1":"product","2":"type-product","3":"status-publish","4":"has-post-thumbnail","6":"product_brand-griffin-pt","7":"product_cat-filtros-separadaores-de-agua-e-combustivel","8":"product_cat-pecas-para-motores-volvo-penta","10":"first","11":"instock","12":"shipping-taxable","13":"purchasable","14":"product-type-simple"},"_links":{"self":[{"href":"https:\/\/stoic-curie.212-227-153-4.plesk.page\/pt\/wp-json\/wp\/v2\/product\/748053","targetHints":{"allow":["GET"]}}],"collection":[{"href":"https:\/\/stoic-curie.212-227-153-4.plesk.page\/pt\/wp-json\/wp\/v2\/product"}],"about":[{"href":"https:\/\/stoic-curie.212-227-153-4.plesk.page\/pt\/wp-json\/wp\/v2\/types\/product"}],"replies":[{"embeddable":true,"href":"https:\/\/stoic-curie.212-227-153-4.plesk.page\/pt\/wp-json\/wp\/v2\/comments?post=748053"}],"version-history":[{"count":0,"href":"https:\/\/stoic-curie.212-227-153-4.plesk.page\/pt\/wp-json\/wp\/v2\/product\/748053\/revisions"}],"wp:featuredmedia":[{"embeddable":true,"href":"https:\/\/stoic-curie.212-227-153-4.plesk.page\/pt\/wp-json\/wp\/v2\/media\/5941369"}],"wp:attachment":[{"href":"https:\/\/stoic-curie.212-227-153-4.plesk.page\/pt\/wp-json\/wp\/v2\/media?parent=748053"}],"wp:term":[{"taxonomy":"product_brand","embeddable":true,"href":"https:\/\/stoic-curie.212-227-153-4.plesk.page\/pt\/wp-json\/wp\/v2\/product_brand?post=748053"},{"taxonomy":"product_cat","embeddable":true,"href":"https:\/\/stoic-curie.212-227-153-4.plesk.page\/pt\/wp-json\/wp\/v2\/product_cat?post=748053"},{"taxonomy":"product_tag","embeddable":true,"href":"https:\/\/stoic-curie.212-227-153-4.plesk.page\/pt\/wp-json\/wp\/v2\/product_tag?post=748053"}],"curies":[{"name":"wp","href":"https:\/\/api.w.org\/{rel}","templated":true}]}}