{"id":748055,"date":"2025-03-03T21:05:29","date_gmt":"2025-03-03T20:05:29","guid":{"rendered":"https:\/\/stoic-curie.212-227-153-4.plesk.page\/producto\/alarme-de-agua-griffin\/"},"modified":"2026-02-25T00:27:57","modified_gmt":"2026-02-25T00:27:57","slug":"alarme-de-agua-griffin","status":"publish","type":"product","link":"https:\/\/stoic-curie.212-227-153-4.plesk.page\/pt\/product\/alarme-de-agua-griffin\/","title":{"rendered":"Alarme de \u00c1gua Griffin"},"content":{"rendered":"<p>Alarme de \u00c1gua Griffin &#8211; <\/p>\n<p>Filtro de diesel duplo Griffin de qualidade superior com elementos de filtra\u00e7\u00e3o em m\u00faltiplos n\u00edveis MICROBLOC (99,8% de efic\u00e1cia na separa\u00e7\u00e3o de \u00e1gua do diesel).<\/p>\n","protected":false},"excerpt":{"rendered":"<p>Alarme de \u00c1gua Griffin &#8211; Filtro de diesel duplo Griffin de qualidade superior com elementos de filtra\u00e7\u00e3o em m\u00faltiplos n\u00edveis<\/p>\n","protected":false},"featured_media":5941375,"comment_status":"open","ping_status":"closed","template":"","meta":[],"product_brand":[2987],"product_cat":[2084],"product_tag":[],"class_list":{"0":"post-748055","1":"product","2":"type-product","3":"status-publish","4":"has-post-thumbnail","6":"product_brand-griffin-pt","7":"product_cat-filtros-separadaores-de-agua-e-combustivel","9":"first","10":"instock","11":"shipping-taxable","12":"purchasable","13":"product-type-simple"},"_links":{"self":[{"href":"https:\/\/stoic-curie.212-227-153-4.plesk.page\/pt\/wp-json\/wp\/v2\/product\/748055","targetHints":{"allow":["GET"]}}],"collection":[{"href":"https:\/\/stoic-curie.212-227-153-4.plesk.page\/pt\/wp-json\/wp\/v2\/product"}],"about":[{"href":"https:\/\/stoic-curie.212-227-153-4.plesk.page\/pt\/wp-json\/wp\/v2\/types\/product"}],"replies":[{"embeddable":true,"href":"https:\/\/stoic-curie.212-227-153-4.plesk.page\/pt\/wp-json\/wp\/v2\/comments?post=748055"}],"version-history":[{"count":0,"href":"https:\/\/stoic-curie.212-227-153-4.plesk.page\/pt\/wp-json\/wp\/v2\/product\/748055\/revisions"}],"wp:featuredmedia":[{"embeddable":true,"href":"https:\/\/stoic-curie.212-227-153-4.plesk.page\/pt\/wp-json\/wp\/v2\/media\/5941375"}],"wp:attachment":[{"href":"https:\/\/stoic-curie.212-227-153-4.plesk.page\/pt\/wp-json\/wp\/v2\/media?parent=748055"}],"wp:term":[{"taxonomy":"product_brand","embeddable":true,"href":"https:\/\/stoic-curie.212-227-153-4.plesk.page\/pt\/wp-json\/wp\/v2\/product_brand?post=748055"},{"taxonomy":"product_cat","embeddable":true,"href":"https:\/\/stoic-curie.212-227-153-4.plesk.page\/pt\/wp-json\/wp\/v2\/product_cat?post=748055"},{"taxonomy":"product_tag","embeddable":true,"href":"https:\/\/stoic-curie.212-227-153-4.plesk.page\/pt\/wp-json\/wp\/v2\/product_tag?post=748055"}],"curies":[{"name":"wp","href":"https:\/\/api.w.org\/{rel}","templated":true}]}}