{"id":748056,"date":"2025-03-03T21:05:29","date_gmt":"2025-03-03T20:05:29","guid":{"rendered":"https:\/\/stoic-curie.212-227-153-4.plesk.page\/producto\/filtro-de-diesel-griffin-g57a-igual-ao-racor-120a\/"},"modified":"2026-02-25T00:27:57","modified_gmt":"2026-02-25T00:27:57","slug":"filtro-de-diesel-griffin-g57a-igual-ao-racor-120a","status":"publish","type":"product","link":"https:\/\/stoic-curie.212-227-153-4.plesk.page\/pt\/product\/filtro-de-diesel-griffin-g57a-igual-ao-racor-120a\/","title":{"rendered":"Filtro de Diesel Griffin G57A (igual ao Racor 120A)"},"content":{"rendered":"<p>Filtro de Diesel Griffin G57A (igual ao Racor 120A) &#8211; <\/p>\n<p>Filtros de diesel Griffin com tecnologia MICROBLOC. Alta capacidade avaliada (99,8 % de efic\u00e1cia na separa\u00e7\u00e3o de \u00e1gua do diesel). Vem com cartucho de 30 micr\u00f4metros. Pode substituir os filtros Racor Spin-on.<\/p>\n","protected":false},"excerpt":{"rendered":"<p>Filtro de Diesel Griffin G57A (igual ao Racor 120A) &#8211; Filtros de diesel Griffin com tecnologia MICROBLOC. Alta capacidade avaliada<\/p>\n","protected":false},"featured_media":5941377,"comment_status":"open","ping_status":"closed","template":"","meta":[],"product_brand":[2987],"product_cat":[2084,2116],"product_tag":[],"class_list":{"0":"post-748056","1":"product","2":"type-product","3":"status-publish","4":"has-post-thumbnail","6":"product_brand-griffin-pt","7":"product_cat-filtros-separadaores-de-agua-e-combustivel","8":"product_cat-pecas-para-motores-volvo-penta","10":"first","11":"instock","12":"shipping-taxable","13":"purchasable","14":"product-type-simple"},"_links":{"self":[{"href":"https:\/\/stoic-curie.212-227-153-4.plesk.page\/pt\/wp-json\/wp\/v2\/product\/748056","targetHints":{"allow":["GET"]}}],"collection":[{"href":"https:\/\/stoic-curie.212-227-153-4.plesk.page\/pt\/wp-json\/wp\/v2\/product"}],"about":[{"href":"https:\/\/stoic-curie.212-227-153-4.plesk.page\/pt\/wp-json\/wp\/v2\/types\/product"}],"replies":[{"embeddable":true,"href":"https:\/\/stoic-curie.212-227-153-4.plesk.page\/pt\/wp-json\/wp\/v2\/comments?post=748056"}],"version-history":[{"count":0,"href":"https:\/\/stoic-curie.212-227-153-4.plesk.page\/pt\/wp-json\/wp\/v2\/product\/748056\/revisions"}],"wp:featuredmedia":[{"embeddable":true,"href":"https:\/\/stoic-curie.212-227-153-4.plesk.page\/pt\/wp-json\/wp\/v2\/media\/5941377"}],"wp:attachment":[{"href":"https:\/\/stoic-curie.212-227-153-4.plesk.page\/pt\/wp-json\/wp\/v2\/media?parent=748056"}],"wp:term":[{"taxonomy":"product_brand","embeddable":true,"href":"https:\/\/stoic-curie.212-227-153-4.plesk.page\/pt\/wp-json\/wp\/v2\/product_brand?post=748056"},{"taxonomy":"product_cat","embeddable":true,"href":"https:\/\/stoic-curie.212-227-153-4.plesk.page\/pt\/wp-json\/wp\/v2\/product_cat?post=748056"},{"taxonomy":"product_tag","embeddable":true,"href":"https:\/\/stoic-curie.212-227-153-4.plesk.page\/pt\/wp-json\/wp\/v2\/product_tag?post=748056"}],"curies":[{"name":"wp","href":"https:\/\/api.w.org\/{rel}","templated":true}]}}