{"id":748057,"date":"2025-03-03T21:05:29","date_gmt":"2025-03-03T20:05:29","guid":{"rendered":"https:\/\/stoic-curie.212-227-153-4.plesk.page\/producto\/faca-de-mestre-de-obras-amarela-13-8cm\/"},"modified":"2026-02-25T00:27:57","modified_gmt":"2026-02-25T00:27:57","slug":"faca-de-mestre-de-obras-amarela-13-8cm","status":"publish","type":"product","link":"https:\/\/stoic-curie.212-227-153-4.plesk.page\/pt\/product\/faca-de-mestre-de-obras-amarela-13-8cm\/","title":{"rendered":"Faca de Mestre de Obras Amarela 13.8cm"},"content":{"rendered":"<p>Faca de Mestre de Obras Amarela 13.8cm &#8211; <\/p>\n<p>Faca de bosun em a\u00e7o inoxid\u00e1vel W1.4028. Completa com fid oco, abridor de gancho e capa de lona refor\u00e7ada. Punho ergon\u00f4mico em PP e TPE.<\/p>\n","protected":false},"excerpt":{"rendered":"<p>Faca de Mestre de Obras Amarela 13.8cm &#8211; Faca de bosun em a\u00e7o inoxid\u00e1vel W1.4028. Completa com fid oco, abridor<\/p>\n","protected":false},"featured_media":5941389,"comment_status":"open","ping_status":"closed","template":"","meta":[],"product_brand":[3082],"product_cat":[2143],"product_tag":[],"class_list":{"0":"post-748057","1":"product","2":"type-product","3":"status-publish","4":"has-post-thumbnail","6":"product_brand-macs-pt","7":"product_cat-facas-canivetes-e-ferramentas","9":"first","10":"instock","11":"shipping-taxable","12":"purchasable","13":"product-type-simple"},"_links":{"self":[{"href":"https:\/\/stoic-curie.212-227-153-4.plesk.page\/pt\/wp-json\/wp\/v2\/product\/748057","targetHints":{"allow":["GET"]}}],"collection":[{"href":"https:\/\/stoic-curie.212-227-153-4.plesk.page\/pt\/wp-json\/wp\/v2\/product"}],"about":[{"href":"https:\/\/stoic-curie.212-227-153-4.plesk.page\/pt\/wp-json\/wp\/v2\/types\/product"}],"replies":[{"embeddable":true,"href":"https:\/\/stoic-curie.212-227-153-4.plesk.page\/pt\/wp-json\/wp\/v2\/comments?post=748057"}],"version-history":[{"count":0,"href":"https:\/\/stoic-curie.212-227-153-4.plesk.page\/pt\/wp-json\/wp\/v2\/product\/748057\/revisions"}],"wp:featuredmedia":[{"embeddable":true,"href":"https:\/\/stoic-curie.212-227-153-4.plesk.page\/pt\/wp-json\/wp\/v2\/media\/5941389"}],"wp:attachment":[{"href":"https:\/\/stoic-curie.212-227-153-4.plesk.page\/pt\/wp-json\/wp\/v2\/media?parent=748057"}],"wp:term":[{"taxonomy":"product_brand","embeddable":true,"href":"https:\/\/stoic-curie.212-227-153-4.plesk.page\/pt\/wp-json\/wp\/v2\/product_brand?post=748057"},{"taxonomy":"product_cat","embeddable":true,"href":"https:\/\/stoic-curie.212-227-153-4.plesk.page\/pt\/wp-json\/wp\/v2\/product_cat?post=748057"},{"taxonomy":"product_tag","embeddable":true,"href":"https:\/\/stoic-curie.212-227-153-4.plesk.page\/pt\/wp-json\/wp\/v2\/product_tag?post=748057"}],"curies":[{"name":"wp","href":"https:\/\/api.w.org\/{rel}","templated":true}]}}