{"id":748059,"date":"2025-03-03T21:05:30","date_gmt":"2025-03-03T20:05:30","guid":{"rendered":"https:\/\/stoic-curie.212-227-153-4.plesk.page\/producto\/coletor-de-escape-mercruiser-864591t02\/"},"modified":"2026-02-25T00:27:57","modified_gmt":"2026-02-25T00:27:57","slug":"coletor-de-escape-mercruiser-864591t02","status":"publish","type":"product","link":"https:\/\/stoic-curie.212-227-153-4.plesk.page\/pt\/product\/coletor-de-escape-mercruiser-864591t02\/","title":{"rendered":"Coletor de Escape Mercruiser 864591t02"},"content":{"rendered":"<p>Coletor de Escape Mercruiser 864591t02 &#8211; <\/p>\n<p>Genu\u00edno Mercruiser 864591T02 elevador de escape. Compat\u00edvel com motores 4.3MPI &#8211; 5.0MPI &#8211; 350MAG MPI &#8211; ALPHA &#8211; BRAVO &#8211; 6.2L MPI (n\u00famero de s\u00e9rie 0W310000 a 1A299999) &#8211; 377MAG MPI. Deve ser completado com uma junta e 4 parafusos.<\/p>\n","protected":false},"excerpt":{"rendered":"<p>Coletor de Escape Mercruiser 864591t02 &#8211; Genu\u00edno Mercruiser 864591T02 elevador de escape. Compat\u00edvel com motores 4.3MPI &#8211; 5.0MPI &#8211; 350MAG<\/p>\n","protected":false},"featured_media":5941395,"comment_status":"open","ping_status":"closed","template":"","meta":[],"product_brand":[3287],"product_cat":[2117],"product_tag":[],"class_list":{"0":"post-748059","1":"product","2":"type-product","3":"status-publish","4":"has-post-thumbnail","6":"product_brand-quicksilver-pt","7":"product_cat-pecas-para-motores-mercruiser","9":"first","10":"instock","11":"shipping-taxable","12":"purchasable","13":"product-type-simple"},"_links":{"self":[{"href":"https:\/\/stoic-curie.212-227-153-4.plesk.page\/pt\/wp-json\/wp\/v2\/product\/748059","targetHints":{"allow":["GET"]}}],"collection":[{"href":"https:\/\/stoic-curie.212-227-153-4.plesk.page\/pt\/wp-json\/wp\/v2\/product"}],"about":[{"href":"https:\/\/stoic-curie.212-227-153-4.plesk.page\/pt\/wp-json\/wp\/v2\/types\/product"}],"replies":[{"embeddable":true,"href":"https:\/\/stoic-curie.212-227-153-4.plesk.page\/pt\/wp-json\/wp\/v2\/comments?post=748059"}],"version-history":[{"count":0,"href":"https:\/\/stoic-curie.212-227-153-4.plesk.page\/pt\/wp-json\/wp\/v2\/product\/748059\/revisions"}],"wp:featuredmedia":[{"embeddable":true,"href":"https:\/\/stoic-curie.212-227-153-4.plesk.page\/pt\/wp-json\/wp\/v2\/media\/5941395"}],"wp:attachment":[{"href":"https:\/\/stoic-curie.212-227-153-4.plesk.page\/pt\/wp-json\/wp\/v2\/media?parent=748059"}],"wp:term":[{"taxonomy":"product_brand","embeddable":true,"href":"https:\/\/stoic-curie.212-227-153-4.plesk.page\/pt\/wp-json\/wp\/v2\/product_brand?post=748059"},{"taxonomy":"product_cat","embeddable":true,"href":"https:\/\/stoic-curie.212-227-153-4.plesk.page\/pt\/wp-json\/wp\/v2\/product_cat?post=748059"},{"taxonomy":"product_tag","embeddable":true,"href":"https:\/\/stoic-curie.212-227-153-4.plesk.page\/pt\/wp-json\/wp\/v2\/product_tag?post=748059"}],"curies":[{"name":"wp","href":"https:\/\/api.w.org\/{rel}","templated":true}]}}