{"id":748063,"date":"2025-03-03T21:05:31","date_gmt":"2025-03-03T20:05:31","guid":{"rendered":"https:\/\/stoic-curie.212-227-153-4.plesk.page\/producto\/coletor-de-escape-genuine-mercruiser-865735a02\/"},"modified":"2026-02-25T00:27:57","modified_gmt":"2026-02-25T00:27:57","slug":"coletor-de-escape-genuine-mercruiser-865735a02","status":"publish","type":"product","link":"https:\/\/stoic-curie.212-227-153-4.plesk.page\/pt\/product\/coletor-de-escape-genuine-mercruiser-865735a02\/","title":{"rendered":"Coletor de Escape Mercruiser 865735A02"},"content":{"rendered":"<p>Coletor de Escape Mercruiser 865735A02 &#8211; <\/p>\n<p style=\"color: rgb(34, 34, 34); font-family: Arial, Helvetica, sans-serif; font-size: small;\">Coletor de escape para motores V8 Mercruiser (2003 at\u00e9 o presente). Este coletor de escape genu\u00edno Mercruiser 865735A02 vem completo com uma junta.<\/p>\n<p style=\"color: rgb(34, 34, 34); font-family: Arial, Helvetica, sans-serif; font-size: small;\">\u00c9 compat\u00edvel com motores 5.0 MPI, 350 MAG MPI, ALPHA, BRAVO e 6.2L MPI (n\u00fameros de s\u00e9rie 0W310000 a 1A299999), assim como com motores 377 MAG MPI. Esta pe\u00e7a se encaixa nos motores V8 GM 5.0L, 5.7L e 6.2L. Ela substitui as pe\u00e7as Mercruiser 865735A02, Sierra 18-1843, BARR MC-1-865735, GLM 51237 e HGE 5735.<\/p>\n<p style=\"color: rgb(34, 34, 34); font-family: Arial, Helvetica, sans-serif; font-size: small;\">Para instala\u00e7\u00e3o, voc\u00ea precisar\u00e1 de quatro parafusos (n\u00famero da pe\u00e7a 5040411).<\/p>\n<p style=\"color: rgb(34, 34, 34); font-family: Arial, Helvetica, sans-serif; font-size: small;\">N\u00fameros da pe\u00e7a:<\/p>\n<ul style=\"color: rgb(34, 34, 34); font-family: Arial, Helvetica, sans-serif; font-size: small;\">\n<li>Mercruiser original: 865735A02<\/li>\n<\/ul>\n<p style=\"color: rgb(34, 34, 34); font-family: Arial, Helvetica, sans-serif; font-size: small;\">Pe\u00e7as equivalentes:<\/p>\n<ul style=\"color: rgb(34, 34, 34); font-family: Arial, Helvetica, sans-serif; font-size: small;\">\n<li>Mercruiser OEM: 864308T01, 865049T01, 8M0185794<\/li>\n<li>Ap\u00f3s o mercado: HOT20735, HGE5735, OSC5735, 9-40508, 18-1843, GLM51237<\/li>\n<\/ul>\n","protected":false},"excerpt":{"rendered":"<p>Coletor de Escape Mercruiser 865735A02 &#8211; Coletor de escape para motores V8 Mercruiser (2003 at\u00e9 o presente). Este coletor de<\/p>\n","protected":false},"featured_media":5941402,"comment_status":"open","ping_status":"closed","template":"","meta":[],"product_brand":[3287],"product_cat":[2117],"product_tag":[],"class_list":{"0":"post-748063","1":"product","2":"type-product","3":"status-publish","4":"has-post-thumbnail","6":"product_brand-quicksilver-pt","7":"product_cat-pecas-para-motores-mercruiser","9":"first","10":"instock","11":"shipping-taxable","12":"purchasable","13":"product-type-simple"},"_links":{"self":[{"href":"https:\/\/stoic-curie.212-227-153-4.plesk.page\/pt\/wp-json\/wp\/v2\/product\/748063","targetHints":{"allow":["GET"]}}],"collection":[{"href":"https:\/\/stoic-curie.212-227-153-4.plesk.page\/pt\/wp-json\/wp\/v2\/product"}],"about":[{"href":"https:\/\/stoic-curie.212-227-153-4.plesk.page\/pt\/wp-json\/wp\/v2\/types\/product"}],"replies":[{"embeddable":true,"href":"https:\/\/stoic-curie.212-227-153-4.plesk.page\/pt\/wp-json\/wp\/v2\/comments?post=748063"}],"version-history":[{"count":0,"href":"https:\/\/stoic-curie.212-227-153-4.plesk.page\/pt\/wp-json\/wp\/v2\/product\/748063\/revisions"}],"wp:featuredmedia":[{"embeddable":true,"href":"https:\/\/stoic-curie.212-227-153-4.plesk.page\/pt\/wp-json\/wp\/v2\/media\/5941402"}],"wp:attachment":[{"href":"https:\/\/stoic-curie.212-227-153-4.plesk.page\/pt\/wp-json\/wp\/v2\/media?parent=748063"}],"wp:term":[{"taxonomy":"product_brand","embeddable":true,"href":"https:\/\/stoic-curie.212-227-153-4.plesk.page\/pt\/wp-json\/wp\/v2\/product_brand?post=748063"},{"taxonomy":"product_cat","embeddable":true,"href":"https:\/\/stoic-curie.212-227-153-4.plesk.page\/pt\/wp-json\/wp\/v2\/product_cat?post=748063"},{"taxonomy":"product_tag","embeddable":true,"href":"https:\/\/stoic-curie.212-227-153-4.plesk.page\/pt\/wp-json\/wp\/v2\/product_tag?post=748063"}],"curies":[{"name":"wp","href":"https:\/\/api.w.org\/{rel}","templated":true}]}}