{"id":748068,"date":"2025-03-03T21:05:33","date_gmt":"2025-03-03T20:05:33","guid":{"rendered":"https:\/\/stoic-curie.212-227-153-4.plesk.page\/producto\/griffing-gtb228s4-500-fg\/"},"modified":"2026-02-25T00:27:57","modified_gmt":"2026-02-25T00:27:57","slug":"griffing-gtb228s4-500-fg","status":"publish","type":"product","link":"https:\/\/stoic-curie.212-227-153-4.plesk.page\/pt\/product\/griffing-gtb228s4-500-fg\/","title":{"rendered":"Griffing GTB228S4 500 FG"},"content":{"rendered":"<p>Griffing GTB228S4 500 FG &#8211; <\/p>\n<p>Filtros de diesel Griffin de qualidade superior com elementos de filtra\u00e7\u00e3o multicamada MICROBLOC (99,8% de efic\u00e1cia na separa\u00e7\u00e3o de \u00e1gua do diesel). Todos os filtros s\u00e3o equipados com um cartucho de 30 microns. GTB228S4 com entrada UNF3\/4&#8243;, GTB341S4 com entrada UNF7\/8&#8243;, GTB681S4 com entrada UNF7\/8&#8243;. Podem substituir filtros do tipo Racor FG\/FH.<\/p>\n","protected":false},"excerpt":{"rendered":"<p>Griffing GTB228S4 500 FG &#8211; Filtros de diesel Griffin de qualidade superior com elementos de filtra\u00e7\u00e3o multicamada MICROBLOC (99,8% de<\/p>\n","protected":false},"featured_media":5941414,"comment_status":"open","ping_status":"closed","template":"","meta":[],"product_brand":[2987],"product_cat":[2084,2116],"product_tag":[],"class_list":{"0":"post-748068","1":"product","2":"type-product","3":"status-publish","4":"has-post-thumbnail","6":"product_brand-griffin-pt","7":"product_cat-filtros-separadaores-de-agua-e-combustivel","8":"product_cat-pecas-para-motores-volvo-penta","10":"first","11":"instock","12":"shipping-taxable","13":"purchasable","14":"product-type-simple"},"_links":{"self":[{"href":"https:\/\/stoic-curie.212-227-153-4.plesk.page\/pt\/wp-json\/wp\/v2\/product\/748068","targetHints":{"allow":["GET"]}}],"collection":[{"href":"https:\/\/stoic-curie.212-227-153-4.plesk.page\/pt\/wp-json\/wp\/v2\/product"}],"about":[{"href":"https:\/\/stoic-curie.212-227-153-4.plesk.page\/pt\/wp-json\/wp\/v2\/types\/product"}],"replies":[{"embeddable":true,"href":"https:\/\/stoic-curie.212-227-153-4.plesk.page\/pt\/wp-json\/wp\/v2\/comments?post=748068"}],"version-history":[{"count":0,"href":"https:\/\/stoic-curie.212-227-153-4.plesk.page\/pt\/wp-json\/wp\/v2\/product\/748068\/revisions"}],"wp:featuredmedia":[{"embeddable":true,"href":"https:\/\/stoic-curie.212-227-153-4.plesk.page\/pt\/wp-json\/wp\/v2\/media\/5941414"}],"wp:attachment":[{"href":"https:\/\/stoic-curie.212-227-153-4.plesk.page\/pt\/wp-json\/wp\/v2\/media?parent=748068"}],"wp:term":[{"taxonomy":"product_brand","embeddable":true,"href":"https:\/\/stoic-curie.212-227-153-4.plesk.page\/pt\/wp-json\/wp\/v2\/product_brand?post=748068"},{"taxonomy":"product_cat","embeddable":true,"href":"https:\/\/stoic-curie.212-227-153-4.plesk.page\/pt\/wp-json\/wp\/v2\/product_cat?post=748068"},{"taxonomy":"product_tag","embeddable":true,"href":"https:\/\/stoic-curie.212-227-153-4.plesk.page\/pt\/wp-json\/wp\/v2\/product_tag?post=748068"}],"curies":[{"name":"wp","href":"https:\/\/api.w.org\/{rel}","templated":true}]}}