{"id":748084,"date":"2025-03-03T21:05:38","date_gmt":"2025-03-03T20:05:38","guid":{"rendered":"https:\/\/stoic-curie.212-227-153-4.plesk.page\/producto\/volante-em-aco-inoxidavel-com-revestimento-de-poliuretano-cinza-350mm\/"},"modified":"2026-02-25T00:27:57","modified_gmt":"2026-02-25T00:27:57","slug":"volante-em-aco-inoxidavel-com-revestimento-de-poliuretano-cinza-350mm","status":"publish","type":"product","link":"https:\/\/stoic-curie.212-227-153-4.plesk.page\/pt\/product\/volante-em-aco-inoxidavel-com-revestimento-de-poliuretano-cinza-350mm\/","title":{"rendered":"Volante em A\u00e7o Inoxid\u00e1vel com Revestimento de Poliuretano Cinza 350mm"},"content":{"rendered":"<p>Volante em A\u00e7o Inoxid\u00e1vel com Revestimento de Poliuretano Cinza 350mm &#8211; <\/p>\n<p>Volantes de a\u00e7o inoxid\u00e1vel de 3 raios com pega de poliuretano ou bri\u00f3fitas. An\u00e9is de acabamento em a\u00e7o inoxid\u00e1vel.<\/p>\n","protected":false},"excerpt":{"rendered":"<p>Volante em A\u00e7o Inoxid\u00e1vel com Revestimento de Poliuretano Cinza 350mm &#8211; Volantes de a\u00e7o inoxid\u00e1vel de 3 raios com pega<\/p>\n","protected":false},"featured_media":5941449,"comment_status":"open","ping_status":"closed","template":"","meta":[],"product_brand":[3332],"product_cat":[2109],"product_tag":[],"class_list":{"0":"post-748084","1":"product","2":"type-product","3":"status-publish","4":"has-post-thumbnail","6":"product_brand-savoretti-pt","7":"product_cat-rodas-de-leme","9":"first","10":"instock","11":"shipping-taxable","12":"purchasable","13":"product-type-simple"},"_links":{"self":[{"href":"https:\/\/stoic-curie.212-227-153-4.plesk.page\/pt\/wp-json\/wp\/v2\/product\/748084","targetHints":{"allow":["GET"]}}],"collection":[{"href":"https:\/\/stoic-curie.212-227-153-4.plesk.page\/pt\/wp-json\/wp\/v2\/product"}],"about":[{"href":"https:\/\/stoic-curie.212-227-153-4.plesk.page\/pt\/wp-json\/wp\/v2\/types\/product"}],"replies":[{"embeddable":true,"href":"https:\/\/stoic-curie.212-227-153-4.plesk.page\/pt\/wp-json\/wp\/v2\/comments?post=748084"}],"version-history":[{"count":0,"href":"https:\/\/stoic-curie.212-227-153-4.plesk.page\/pt\/wp-json\/wp\/v2\/product\/748084\/revisions"}],"wp:featuredmedia":[{"embeddable":true,"href":"https:\/\/stoic-curie.212-227-153-4.plesk.page\/pt\/wp-json\/wp\/v2\/media\/5941449"}],"wp:attachment":[{"href":"https:\/\/stoic-curie.212-227-153-4.plesk.page\/pt\/wp-json\/wp\/v2\/media?parent=748084"}],"wp:term":[{"taxonomy":"product_brand","embeddable":true,"href":"https:\/\/stoic-curie.212-227-153-4.plesk.page\/pt\/wp-json\/wp\/v2\/product_brand?post=748084"},{"taxonomy":"product_cat","embeddable":true,"href":"https:\/\/stoic-curie.212-227-153-4.plesk.page\/pt\/wp-json\/wp\/v2\/product_cat?post=748084"},{"taxonomy":"product_tag","embeddable":true,"href":"https:\/\/stoic-curie.212-227-153-4.plesk.page\/pt\/wp-json\/wp\/v2\/product_tag?post=748084"}],"curies":[{"name":"wp","href":"https:\/\/api.w.org\/{rel}","templated":true}]}}