{"id":748093,"date":"2025-03-03T21:05:41","date_gmt":"2025-03-03T20:05:41","guid":{"rendered":"https:\/\/stoic-curie.212-227-153-4.plesk.page\/producto\/assento-de-substituicao-marfim-para-tecma-silence-plus-t-278c\/"},"modified":"2026-02-25T00:27:57","modified_gmt":"2026-02-25T00:27:57","slug":"assento-de-substituicao-marfim-para-tecma-silence-plus-t-278c","status":"publish","type":"product","link":"https:\/\/stoic-curie.212-227-153-4.plesk.page\/pt\/product\/assento-de-substituicao-marfim-para-tecma-silence-plus-t-278c\/","title":{"rendered":"Assento de Substitui\u00e7\u00e3o Marfim para Tecma Silence Plus T-278C"},"content":{"rendered":"<p>Assento de Substitui\u00e7\u00e3o Marfim para Tecma Silence Plus T-278C &#8211; <\/p>\n<p>S\u00e9ries de assentos e dobradi\u00e7as para toaletes Design (Breeze) e Flexi (Silence, Elegance). PE: assento cl\u00e1ssico e robusto de poli\u00e9ster, com tampa e assento vis\u00edveis. TE: assento moderno e leve de termofixo, com tampa que oculta o assento. Fechamento suave: dobradi\u00e7as com sistema de amortecimento para evitar danos e ru\u00eddos.<\/p>\n","protected":false},"excerpt":{"rendered":"<p>Assento de Substitui\u00e7\u00e3o Marfim para Tecma Silence Plus T-278C &#8211; S\u00e9ries de assentos e dobradi\u00e7as para toaletes Design (Breeze) e<\/p>\n","protected":false},"featured_media":5941493,"comment_status":"open","ping_status":"closed","template":"","meta":[],"product_brand":[3472],"product_cat":[1962],"product_tag":[],"class_list":{"0":"post-748093","1":"product","2":"type-product","3":"status-publish","4":"has-post-thumbnail","6":"product_brand-tecma-pt","7":"product_cat-sanitarios-e-casas-de-banho","9":"first","10":"instock","11":"shipping-taxable","12":"purchasable","13":"product-type-simple"},"_links":{"self":[{"href":"https:\/\/stoic-curie.212-227-153-4.plesk.page\/pt\/wp-json\/wp\/v2\/product\/748093","targetHints":{"allow":["GET"]}}],"collection":[{"href":"https:\/\/stoic-curie.212-227-153-4.plesk.page\/pt\/wp-json\/wp\/v2\/product"}],"about":[{"href":"https:\/\/stoic-curie.212-227-153-4.plesk.page\/pt\/wp-json\/wp\/v2\/types\/product"}],"replies":[{"embeddable":true,"href":"https:\/\/stoic-curie.212-227-153-4.plesk.page\/pt\/wp-json\/wp\/v2\/comments?post=748093"}],"version-history":[{"count":0,"href":"https:\/\/stoic-curie.212-227-153-4.plesk.page\/pt\/wp-json\/wp\/v2\/product\/748093\/revisions"}],"wp:featuredmedia":[{"embeddable":true,"href":"https:\/\/stoic-curie.212-227-153-4.plesk.page\/pt\/wp-json\/wp\/v2\/media\/5941493"}],"wp:attachment":[{"href":"https:\/\/stoic-curie.212-227-153-4.plesk.page\/pt\/wp-json\/wp\/v2\/media?parent=748093"}],"wp:term":[{"taxonomy":"product_brand","embeddable":true,"href":"https:\/\/stoic-curie.212-227-153-4.plesk.page\/pt\/wp-json\/wp\/v2\/product_brand?post=748093"},{"taxonomy":"product_cat","embeddable":true,"href":"https:\/\/stoic-curie.212-227-153-4.plesk.page\/pt\/wp-json\/wp\/v2\/product_cat?post=748093"},{"taxonomy":"product_tag","embeddable":true,"href":"https:\/\/stoic-curie.212-227-153-4.plesk.page\/pt\/wp-json\/wp\/v2\/product_tag?post=748093"}],"curies":[{"name":"wp","href":"https:\/\/api.w.org\/{rel}","templated":true}]}}