{"id":748102,"date":"2025-03-03T21:05:45","date_gmt":"2025-03-03T20:05:45","guid":{"rendered":"https:\/\/stoic-curie.212-227-153-4.plesk.page\/producto\/guincho-de-ancora-quick-prince-dp1-500w-d-12v-com-tambor-corrente-de-6mm\/"},"modified":"2026-02-25T00:27:57","modified_gmt":"2026-02-25T00:27:57","slug":"guincho-de-ancora-quick-prince-dp1-500w-d-12v-com-tambor-corrente-de-6mm","status":"publish","type":"product","link":"https:\/\/stoic-curie.212-227-153-4.plesk.page\/pt\/product\/guincho-de-ancora-quick-prince-dp1-500w-d-12v-com-tambor-corrente-de-6mm\/","title":{"rendered":"Guincho de \u00c2ncora Quick Prince DP1 500W-D 12v &#8211; com Tambor &#8211; corrente de 6mm"},"content":{"rendered":"<p>Guincho de \u00c2ncora Quick Prince DP1 500W-D 12v &#8211; com Tambor &#8211; corrente de 6mm &#8211; <\/p>\n<p style=\"color: rgb(34, 34, 34); font-family: Arial, Helvetica, sans-serif; font-size: small;\">Apresentamos o Prince DP1 512D, uma \u00e2ncora el\u00e9trica r\u00e1pida e confi\u00e1vel, projetada para entusiastas de barcos. Este guincho apresenta pe\u00e7as de tra\u00e7\u00e3o dur\u00e1veis feitas de bronze e a\u00e7o inoxid\u00e1vel, garantindo longevidade e desempenho. Inclui um sensor de contador de corrente e um sistema manual de queda livre da corrente para maior conveni\u00eancia. A base e a caixa s\u00e3o constru\u00eddas em a\u00e7o inoxid\u00e1vel, com uma estrutura interna composta, e o motor possui classifica\u00e7\u00e3o IP67 para prote\u00e7\u00e3o \u00e0 prova d&#8217;\u00e1gua.<\/p>\n<p style=\"color: rgb(34, 34, 34); font-family: Arial, Helvetica, sans-serif; font-size: small;\">O guincho possui uma base em a\u00e7o inoxid\u00e1vel 316, que inclui um tubo de corrente embutido e um tambor tamb\u00e9m em a\u00e7o inoxid\u00e1vel 316. \u00c9 equipado com uma roldana compat\u00edvel com corrente de 6 mm que atende aos padr\u00f5es DIN766 ou ISO e est\u00e1 equipado com um sensor de contador de corrente. Al\u00e9m disso, vem com uma caixa de rel\u00e9 e uma roldana, dispon\u00edvel com ou sem tambor. O motor possui classifica\u00e7\u00e3o IP66 para prote\u00e7\u00e3o \u00e0 prova d&#8217;\u00e1gua.<\/p>\n<p style=\"color: rgb(34, 34, 34); font-family: Arial, Helvetica, sans-serif; font-size: small;\">O Prince DP1 512D \u00e9 ideal para barcos com tamanhos variando de 5 metros a 8,5 metros (16 a 28 p\u00e9s).<\/p>\n<p style=\"color: rgb(34, 34, 34); font-family: Arial, Helvetica, sans-serif; font-size: small;\">Especifica\u00e7\u00f5es:<\/p>\n<ul style=\"color: rgb(34, 34, 34); font-family: Arial, Helvetica, sans-serif; font-size: small;\">\n<li>Tambor: Sim<\/li>\n<li>Pot\u00eancia do Motor: 500 W<\/li>\n<li>Tens\u00e3o de Entrada: 12 V<\/li>\n<li>Puxada M\u00e1xima: 660 kg<\/li>\n<li>Capacidade M\u00e1xima de Trabalho: 200 kg<\/li>\n<li>Carga de Trabalho: 65 kg<\/li>\n<li>Velocidade da Corrente em Carga de Trabalho: 18,5 m\/min<\/li>\n<li>Absor\u00e7\u00e3o de Corrente em Carga de Trabalho: 80 A<\/li>\n<li>Espessura do Conv\u00e9s: 20-30 mm<\/li>\n<li>Peso: 8,8 kg<\/li>\n<li>Tamanho da Roldana: 6 mm<\/li>\n<\/ul>\n<p style=\"color: rgb(34, 34, 34); font-family: Arial, Helvetica, sans-serif; font-size: small;\">Este guincho combina qualidade e funcionalidade, tornando-se uma excelente escolha para suas necessidades de navega\u00e7\u00e3o.<\/p>\n","protected":false},"excerpt":{"rendered":"<p>Guincho de \u00c2ncora Quick Prince DP1 500W-D 12v &#8211; com Tambor &#8211; corrente de 6mm &#8211; Apresentamos o Prince DP1<\/p>\n","protected":false},"featured_media":5941605,"comment_status":"open","ping_status":"closed","template":"","meta":[],"product_brand":[3282],"product_cat":[1898],"product_tag":[],"class_list":{"0":"post-748102","1":"product","2":"type-product","3":"status-publish","4":"has-post-thumbnail","6":"product_brand-quick-pt","7":"product_cat-molinetes-quick-amarracao-e-fundear","9":"first","10":"instock","11":"shipping-taxable","12":"purchasable","13":"product-type-simple"},"_links":{"self":[{"href":"https:\/\/stoic-curie.212-227-153-4.plesk.page\/pt\/wp-json\/wp\/v2\/product\/748102","targetHints":{"allow":["GET"]}}],"collection":[{"href":"https:\/\/stoic-curie.212-227-153-4.plesk.page\/pt\/wp-json\/wp\/v2\/product"}],"about":[{"href":"https:\/\/stoic-curie.212-227-153-4.plesk.page\/pt\/wp-json\/wp\/v2\/types\/product"}],"replies":[{"embeddable":true,"href":"https:\/\/stoic-curie.212-227-153-4.plesk.page\/pt\/wp-json\/wp\/v2\/comments?post=748102"}],"version-history":[{"count":0,"href":"https:\/\/stoic-curie.212-227-153-4.plesk.page\/pt\/wp-json\/wp\/v2\/product\/748102\/revisions"}],"wp:featuredmedia":[{"embeddable":true,"href":"https:\/\/stoic-curie.212-227-153-4.plesk.page\/pt\/wp-json\/wp\/v2\/media\/5941605"}],"wp:attachment":[{"href":"https:\/\/stoic-curie.212-227-153-4.plesk.page\/pt\/wp-json\/wp\/v2\/media?parent=748102"}],"wp:term":[{"taxonomy":"product_brand","embeddable":true,"href":"https:\/\/stoic-curie.212-227-153-4.plesk.page\/pt\/wp-json\/wp\/v2\/product_brand?post=748102"},{"taxonomy":"product_cat","embeddable":true,"href":"https:\/\/stoic-curie.212-227-153-4.plesk.page\/pt\/wp-json\/wp\/v2\/product_cat?post=748102"},{"taxonomy":"product_tag","embeddable":true,"href":"https:\/\/stoic-curie.212-227-153-4.plesk.page\/pt\/wp-json\/wp\/v2\/product_tag?post=748102"}],"curies":[{"name":"wp","href":"https:\/\/api.w.org\/{rel}","templated":true}]}}