{"id":748103,"date":"2025-03-03T21:05:46","date_gmt":"2025-03-03T20:05:46","guid":{"rendered":"https:\/\/stoic-curie.212-227-153-4.plesk.page\/producto\/guincho-de-ancora-quick-prince-dp2e-800w-12v-sem-tambor-corrente-de-6mm\/"},"modified":"2026-02-25T00:27:57","modified_gmt":"2026-02-25T00:27:57","slug":"guincho-de-ancora-quick-prince-dp2e-800w-12v-sem-tambor-corrente-de-6mm","status":"publish","type":"product","link":"https:\/\/stoic-curie.212-227-153-4.plesk.page\/pt\/product\/guincho-de-ancora-quick-prince-dp2e-800w-12v-sem-tambor-corrente-de-6mm\/","title":{"rendered":"Guincho de \u00c2ncora Quick Prince DP2E 800W 12v Sem Tambor &#8211; corrente de 6mm"},"content":{"rendered":"<p>Guincho de \u00c2ncora Quick Prince DP2E 800W 12v Sem Tambor &#8211; corrente de 6mm &#8211; <\/p>\n<p><strong>Winch de \u00c2ncora Quick Prince DP2E 1000 &#8211; Apenas Gypsy &#8211; Corrente de 6mm<\/strong><\/p>\n<p>Este winch de \u00e2ncora \u00e9 projetado especificamente para barcos medindo entre 7 metros e 12 metros (23 a 40 p\u00e9s). Possui componentes de tra\u00e7\u00e3o fortes, feitos de bronze e a\u00e7o inoxid\u00e1vel, garantindo durabilidade.<\/p>\n<p>O winch vem equipado com um sensor de contador de corrente e um sistema manual de queda livre. Sua base e caixa s\u00e3o constru\u00eddas em alum\u00ednio anodizado e inclui um motor \u00e0 prova d&#8217;\u00e1gua IP67, proporcionando desempenho confi\u00e1vel em v\u00e1rias condi\u00e7\u00f5es. A instala\u00e7\u00e3o \u00e9 simples e pode ser feita de cima para baixo. O pacote inclui uma caixa de controle e uma al\u00e7a para sua conveni\u00eancia.<\/p>\n<p><strong>Caracter\u00edsticas Principais:<\/strong><\/p>\n<ul>\n<li>Uma base de a\u00e7o inoxid\u00e1vel 316 e uma caixa de engrenagem epicyclical de alum\u00ednio anodizado.<\/li>\n<li>Um gypsy de corda\/corrente com um sensor de contador de corrente.<\/li>\n<li>Uma tampa de inspe\u00e7\u00e3o e um bra\u00e7o de press\u00e3o.<\/li>\n<li>Uma caixa de rel\u00e9 e um gypsy (dispon\u00edvel com ou sem tambor).<\/li>\n<li>Um motor \u00e0 prova d&#8217;\u00e1gua IP67.<\/li>\n<\/ul>\n<p><strong>Especifica\u00e7\u00f5es:<\/strong><\/p>\n<ul>\n<li>Tambor: N\u00e3o<\/li>\n<li>Pot\u00eancia do Motor: 800 W<\/li>\n<li>Tens\u00e3o de Entrada: 12 V<\/li>\n<li>Tens\u00e3o M\u00e1xima: 820 kg<\/li>\n<li>Carga M\u00e1xima de Trabalho: 290 kg<\/li>\n<li>Carga de Trabalho: 95 kg<\/li>\n<li>Velocidade da Corrente na Carga de Trabalho: 15,2 m\/min<\/li>\n<li>Absor\u00e7\u00e3o de Corrente na Carga de Trabalho: 84 A<\/li>\n<li>Espessura do Conv\u00e9s: 20-40 mm<\/li>\n<li>Peso: 9,5 kg<\/li>\n<li>Tamanho de Gypsy: 6 mm<\/li>\n<\/ul>\n<p>Este winch oferece a combina\u00e7\u00e3o perfeita de qualidade e funcionalidade, tornando-o uma excelente escolha para suas necessidades de navega\u00e7\u00e3o.<\/p>\n","protected":false},"excerpt":{"rendered":"<p>Guincho de \u00c2ncora Quick Prince DP2E 800W 12v Sem Tambor &#8211; corrente de 6mm &#8211; Winch de \u00c2ncora Quick Prince<\/p>\n","protected":false},"featured_media":5941609,"comment_status":"open","ping_status":"closed","template":"","meta":[],"product_brand":[3282],"product_cat":[1898],"product_tag":[],"class_list":{"0":"post-748103","1":"product","2":"type-product","3":"status-publish","4":"has-post-thumbnail","6":"product_brand-quick-pt","7":"product_cat-molinetes-quick-amarracao-e-fundear","9":"first","10":"instock","11":"shipping-taxable","12":"purchasable","13":"product-type-simple"},"_links":{"self":[{"href":"https:\/\/stoic-curie.212-227-153-4.plesk.page\/pt\/wp-json\/wp\/v2\/product\/748103","targetHints":{"allow":["GET"]}}],"collection":[{"href":"https:\/\/stoic-curie.212-227-153-4.plesk.page\/pt\/wp-json\/wp\/v2\/product"}],"about":[{"href":"https:\/\/stoic-curie.212-227-153-4.plesk.page\/pt\/wp-json\/wp\/v2\/types\/product"}],"replies":[{"embeddable":true,"href":"https:\/\/stoic-curie.212-227-153-4.plesk.page\/pt\/wp-json\/wp\/v2\/comments?post=748103"}],"version-history":[{"count":0,"href":"https:\/\/stoic-curie.212-227-153-4.plesk.page\/pt\/wp-json\/wp\/v2\/product\/748103\/revisions"}],"wp:featuredmedia":[{"embeddable":true,"href":"https:\/\/stoic-curie.212-227-153-4.plesk.page\/pt\/wp-json\/wp\/v2\/media\/5941609"}],"wp:attachment":[{"href":"https:\/\/stoic-curie.212-227-153-4.plesk.page\/pt\/wp-json\/wp\/v2\/media?parent=748103"}],"wp:term":[{"taxonomy":"product_brand","embeddable":true,"href":"https:\/\/stoic-curie.212-227-153-4.plesk.page\/pt\/wp-json\/wp\/v2\/product_brand?post=748103"},{"taxonomy":"product_cat","embeddable":true,"href":"https:\/\/stoic-curie.212-227-153-4.plesk.page\/pt\/wp-json\/wp\/v2\/product_cat?post=748103"},{"taxonomy":"product_tag","embeddable":true,"href":"https:\/\/stoic-curie.212-227-153-4.plesk.page\/pt\/wp-json\/wp\/v2\/product_tag?post=748103"}],"curies":[{"name":"wp","href":"https:\/\/api.w.org\/{rel}","templated":true}]}}