{"id":748105,"date":"2025-03-03T21:05:47","date_gmt":"2025-03-03T20:05:47","guid":{"rendered":"https:\/\/stoic-curie.212-227-153-4.plesk.page\/producto\/ancora-toro-galvanizada-de-6-kg\/"},"modified":"2026-02-25T00:27:57","modified_gmt":"2026-02-25T00:27:57","slug":"ancora-toro-galvanizada-de-6-kg","status":"publish","type":"product","link":"https:\/\/stoic-curie.212-227-153-4.plesk.page\/pt\/product\/ancora-toro-galvanizada-de-6-kg\/","title":{"rendered":"\u00c2ncora Toro Galvanizada de 6 kg"},"content":{"rendered":"<p>\u00c2ncora Toro Galvanizada de 6 kg &#8211; <\/p>\n<p>O \u00e2ncora de a\u00e7o galvanizado \u00e9 projetada especificamente para fundos marinhos suaves, como areia, lama e lodo. Sua distribui\u00e7\u00e3o de peso \u00fanica permite uma r\u00e1pida penetra\u00e7\u00e3o e uma fixa\u00e7\u00e3o est\u00e1vel. Fabricado em a\u00e7o mangan\u00eas galvanizado de alta qualidade, este \u00e2ncora em uma pe\u00e7a \u00e9 equilibrada para f\u00e1cil implanta\u00e7\u00e3o a partir de rolos de proa, tornando-o adequado para guinchos remotos. O peso pesado assegura um engajamento imediato com o fundo do mar, e vem com uma garantia de quebra vital\u00edcia.<\/p>\n<p><strong>As caracter\u00edsticas incluem:<\/strong><\/p>\n<ul>\n<li>A\u00e7o mangan\u00eas galvanizado de alta qualidade<\/li>\n<li>Perfil de haste \u00fanico<\/li>\n<li>Ponta lastreada<\/li>\n<li>Design auto-lan\u00e7ador<\/li>\n<li>Baixo centro de gravidade<\/li>\n<li>Geometria auto-endireitadora<\/li>\n<li>Defini\u00e7\u00e3o imediata<\/li>\n<li>Rendimento confi\u00e1vel<\/li>\n<\/ul>\n<p>A galvaniza\u00e7\u00e3o a quente \u00e9 um acabamento popular para \u00e2ncoras, oferecendo resist\u00eancia e durabilidade a um pre\u00e7o mais acess\u00edvel do que o a\u00e7o inoxid\u00e1vel. Embora \u00e2ncoras avan\u00e7adas estejam dispon\u00edveis, os projetos tradicionais permanecem para aqueles que preferem formas cl\u00e1ssicas. \u00c2ncoras de a\u00e7o galvanizado mais antigas s\u00e3o geralmente mais rent\u00e1veis para compatibilidade com rolos de proa, permitindo f\u00e1cil substitui\u00e7\u00e3o sem modifica\u00e7\u00f5es, o que pode economizar dinheiro. Os fabricantes fornecem dimens\u00f5es detalhadas para auxiliar na instala\u00e7\u00e3o.<\/p>\n","protected":false},"excerpt":{"rendered":"<p>\u00c2ncora Toro Galvanizada de 6 kg &#8211; O \u00e2ncora de a\u00e7o galvanizado \u00e9 projetada especificamente para fundos marinhos suaves, como<\/p>\n","protected":false},"featured_media":5941611,"comment_status":"open","ping_status":"closed","template":"","meta":[],"product_brand":[3087],"product_cat":[2153],"product_tag":[],"class_list":{"0":"post-748105","1":"product","2":"type-product","3":"status-publish","4":"has-post-thumbnail","6":"product_brand-maggigroup-pt","7":"product_cat-ancoras-delta","9":"first","10":"instock","11":"shipping-taxable","12":"purchasable","13":"product-type-simple"},"_links":{"self":[{"href":"https:\/\/stoic-curie.212-227-153-4.plesk.page\/pt\/wp-json\/wp\/v2\/product\/748105","targetHints":{"allow":["GET"]}}],"collection":[{"href":"https:\/\/stoic-curie.212-227-153-4.plesk.page\/pt\/wp-json\/wp\/v2\/product"}],"about":[{"href":"https:\/\/stoic-curie.212-227-153-4.plesk.page\/pt\/wp-json\/wp\/v2\/types\/product"}],"replies":[{"embeddable":true,"href":"https:\/\/stoic-curie.212-227-153-4.plesk.page\/pt\/wp-json\/wp\/v2\/comments?post=748105"}],"version-history":[{"count":0,"href":"https:\/\/stoic-curie.212-227-153-4.plesk.page\/pt\/wp-json\/wp\/v2\/product\/748105\/revisions"}],"wp:featuredmedia":[{"embeddable":true,"href":"https:\/\/stoic-curie.212-227-153-4.plesk.page\/pt\/wp-json\/wp\/v2\/media\/5941611"}],"wp:attachment":[{"href":"https:\/\/stoic-curie.212-227-153-4.plesk.page\/pt\/wp-json\/wp\/v2\/media?parent=748105"}],"wp:term":[{"taxonomy":"product_brand","embeddable":true,"href":"https:\/\/stoic-curie.212-227-153-4.plesk.page\/pt\/wp-json\/wp\/v2\/product_brand?post=748105"},{"taxonomy":"product_cat","embeddable":true,"href":"https:\/\/stoic-curie.212-227-153-4.plesk.page\/pt\/wp-json\/wp\/v2\/product_cat?post=748105"},{"taxonomy":"product_tag","embeddable":true,"href":"https:\/\/stoic-curie.212-227-153-4.plesk.page\/pt\/wp-json\/wp\/v2\/product_tag?post=748105"}],"curies":[{"name":"wp","href":"https:\/\/api.w.org\/{rel}","templated":true}]}}