{"id":748120,"date":"2025-03-03T21:05:53","date_gmt":"2025-03-03T20:05:53","guid":{"rendered":"https:\/\/stoic-curie.212-227-153-4.plesk.page\/producto\/amortecedor-de-amarra-unimer-u-cleat-para-corda-de-16-20mm\/"},"modified":"2026-02-25T00:27:57","modified_gmt":"2026-02-25T00:27:57","slug":"amortecedor-de-amarra-unimer-u-cleat-para-corda-de-16-20mm","status":"publish","type":"product","link":"https:\/\/stoic-curie.212-227-153-4.plesk.page\/pt\/product\/amortecedor-de-amarra-unimer-u-cleat-para-corda-de-16-20mm\/","title":{"rendered":"Amortecedor de Amarra Unimer U Cleat para corda de 16\/20mm"},"content":{"rendered":"<p>Amortecedor de Amarra Unimer U Cleat para corda de 16\/20mm &#8211; <\/p>\n<p>O snubber de amarra\u00e7\u00e3o U-Cleat apresenta um mecanismo de bloqueio remov\u00edvel. O U-Cleat pode ser facilmente reposicionado ap\u00f3s a instala\u00e7\u00e3o, transferido para outra linha ou colocado em uma linha com garateias ou argolas em ambas as extremidades. Feito em borracha EPDM refor\u00e7ada, oferece a maneira de amarrar mais f\u00e1cil e confort\u00e1vel, evitando danos a cordas e cleats, enquanto prolonga a vida \u00fatil do seu barco. O comprimento do movimento compensat\u00f3rio pode ser variado enrolando a linha um n\u00famero diferente de voltas em torno do compensador (nunca mais do que 3): mais voltas, mais compensa\u00e7\u00e3o.<\/p>\n","protected":false},"excerpt":{"rendered":"<p>Amortecedor de Amarra Unimer U Cleat para corda de 16\/20mm &#8211; O snubber de amarra\u00e7\u00e3o U-Cleat apresenta um mecanismo de<\/p>\n","protected":false},"featured_media":5939668,"comment_status":"open","ping_status":"closed","template":"","meta":[],"product_brand":[3507],"product_cat":[1911],"product_tag":[],"class_list":{"0":"post-748120","1":"product","2":"type-product","3":"status-publish","4":"has-post-thumbnail","6":"product_brand-unimer-pt","7":"product_cat-amortecedores-de-amarracao","9":"first","10":"instock","11":"shipping-taxable","12":"purchasable","13":"product-type-simple"},"_links":{"self":[{"href":"https:\/\/stoic-curie.212-227-153-4.plesk.page\/pt\/wp-json\/wp\/v2\/product\/748120","targetHints":{"allow":["GET"]}}],"collection":[{"href":"https:\/\/stoic-curie.212-227-153-4.plesk.page\/pt\/wp-json\/wp\/v2\/product"}],"about":[{"href":"https:\/\/stoic-curie.212-227-153-4.plesk.page\/pt\/wp-json\/wp\/v2\/types\/product"}],"replies":[{"embeddable":true,"href":"https:\/\/stoic-curie.212-227-153-4.plesk.page\/pt\/wp-json\/wp\/v2\/comments?post=748120"}],"version-history":[{"count":0,"href":"https:\/\/stoic-curie.212-227-153-4.plesk.page\/pt\/wp-json\/wp\/v2\/product\/748120\/revisions"}],"wp:featuredmedia":[{"embeddable":true,"href":"https:\/\/stoic-curie.212-227-153-4.plesk.page\/pt\/wp-json\/wp\/v2\/media\/5939668"}],"wp:attachment":[{"href":"https:\/\/stoic-curie.212-227-153-4.plesk.page\/pt\/wp-json\/wp\/v2\/media?parent=748120"}],"wp:term":[{"taxonomy":"product_brand","embeddable":true,"href":"https:\/\/stoic-curie.212-227-153-4.plesk.page\/pt\/wp-json\/wp\/v2\/product_brand?post=748120"},{"taxonomy":"product_cat","embeddable":true,"href":"https:\/\/stoic-curie.212-227-153-4.plesk.page\/pt\/wp-json\/wp\/v2\/product_cat?post=748120"},{"taxonomy":"product_tag","embeddable":true,"href":"https:\/\/stoic-curie.212-227-153-4.plesk.page\/pt\/wp-json\/wp\/v2\/product_tag?post=748120"}],"curies":[{"name":"wp","href":"https:\/\/api.w.org\/{rel}","templated":true}]}}