{"id":748121,"date":"2025-03-03T21:05:54","date_gmt":"2025-03-03T20:05:54","guid":{"rendered":"https:\/\/stoic-curie.212-227-153-4.plesk.page\/producto\/boia-majoni-wb-a6-branca-850mm\/"},"modified":"2026-02-25T00:27:57","modified_gmt":"2026-02-25T00:27:57","slug":"boia-majoni-wb-a6-branca-850mm","status":"publish","type":"product","link":"https:\/\/stoic-curie.212-227-153-4.plesk.page\/pt\/product\/boia-majoni-wb-a6-branca-850mm\/","title":{"rendered":"B\u00f3ia Majoni WB-A6 Branca 850mm"},"content":{"rendered":"<p>B\u00f3ia Majoni WB-A6 Branca 850mm &#8211; <\/p>\n<p>B\u00f3ias de p\u00eara de alta resist\u00eancia com ilh\u00f3s refor\u00e7ados.<\/p>\n","protected":false},"excerpt":{"rendered":"<p>B\u00f3ia Majoni WB-A6 Branca 850mm &#8211; B\u00f3ias de p\u00eara de alta resist\u00eancia com ilh\u00f3s refor\u00e7ados.<\/p>\n","protected":false},"featured_media":5941247,"comment_status":"open","ping_status":"closed","template":"","meta":[],"product_brand":[3092],"product_cat":[2137],"product_tag":[],"class_list":{"0":"post-748121","1":"product","2":"type-product","3":"status-publish","4":"has-post-thumbnail","6":"product_brand-majoni-pt","7":"product_cat-boias-de-amarracao-e-sinalizacao","9":"first","10":"instock","11":"shipping-taxable","12":"purchasable","13":"product-type-simple"},"_links":{"self":[{"href":"https:\/\/stoic-curie.212-227-153-4.plesk.page\/pt\/wp-json\/wp\/v2\/product\/748121","targetHints":{"allow":["GET"]}}],"collection":[{"href":"https:\/\/stoic-curie.212-227-153-4.plesk.page\/pt\/wp-json\/wp\/v2\/product"}],"about":[{"href":"https:\/\/stoic-curie.212-227-153-4.plesk.page\/pt\/wp-json\/wp\/v2\/types\/product"}],"replies":[{"embeddable":true,"href":"https:\/\/stoic-curie.212-227-153-4.plesk.page\/pt\/wp-json\/wp\/v2\/comments?post=748121"}],"version-history":[{"count":0,"href":"https:\/\/stoic-curie.212-227-153-4.plesk.page\/pt\/wp-json\/wp\/v2\/product\/748121\/revisions"}],"wp:featuredmedia":[{"embeddable":true,"href":"https:\/\/stoic-curie.212-227-153-4.plesk.page\/pt\/wp-json\/wp\/v2\/media\/5941247"}],"wp:attachment":[{"href":"https:\/\/stoic-curie.212-227-153-4.plesk.page\/pt\/wp-json\/wp\/v2\/media?parent=748121"}],"wp:term":[{"taxonomy":"product_brand","embeddable":true,"href":"https:\/\/stoic-curie.212-227-153-4.plesk.page\/pt\/wp-json\/wp\/v2\/product_brand?post=748121"},{"taxonomy":"product_cat","embeddable":true,"href":"https:\/\/stoic-curie.212-227-153-4.plesk.page\/pt\/wp-json\/wp\/v2\/product_cat?post=748121"},{"taxonomy":"product_tag","embeddable":true,"href":"https:\/\/stoic-curie.212-227-153-4.plesk.page\/pt\/wp-json\/wp\/v2\/product_tag?post=748121"}],"curies":[{"name":"wp","href":"https:\/\/api.w.org\/{rel}","templated":true}]}}