{"id":748123,"date":"2025-03-03T21:05:54","date_gmt":"2025-03-03T20:05:54","guid":{"rendered":"https:\/\/stoic-curie.212-227-153-4.plesk.page\/producto\/bomba-de-pressurizacao-de-agua-bw-max-m4-12v-16lt-por-minuto\/"},"modified":"2026-02-25T00:27:57","modified_gmt":"2026-02-25T00:27:57","slug":"bomba-de-pressurizacao-de-agua-bw-max-m4-12v-16lt-por-minuto","status":"publish","type":"product","link":"https:\/\/stoic-curie.212-227-153-4.plesk.page\/pt\/product\/bomba-de-pressurizacao-de-agua-bw-max-m4-12v-16lt-por-minuto\/","title":{"rendered":"Bomba de Pressuriza\u00e7\u00e3o de \u00c1gua BW-Max M4 12v 16lt por minuto"},"content":{"rendered":"<p>Bomba de Pressuriza\u00e7\u00e3o de \u00c1gua BW-Max M4 12v 16lt por minuto &#8211; <\/p>\n<p>Bomba de press\u00e3o de \u00e1gua doce BW-Max M4 para pias e chuveiros, para 2 a 4 utilidades.<\/p>\n","protected":false},"excerpt":{"rendered":"<p>Bomba de Pressuriza\u00e7\u00e3o de \u00c1gua BW-Max M4 12v 16lt por minuto &#8211; Bomba de press\u00e3o de \u00e1gua doce BW-Max M4<\/p>\n","protected":false},"featured_media":5941646,"comment_status":"open","ping_status":"closed","template":"","meta":[],"product_brand":[3047],"product_cat":[1947],"product_tag":[],"class_list":{"0":"post-748123","1":"product","2":"type-product","3":"status-publish","4":"has-post-thumbnail","6":"product_brand-johnson-marine-pt","7":"product_cat-bombas-de-pressao-de-agua","9":"first","10":"instock","11":"shipping-taxable","12":"purchasable","13":"product-type-simple"},"_links":{"self":[{"href":"https:\/\/stoic-curie.212-227-153-4.plesk.page\/pt\/wp-json\/wp\/v2\/product\/748123","targetHints":{"allow":["GET"]}}],"collection":[{"href":"https:\/\/stoic-curie.212-227-153-4.plesk.page\/pt\/wp-json\/wp\/v2\/product"}],"about":[{"href":"https:\/\/stoic-curie.212-227-153-4.plesk.page\/pt\/wp-json\/wp\/v2\/types\/product"}],"replies":[{"embeddable":true,"href":"https:\/\/stoic-curie.212-227-153-4.plesk.page\/pt\/wp-json\/wp\/v2\/comments?post=748123"}],"version-history":[{"count":0,"href":"https:\/\/stoic-curie.212-227-153-4.plesk.page\/pt\/wp-json\/wp\/v2\/product\/748123\/revisions"}],"wp:featuredmedia":[{"embeddable":true,"href":"https:\/\/stoic-curie.212-227-153-4.plesk.page\/pt\/wp-json\/wp\/v2\/media\/5941646"}],"wp:attachment":[{"href":"https:\/\/stoic-curie.212-227-153-4.plesk.page\/pt\/wp-json\/wp\/v2\/media?parent=748123"}],"wp:term":[{"taxonomy":"product_brand","embeddable":true,"href":"https:\/\/stoic-curie.212-227-153-4.plesk.page\/pt\/wp-json\/wp\/v2\/product_brand?post=748123"},{"taxonomy":"product_cat","embeddable":true,"href":"https:\/\/stoic-curie.212-227-153-4.plesk.page\/pt\/wp-json\/wp\/v2\/product_cat?post=748123"},{"taxonomy":"product_tag","embeddable":true,"href":"https:\/\/stoic-curie.212-227-153-4.plesk.page\/pt\/wp-json\/wp\/v2\/product_tag?post=748123"}],"curies":[{"name":"wp","href":"https:\/\/api.w.org\/{rel}","templated":true}]}}