{"id":748125,"date":"2025-03-03T21:05:55","date_gmt":"2025-03-03T20:05:55","guid":{"rendered":"https:\/\/stoic-curie.212-227-153-4.plesk.page\/producto\/sanita-compacta-tecma-nano-12v-com-painel-eco\/"},"modified":"2026-02-25T00:27:57","modified_gmt":"2026-02-25T00:27:57","slug":"sanita-compacta-tecma-nano-12v-com-painel-eco","status":"publish","type":"product","link":"https:\/\/stoic-curie.212-227-153-4.plesk.page\/pt\/product\/sanita-compacta-tecma-nano-12v-com-painel-eco\/","title":{"rendered":"Sanit\u00e1rio Tecma Nano 12v (Painel Ecol\u00f3gico)"},"content":{"rendered":"<p>Sanit\u00e1rio Tecma Nano 12v (Painel Ecol\u00f3gico) &#8211; <\/p>\n<p>Descubra o vaso sanit\u00e1rio Tecma Nano 12v com painel Eco. Estamos entusiasmados em apresentar o vaso sanit\u00e1rio compacto Tecma Nano, que possui um assento de termofixo que combina conforto com um design que economiza espa\u00e7o, oferecendo um desempenho excepcional. Este vaso sanit\u00e1rio \u00e9 equipado com uma robusta bomba maceradora, garantindo um uso m\u00ednimo de \u00e1gua e eletricidade, al\u00e9m de n\u00edveis de ru\u00eddo reduzidos. O processo de instala\u00e7\u00e3o e fia\u00e7\u00e3o \u00e9 simples e r\u00e1pido, sem exigir manuten\u00e7\u00e3o cont\u00ednua.<\/p>\n<p>O Tecma Nano pode ser operado atrav\u00e9s de dois pain\u00e9is distintos:<\/p>\n<ul>\n<li><strong>Painel Eco<\/strong>: Este painel conta com um bot\u00e3o para ativar tanto as fun\u00e7\u00f5es de carga quanto de descarga.<\/li>\n<li><strong>Painel SFT Tudo-em-Um<\/strong>: Este painel de dois bot\u00f5es inclui a tecnologia Smart Flush, que ajuda a reduzir o consumo de \u00e1gua e o ru\u00eddo. Al\u00e9m disso, possui um indicador para monitorar o tanque de \u00e1guas residuais e uma fun\u00e7\u00e3o para evitar o transbordamento de \u00e1gua de carga.<\/li>\n<\/ul>\n<p>Como o modelo mais compacto dispon\u00edvel, o Nano combina conforto, confiabilidade e desempenho. Ele mede apenas 295 mm de altura e opera com a mesma tranquilidade que outros vasos sanit\u00e1rios el\u00e9tricos da Tecma. Fabricado em cer\u00e2mica branca italiana, possui um assento de poli\u00e9ster termofixo e vem equipado com um painel de controle Eco Rocker Switch. \u00c9 projetado para instala\u00e7\u00e3o com uma bomba de entrada de \u00e1gua do mar e inclui uma solen\u00f3ide para contornar o sistema de encanamento a bordo.<\/p>\n<p>O vaso sanit\u00e1rio Nano utiliza tecnologia avan\u00e7ada de turbina, proporcionando uma descarga poderosa que resiste a entupimentos. Este modelo representa a combina\u00e7\u00e3o ideal de efici\u00eancia e design compacto, oferecendo o mesmo n\u00edvel de conforto que vasos sanit\u00e1rios maiores. Foi especialmente projetado para atender \u00e0s necessidades de embarca\u00e7\u00f5es com menos de 50 p\u00e9s (15 metros). A equipe de desenvolvimento de produtos da Thetford Marine elaborou uma solu\u00e7\u00e3o elegante que oferece flexibilidade para instala\u00e7\u00e3o devido ao seu tamanho compacto.<\/p>\n<p>As principais caracter\u00edsticas incluem:<\/p>\n<ul>\n<li>Dois v\u00e1lvulas de reten\u00e7\u00e3o junto com um sif\u00e3o para evitar odores desagrad\u00e1veis.<\/li>\n<li>Funcionamento excepcionalmente silencioso.<\/li>\n<li>Compatibilidade com sistemas de descarga de \u00e1gua bruta e de press\u00e3o.<\/li>\n<li>Uma tigela limpa e seca ap\u00f3s cada descarga poderosa.<\/li>\n<li>Um interruptor Eco f\u00e1cil de usar para minimizar o consumo de energia e \u00e1gua ou um controlador de descarga inteligente com recursos avan\u00e7ados para gerenciamento de descarga e tanque.<\/li>\n<\/ul>\n<p>O desempenho da bomba maceradora atende a todos os padr\u00f5es de qualidade, e a tecnologia dentro do vaso sanit\u00e1rio foi otimizada para reduzir as emiss\u00f5es sonoras enquanto mant\u00e9m o baixo consumo de \u00e1gua e eletricidade. A instala\u00e7\u00e3o, encanamento e fia\u00e7\u00e3o s\u00e3o simples e r\u00e1pidas, com praticamente nenhuma manuten\u00e7\u00e3o necess\u00e1ria.<\/p>\n<p>Os vasos sanit\u00e1rios marinhos Tecma Nano s\u00e3o comumente encontrados em barcos Chaparral, Monterey e Canados.<\/p>\n<p><strong>Especifica\u00e7\u00f5es:<\/strong><\/p>\n<ul>\n<li>Peso: 17,6 kg (38,8 lb)<\/li>\n<li>Bomba de Sa\u00edda: MAC 4 12V<\/li>\n<li>Dispositivo de Entrada: Solen\u00f3ide (bomba de entrada opcional)<\/li>\n<\/ul>\n","protected":false},"excerpt":{"rendered":"<p>Sanit\u00e1rio Tecma Nano 12v (Painel Ecol\u00f3gico) &#8211; Descubra o vaso sanit\u00e1rio Tecma Nano 12v com painel Eco. Estamos entusiasmados em<\/p>\n","protected":false},"featured_media":5941647,"comment_status":"open","ping_status":"closed","template":"","meta":[],"product_brand":[3472],"product_cat":[1962],"product_tag":[],"class_list":{"0":"post-748125","1":"product","2":"type-product","3":"status-publish","4":"has-post-thumbnail","6":"product_brand-tecma-pt","7":"product_cat-sanitarios-e-casas-de-banho","9":"first","10":"instock","11":"shipping-taxable","12":"purchasable","13":"product-type-simple"},"_links":{"self":[{"href":"https:\/\/stoic-curie.212-227-153-4.plesk.page\/pt\/wp-json\/wp\/v2\/product\/748125","targetHints":{"allow":["GET"]}}],"collection":[{"href":"https:\/\/stoic-curie.212-227-153-4.plesk.page\/pt\/wp-json\/wp\/v2\/product"}],"about":[{"href":"https:\/\/stoic-curie.212-227-153-4.plesk.page\/pt\/wp-json\/wp\/v2\/types\/product"}],"replies":[{"embeddable":true,"href":"https:\/\/stoic-curie.212-227-153-4.plesk.page\/pt\/wp-json\/wp\/v2\/comments?post=748125"}],"version-history":[{"count":0,"href":"https:\/\/stoic-curie.212-227-153-4.plesk.page\/pt\/wp-json\/wp\/v2\/product\/748125\/revisions"}],"wp:featuredmedia":[{"embeddable":true,"href":"https:\/\/stoic-curie.212-227-153-4.plesk.page\/pt\/wp-json\/wp\/v2\/media\/5941647"}],"wp:attachment":[{"href":"https:\/\/stoic-curie.212-227-153-4.plesk.page\/pt\/wp-json\/wp\/v2\/media?parent=748125"}],"wp:term":[{"taxonomy":"product_brand","embeddable":true,"href":"https:\/\/stoic-curie.212-227-153-4.plesk.page\/pt\/wp-json\/wp\/v2\/product_brand?post=748125"},{"taxonomy":"product_cat","embeddable":true,"href":"https:\/\/stoic-curie.212-227-153-4.plesk.page\/pt\/wp-json\/wp\/v2\/product_cat?post=748125"},{"taxonomy":"product_tag","embeddable":true,"href":"https:\/\/stoic-curie.212-227-153-4.plesk.page\/pt\/wp-json\/wp\/v2\/product_tag?post=748125"}],"curies":[{"name":"wp","href":"https:\/\/api.w.org\/{rel}","templated":true}]}}