{"id":748789,"date":"2025-03-03T21:13:14","date_gmt":"2025-03-03T20:13:14","guid":{"rendered":"https:\/\/stoic-curie.212-227-153-4.plesk.page\/producto\/roldana-embutida-dupla-sprenger-micro-19mm-para-cabos-ate-6mm\/"},"modified":"2026-02-25T00:28:03","modified_gmt":"2026-02-25T00:28:03","slug":"roldana-embutida-dupla-sprenger-micro-19mm-para-cabos-ate-6mm","status":"publish","type":"product","link":"https:\/\/stoic-curie.212-227-153-4.plesk.page\/pt\/product\/roldana-embutida-dupla-sprenger-micro-19mm-para-cabos-ate-6mm\/","title":{"rendered":"Roldana Embutida Dupla Sprenger Micro 19mm para cabos at\u00e9 6mm"},"content":{"rendered":"<p>Roldana Embutida Dupla Sprenger Micro 19mm para cabos at\u00e9 6mm &#8211; <\/p>\n<p>Blocos HS com rolamentos de esferas para cordas de at\u00e9 6 mm. Rolamentos: A\u00e7o inoxid\u00e1vel. Di\u00e2metro do disco 19 mm: Pl\u00e1stico Hi-Q resistente aos UV. Face: A\u00e7o inoxid\u00e1vel. Carga de ruptura: 450 kg.<\/p>\n","protected":false},"excerpt":{"rendered":"<p>Roldana Embutida Dupla Sprenger Micro 19mm para cabos at\u00e9 6mm &#8211; Blocos HS com rolamentos de esferas para cordas de<\/p>\n","protected":false},"featured_media":5939843,"comment_status":"open","ping_status":"closed","template":"","meta":[],"product_brand":[3432,2218],"product_cat":[2056],"product_tag":[],"class_list":{"0":"post-748789","1":"product","2":"type-product","3":"status-publish","4":"has-post-thumbnail","6":"product_brand-sprenger-hs-pt","7":"product_brand-sprenger-hs","8":"product_cat-moitoes-sprenger","10":"first","11":"instock","12":"shipping-taxable","13":"purchasable","14":"product-type-simple"},"_links":{"self":[{"href":"https:\/\/stoic-curie.212-227-153-4.plesk.page\/pt\/wp-json\/wp\/v2\/product\/748789","targetHints":{"allow":["GET"]}}],"collection":[{"href":"https:\/\/stoic-curie.212-227-153-4.plesk.page\/pt\/wp-json\/wp\/v2\/product"}],"about":[{"href":"https:\/\/stoic-curie.212-227-153-4.plesk.page\/pt\/wp-json\/wp\/v2\/types\/product"}],"replies":[{"embeddable":true,"href":"https:\/\/stoic-curie.212-227-153-4.plesk.page\/pt\/wp-json\/wp\/v2\/comments?post=748789"}],"version-history":[{"count":0,"href":"https:\/\/stoic-curie.212-227-153-4.plesk.page\/pt\/wp-json\/wp\/v2\/product\/748789\/revisions"}],"wp:featuredmedia":[{"embeddable":true,"href":"https:\/\/stoic-curie.212-227-153-4.plesk.page\/pt\/wp-json\/wp\/v2\/media\/5939843"}],"wp:attachment":[{"href":"https:\/\/stoic-curie.212-227-153-4.plesk.page\/pt\/wp-json\/wp\/v2\/media?parent=748789"}],"wp:term":[{"taxonomy":"product_brand","embeddable":true,"href":"https:\/\/stoic-curie.212-227-153-4.plesk.page\/pt\/wp-json\/wp\/v2\/product_brand?post=748789"},{"taxonomy":"product_cat","embeddable":true,"href":"https:\/\/stoic-curie.212-227-153-4.plesk.page\/pt\/wp-json\/wp\/v2\/product_cat?post=748789"},{"taxonomy":"product_tag","embeddable":true,"href":"https:\/\/stoic-curie.212-227-153-4.plesk.page\/pt\/wp-json\/wp\/v2\/product_tag?post=748789"}],"curies":[{"name":"wp","href":"https:\/\/api.w.org\/{rel}","templated":true}]}}