{"id":748794,"date":"2025-03-03T21:13:16","date_gmt":"2025-03-03T20:13:16","guid":{"rendered":"https:\/\/stoic-curie.212-227-153-4.plesk.page\/producto\/roldana-tripla-sprenger-50mm-para-cabos-ate-12mm-2\/"},"modified":"2026-02-25T00:28:03","modified_gmt":"2026-02-25T00:28:03","slug":"roldana-tripla-sprenger-50mm-para-cabos-ate-12mm-2","status":"publish","type":"product","link":"https:\/\/stoic-curie.212-227-153-4.plesk.page\/pt\/product\/roldana-tripla-sprenger-50mm-para-cabos-ate-12mm-2\/","title":{"rendered":"Roldana Tripla Sprenger 50mm para cabos at\u00e9 12mm"},"content":{"rendered":"<p>Roldana Tripla Sprenger 50mm para cabos at\u00e9 12mm &#8211; <\/p>\n<p>Blocos HS com rolamentos de esferas para cordas de at\u00e9 12 mm. Rolamentos: A\u00e7o inoxid\u00e1vel. Di\u00e2metro da polia de 50 mm: Pl\u00e1stico Hi-Q resistente a UV. Lados: Pl\u00e1stico Hi-Q resistente a UV e correias de a\u00e7o inoxid\u00e1vel. Carga de ruptura: 1000 kg.<\/p>\n","protected":false},"excerpt":{"rendered":"<p>Roldana Tripla Sprenger 50mm para cabos at\u00e9 12mm &#8211; Blocos HS com rolamentos de esferas para cordas de at\u00e9 12<\/p>\n","protected":false},"featured_media":5943431,"comment_status":"open","ping_status":"closed","template":"","meta":[],"product_brand":[3432],"product_cat":[2056],"product_tag":[],"class_list":{"0":"post-748794","1":"product","2":"type-product","3":"status-publish","4":"has-post-thumbnail","6":"product_brand-sprenger-hs-pt","7":"product_cat-moitoes-sprenger","9":"first","10":"instock","11":"shipping-taxable","12":"purchasable","13":"product-type-simple"},"_links":{"self":[{"href":"https:\/\/stoic-curie.212-227-153-4.plesk.page\/pt\/wp-json\/wp\/v2\/product\/748794","targetHints":{"allow":["GET"]}}],"collection":[{"href":"https:\/\/stoic-curie.212-227-153-4.plesk.page\/pt\/wp-json\/wp\/v2\/product"}],"about":[{"href":"https:\/\/stoic-curie.212-227-153-4.plesk.page\/pt\/wp-json\/wp\/v2\/types\/product"}],"replies":[{"embeddable":true,"href":"https:\/\/stoic-curie.212-227-153-4.plesk.page\/pt\/wp-json\/wp\/v2\/comments?post=748794"}],"version-history":[{"count":0,"href":"https:\/\/stoic-curie.212-227-153-4.plesk.page\/pt\/wp-json\/wp\/v2\/product\/748794\/revisions"}],"wp:featuredmedia":[{"embeddable":true,"href":"https:\/\/stoic-curie.212-227-153-4.plesk.page\/pt\/wp-json\/wp\/v2\/media\/5943431"}],"wp:attachment":[{"href":"https:\/\/stoic-curie.212-227-153-4.plesk.page\/pt\/wp-json\/wp\/v2\/media?parent=748794"}],"wp:term":[{"taxonomy":"product_brand","embeddable":true,"href":"https:\/\/stoic-curie.212-227-153-4.plesk.page\/pt\/wp-json\/wp\/v2\/product_brand?post=748794"},{"taxonomy":"product_cat","embeddable":true,"href":"https:\/\/stoic-curie.212-227-153-4.plesk.page\/pt\/wp-json\/wp\/v2\/product_cat?post=748794"},{"taxonomy":"product_tag","embeddable":true,"href":"https:\/\/stoic-curie.212-227-153-4.plesk.page\/pt\/wp-json\/wp\/v2\/product_tag?post=748794"}],"curies":[{"name":"wp","href":"https:\/\/api.w.org\/{rel}","templated":true}]}}