{"id":748806,"date":"2025-03-03T21:13:19","date_gmt":"2025-03-03T20:13:19","guid":{"rendered":"https:\/\/stoic-curie.212-227-153-4.plesk.page\/producto\/organizador-de-conves-para-vela-antal-v-cam-814-com-3-rolos-linha-de-14mm\/"},"modified":"2026-02-25T00:28:03","modified_gmt":"2026-02-25T00:28:03","slug":"organizador-de-conves-para-vela-antal-v-cam-814-com-3-rolos-linha-de-14mm","status":"publish","type":"product","link":"https:\/\/stoic-curie.212-227-153-4.plesk.page\/pt\/product\/organizador-de-conves-para-vela-antal-v-cam-814-com-3-rolos-linha-de-14mm\/","title":{"rendered":"Organizador de Conv\u00e9s para Vela Antal V-cam 814 com 3 rolos &#8211; Linha de 14mm"},"content":{"rendered":"<p>Organizador de Conv\u00e9s para Vela Antal V-cam 814 com 3 rolos &#8211; Linha de 14mm &#8211; <\/p>\n<p>Organizador que permite desviar a linha para o guincho. Carca\u00e7a de alum\u00ednio preto queimado e polias com rolamentos. Carga m\u00e1xima de trabalho de 400 kg.<\/p>\n","protected":false},"excerpt":{"rendered":"<p>Organizador de Conv\u00e9s para Vela Antal V-cam 814 com 3 rolos &#8211; Linha de 14mm &#8211; Organizador que permite desviar<\/p>\n","protected":false},"featured_media":5940020,"comment_status":"open","ping_status":"closed","template":"","meta":[],"product_brand":[2787],"product_cat":[2047],"product_tag":[],"class_list":{"0":"post-748806","1":"product","2":"type-product","3":"status-publish","4":"has-post-thumbnail","6":"product_brand-antal-pt","7":"product_cat-organizadores-de-cabos","9":"first","10":"instock","11":"shipping-taxable","12":"purchasable","13":"product-type-simple"},"_links":{"self":[{"href":"https:\/\/stoic-curie.212-227-153-4.plesk.page\/pt\/wp-json\/wp\/v2\/product\/748806","targetHints":{"allow":["GET"]}}],"collection":[{"href":"https:\/\/stoic-curie.212-227-153-4.plesk.page\/pt\/wp-json\/wp\/v2\/product"}],"about":[{"href":"https:\/\/stoic-curie.212-227-153-4.plesk.page\/pt\/wp-json\/wp\/v2\/types\/product"}],"replies":[{"embeddable":true,"href":"https:\/\/stoic-curie.212-227-153-4.plesk.page\/pt\/wp-json\/wp\/v2\/comments?post=748806"}],"version-history":[{"count":0,"href":"https:\/\/stoic-curie.212-227-153-4.plesk.page\/pt\/wp-json\/wp\/v2\/product\/748806\/revisions"}],"wp:featuredmedia":[{"embeddable":true,"href":"https:\/\/stoic-curie.212-227-153-4.plesk.page\/pt\/wp-json\/wp\/v2\/media\/5940020"}],"wp:attachment":[{"href":"https:\/\/stoic-curie.212-227-153-4.plesk.page\/pt\/wp-json\/wp\/v2\/media?parent=748806"}],"wp:term":[{"taxonomy":"product_brand","embeddable":true,"href":"https:\/\/stoic-curie.212-227-153-4.plesk.page\/pt\/wp-json\/wp\/v2\/product_brand?post=748806"},{"taxonomy":"product_cat","embeddable":true,"href":"https:\/\/stoic-curie.212-227-153-4.plesk.page\/pt\/wp-json\/wp\/v2\/product_cat?post=748806"},{"taxonomy":"product_tag","embeddable":true,"href":"https:\/\/stoic-curie.212-227-153-4.plesk.page\/pt\/wp-json\/wp\/v2\/product_tag?post=748806"}],"curies":[{"name":"wp","href":"https:\/\/api.w.org\/{rel}","templated":true}]}}