{"id":748810,"date":"2025-03-03T21:13:21","date_gmt":"2025-03-03T20:13:21","guid":{"rendered":"https:\/\/stoic-curie.212-227-153-4.plesk.page\/producto\/polyform-f13-1950x800mm\/"},"modified":"2026-02-25T00:28:03","modified_gmt":"2026-02-25T00:28:03","slug":"polyform-f13-1950x800mm","status":"publish","type":"product","link":"https:\/\/stoic-curie.212-227-153-4.plesk.page\/pt\/product\/polyform-f13-1950x800mm\/","title":{"rendered":"Polyform F13"},"content":{"rendered":"<p>Polyform F13 &#8211; <\/p>\n<p style=\"color: rgb(34, 34, 34); font-family: Arial, Helvetica, sans-serif; font-size: small;\">O Polyform F13 (1950x800mm) \u00e9 uma boia premium de alta resist\u00eancia, constru\u00edda a partir de uma combina\u00e7\u00e3o distinta de materiais de alta qualidade em uma pe\u00e7a \u00fanica e sem emendas. Projetadas para durar, essas boias v\u00eam equipadas com um suporte refor\u00e7ado por ribos para corda e s\u00e3o moldadas rotacionalmente a partir de vinil dur\u00e1vel e flex\u00edvel, garantindo que suportem todos os tipos de condi\u00e7\u00f5es clim\u00e1ticas. As boias da s\u00e9rie HL s\u00e3o utilizadas mundialmente para diversos fins, como boias para redes na pesca comercial, marcadores de linha de fundo, boias para armadilhas de lagostas e caranguejos, assim como fenders robustos.<\/p>\n<p style=\"color: rgb(34, 34, 34); font-family: Arial, Helvetica, sans-serif; font-size: small;\">As especifica\u00e7\u00f5es incluem:<\/p>\n<ul style=\"color: rgb(34, 34, 34); font-family: Arial, Helvetica, sans-serif; font-size: small;\">\n<li>N\u00famero do Artigo: F13<\/li>\n<li>Di\u00e2metro M\u00e1ximo: 750 mm<\/li>\n<li>Altura M\u00e1xima: 1880 mm<\/li>\n<li>Peso Nominal: 23,0 kg<\/li>\n<li>Di\u00e2metro do Olho para Suporte de Corda: 40 mm<\/li>\n<li>Tipo de V\u00e1lvula: V40<\/li>\n<li>Volume Bruto: 700 L<\/li>\n<\/ul>\n<p style=\"color: rgb(34, 34, 34); font-family: Arial, Helvetica, sans-serif; font-size: small;\">A Polyform \u00e9 um fabricante proeminente de boias, fenders e flutuadores, reconhecida por ser pioneira na boia infl\u00e1vel de pl\u00e1stico moderna. Localizada em \u00c5lesund, Noruega, a empresa se destaca em um dos ambientes mar\u00edtimos mais avan\u00e7ados do mundo. A Polyform AS oferece uma ampla gama de produtos, incluindo:<\/p>\n<ul style=\"color: rgb(34, 34, 34); font-family: Arial, Helvetica, sans-serif; font-size: small;\">\n<li>Boias e fenders infl\u00e1veis feitos de materiais de vinil macio<\/li>\n<li>Flutuadores de cerco de purse, boias e fenders de marina constru\u00eddos com espuma de c\u00e9lula fechada BACELL<\/li>\n<li>Boias de casco duro e flutuadores de pont\u00e3o feitos de PE e preenchidos com espuma<\/li>\n<\/ul>\n","protected":false},"excerpt":{"rendered":"<p>Polyform F13 &#8211; O Polyform F13 (1950x800mm) \u00e9 uma boia premium de alta resist\u00eancia, constru\u00edda a partir de uma combina\u00e7\u00e3o<\/p>\n","protected":false},"featured_media":5940085,"comment_status":"open","ping_status":"closed","template":"","meta":[],"product_brand":[3272],"product_cat":[2135],"product_tag":[],"class_list":{"0":"post-748810","1":"product","2":"type-product","3":"status-publish","4":"has-post-thumbnail","6":"product_brand-polyform-pt","7":"product_cat-defensas-boias-e-defensas","9":"first","10":"instock","11":"shipping-taxable","12":"purchasable","13":"product-type-simple"},"_links":{"self":[{"href":"https:\/\/stoic-curie.212-227-153-4.plesk.page\/pt\/wp-json\/wp\/v2\/product\/748810","targetHints":{"allow":["GET"]}}],"collection":[{"href":"https:\/\/stoic-curie.212-227-153-4.plesk.page\/pt\/wp-json\/wp\/v2\/product"}],"about":[{"href":"https:\/\/stoic-curie.212-227-153-4.plesk.page\/pt\/wp-json\/wp\/v2\/types\/product"}],"replies":[{"embeddable":true,"href":"https:\/\/stoic-curie.212-227-153-4.plesk.page\/pt\/wp-json\/wp\/v2\/comments?post=748810"}],"version-history":[{"count":0,"href":"https:\/\/stoic-curie.212-227-153-4.plesk.page\/pt\/wp-json\/wp\/v2\/product\/748810\/revisions"}],"wp:featuredmedia":[{"embeddable":true,"href":"https:\/\/stoic-curie.212-227-153-4.plesk.page\/pt\/wp-json\/wp\/v2\/media\/5940085"}],"wp:attachment":[{"href":"https:\/\/stoic-curie.212-227-153-4.plesk.page\/pt\/wp-json\/wp\/v2\/media?parent=748810"}],"wp:term":[{"taxonomy":"product_brand","embeddable":true,"href":"https:\/\/stoic-curie.212-227-153-4.plesk.page\/pt\/wp-json\/wp\/v2\/product_brand?post=748810"},{"taxonomy":"product_cat","embeddable":true,"href":"https:\/\/stoic-curie.212-227-153-4.plesk.page\/pt\/wp-json\/wp\/v2\/product_cat?post=748810"},{"taxonomy":"product_tag","embeddable":true,"href":"https:\/\/stoic-curie.212-227-153-4.plesk.page\/pt\/wp-json\/wp\/v2\/product_tag?post=748810"}],"curies":[{"name":"wp","href":"https:\/\/api.w.org\/{rel}","templated":true}]}}