{"id":748812,"date":"2025-03-03T21:13:21","date_gmt":"2025-03-03T20:13:21","guid":{"rendered":"https:\/\/stoic-curie.212-227-153-4.plesk.page\/producto\/fendress-capa-para-defensa-a5-azul-marinho\/"},"modified":"2026-02-25T00:28:03","modified_gmt":"2026-02-25T00:28:03","slug":"fendress-capa-para-defensa-a5-azul-marinho","status":"publish","type":"product","link":"https:\/\/stoic-curie.212-227-153-4.plesk.page\/pt\/product\/fendress-capa-para-defensa-a5-azul-marinho\/","title":{"rendered":"Fendress Capa para Defensa A5 Azul Marinho"},"content":{"rendered":"<p>Fendress Capa para Defensa A5 Azul Marinho &#8211; <\/p>\n<p>Cobrimentos de fender com fleece peludo feitos \u00e0 m\u00e3o pela Fendress. Prote\u00e7\u00e3o premium para seus fenders, eliminando o rangido e marcas de arranh\u00f5es. Macios e robustos, esses cobertores para fenders protegem eficientemente sua pintura gel-coat e fazem seus fenders durarem mais.<\/p>\n<p>\u2022 \u201cFendress Covers\u201d s\u00e3o feitas de 100% acr\u00edlico, feitas \u00e0 m\u00e3o com qualidade premium, resistentes e n\u00e3o abrasivos. Cobridores de fender de fleece macio oferecem a prote\u00e7\u00e3o definitiva para suas superf\u00edcies superiores. \u2022 \u201cFendress Covers\u201d s\u00e3o resistentes a UV e \u00e1gua do mar, protegendo eficientemente sua pintura gel-coat de marcas de arranh\u00f5es e abras\u00f5es. O tecido de fleece resistente e dur\u00e1vel cont\u00e9m todas as melhores caracter\u00edsticas, incluindo resist\u00eancia a rasgos e abras\u00f5es, secagem r\u00e1pida e f\u00e1cil remo\u00e7\u00e3o para limpeza. \u2022 \u201cFendress Covers\u201d fazem seus fenders durarem mais e eliminam o irritante rangido de fender. Cores resistentes a UV n\u00e3o deixam marcas nas suas superf\u00edcies superiores. Lav\u00e1vel \u00e0 m\u00e1quina. \u2022 \u201cFendress Covers\u201d com alta resist\u00eancia na parte superior e bainha el\u00e1stica inferior permitem um ajuste personalizado para todos os tipos de fenders. Cobridores dispon\u00edveis em 9 cores.<\/p>\n","protected":false},"excerpt":{"rendered":"<p>Fendress Capa para Defensa A5 Azul Marinho &#8211; Cobrimentos de fender com fleece peludo feitos \u00e0 m\u00e3o pela Fendress. Prote\u00e7\u00e3o<\/p>\n","protected":false},"featured_media":5943435,"comment_status":"open","ping_status":"closed","template":"","meta":[],"product_brand":[2233,2937],"product_cat":[2138],"product_tag":[],"class_list":{"0":"post-748812","1":"product","2":"type-product","3":"status-publish","4":"has-post-thumbnail","6":"product_brand-fendress","7":"product_brand-fendress-pt","8":"product_cat-capas-para-defensas","10":"first","11":"instock","12":"shipping-taxable","13":"purchasable","14":"product-type-simple"},"_links":{"self":[{"href":"https:\/\/stoic-curie.212-227-153-4.plesk.page\/pt\/wp-json\/wp\/v2\/product\/748812","targetHints":{"allow":["GET"]}}],"collection":[{"href":"https:\/\/stoic-curie.212-227-153-4.plesk.page\/pt\/wp-json\/wp\/v2\/product"}],"about":[{"href":"https:\/\/stoic-curie.212-227-153-4.plesk.page\/pt\/wp-json\/wp\/v2\/types\/product"}],"replies":[{"embeddable":true,"href":"https:\/\/stoic-curie.212-227-153-4.plesk.page\/pt\/wp-json\/wp\/v2\/comments?post=748812"}],"version-history":[{"count":0,"href":"https:\/\/stoic-curie.212-227-153-4.plesk.page\/pt\/wp-json\/wp\/v2\/product\/748812\/revisions"}],"wp:featuredmedia":[{"embeddable":true,"href":"https:\/\/stoic-curie.212-227-153-4.plesk.page\/pt\/wp-json\/wp\/v2\/media\/5943435"}],"wp:attachment":[{"href":"https:\/\/stoic-curie.212-227-153-4.plesk.page\/pt\/wp-json\/wp\/v2\/media?parent=748812"}],"wp:term":[{"taxonomy":"product_brand","embeddable":true,"href":"https:\/\/stoic-curie.212-227-153-4.plesk.page\/pt\/wp-json\/wp\/v2\/product_brand?post=748812"},{"taxonomy":"product_cat","embeddable":true,"href":"https:\/\/stoic-curie.212-227-153-4.plesk.page\/pt\/wp-json\/wp\/v2\/product_cat?post=748812"},{"taxonomy":"product_tag","embeddable":true,"href":"https:\/\/stoic-curie.212-227-153-4.plesk.page\/pt\/wp-json\/wp\/v2\/product_tag?post=748812"}],"curies":[{"name":"wp","href":"https:\/\/api.w.org\/{rel}","templated":true}]}}