{"id":748813,"date":"2025-03-03T21:13:22","date_gmt":"2025-03-03T20:13:22","guid":{"rendered":"https:\/\/stoic-curie.212-227-153-4.plesk.page\/producto\/fendress-capa-para-defensa-a5-preta\/"},"modified":"2026-02-25T00:28:03","modified_gmt":"2026-02-25T00:28:03","slug":"fendress-capa-para-defensa-a5-preta","status":"publish","type":"product","link":"https:\/\/stoic-curie.212-227-153-4.plesk.page\/pt\/product\/fendress-capa-para-defensa-a5-preta\/","title":{"rendered":"Fendress Capa para Defensa A5 Preta"},"content":{"rendered":"<p>Fendress Capa para Defensa A5 Preta &#8211; <\/p>\n<p>Capas de fender Fendress em polar de pel\u00facia feitas \u00e0 m\u00e3o. Prote\u00e7\u00e3o premium para os seus fenders, enquanto eliminam o rangido e marcas de desgaste. Macias e resistentes, essas capas de fender protegem eficientemente a sua pintura em gelcoat e prolongam a vida \u00fatil dos seus fenders.<\/p>\n<p>\u2022 As &#8220;Fendress Covers&#8221; s\u00e3o 100% de acr\u00edlico, feitas \u00e0 m\u00e3o, de qualidade premium, resistentes e n\u00e3o abrasivas. As suaves capas de fleece para fenders oferecem a melhor prote\u00e7\u00e3o para seus lados.<br \/>\u2022 As &#8220;Fendress Covers&#8221; s\u00e3o resistentes a UV e \u00e1gua do mar, protegendo eficientemente sua pintura em gelcoat de marcas de desgaste e abras\u00f5es. O tecido de fleece resistente e dur\u00e1vel cont\u00e9m todas as melhores caracter\u00edsticas, incluindo resist\u00eancia a rasgos e abras\u00f5es, r\u00e1pida secagem e f\u00e1cil remo\u00e7\u00e3o para limpeza.<br \/>\u2022 As &#8220;Fendress Covers&#8221; prolongam a vida \u00fatil dos seus fenders e eliminam o irritante rangido. As cores resistentes a UV n\u00e3o marcam os seus lados. Lav\u00e1vel na m\u00e1quina.<br \/>\u2022 As &#8220;Fendress Covers&#8221; com parte superior de alta resist\u00eancia e bainha inferior el\u00e1stica permitem um ajuste personalizado para todos os tipos de fenders. As capas est\u00e3o dispon\u00edveis em 9 cores.<\/p>\n","protected":false},"excerpt":{"rendered":"<p>Fendress Capa para Defensa A5 Preta &#8211; Capas de fender Fendress em polar de pel\u00facia feitas \u00e0 m\u00e3o. Prote\u00e7\u00e3o premium<\/p>\n","protected":false},"featured_media":5943435,"comment_status":"open","ping_status":"closed","template":"","meta":[],"product_brand":[2233,2937],"product_cat":[2138],"product_tag":[],"class_list":{"0":"post-748813","1":"product","2":"type-product","3":"status-publish","4":"has-post-thumbnail","6":"product_brand-fendress","7":"product_brand-fendress-pt","8":"product_cat-capas-para-defensas","10":"first","11":"instock","12":"shipping-taxable","13":"purchasable","14":"product-type-simple"},"_links":{"self":[{"href":"https:\/\/stoic-curie.212-227-153-4.plesk.page\/pt\/wp-json\/wp\/v2\/product\/748813","targetHints":{"allow":["GET"]}}],"collection":[{"href":"https:\/\/stoic-curie.212-227-153-4.plesk.page\/pt\/wp-json\/wp\/v2\/product"}],"about":[{"href":"https:\/\/stoic-curie.212-227-153-4.plesk.page\/pt\/wp-json\/wp\/v2\/types\/product"}],"replies":[{"embeddable":true,"href":"https:\/\/stoic-curie.212-227-153-4.plesk.page\/pt\/wp-json\/wp\/v2\/comments?post=748813"}],"version-history":[{"count":0,"href":"https:\/\/stoic-curie.212-227-153-4.plesk.page\/pt\/wp-json\/wp\/v2\/product\/748813\/revisions"}],"wp:featuredmedia":[{"embeddable":true,"href":"https:\/\/stoic-curie.212-227-153-4.plesk.page\/pt\/wp-json\/wp\/v2\/media\/5943435"}],"wp:attachment":[{"href":"https:\/\/stoic-curie.212-227-153-4.plesk.page\/pt\/wp-json\/wp\/v2\/media?parent=748813"}],"wp:term":[{"taxonomy":"product_brand","embeddable":true,"href":"https:\/\/stoic-curie.212-227-153-4.plesk.page\/pt\/wp-json\/wp\/v2\/product_brand?post=748813"},{"taxonomy":"product_cat","embeddable":true,"href":"https:\/\/stoic-curie.212-227-153-4.plesk.page\/pt\/wp-json\/wp\/v2\/product_cat?post=748813"},{"taxonomy":"product_tag","embeddable":true,"href":"https:\/\/stoic-curie.212-227-153-4.plesk.page\/pt\/wp-json\/wp\/v2\/product_tag?post=748813"}],"curies":[{"name":"wp","href":"https:\/\/api.w.org\/{rel}","templated":true}]}}