{"id":748816,"date":"2025-03-03T21:13:23","date_gmt":"2025-03-03T20:13:23","guid":{"rendered":"https:\/\/stoic-curie.212-227-153-4.plesk.page\/producto\/fendress-capa-para-defensa-unitaria-a6-azul-marinho\/"},"modified":"2026-02-25T00:28:03","modified_gmt":"2026-02-25T00:28:03","slug":"fendress-capa-para-defensa-unitaria-a6-azul-marinho","status":"publish","type":"product","link":"https:\/\/stoic-curie.212-227-153-4.plesk.page\/pt\/product\/fendress-capa-para-defensa-unitaria-a6-azul-marinho\/","title":{"rendered":"Fendress Capa para Defensa Unit\u00e1ria A6 Azul Marinho"},"content":{"rendered":"<p>Fendress Capa para Defensa Unit\u00e1ria A6 Azul Marinho &#8211; <\/p>\n<p>Capas de fender Fendress feitas \u00e0 m\u00e3o em fleece macio. Prote\u00e7\u00e3o premium para os seus fenders, eliminando ru\u00eddos irritantes e marcas de desgaste. Macias e resistentes, essas capas protegem eficientemente a pintura de gelcoat e fazem com que seus fenders durem mais.<\/p>\n<p>\u2022 As \u201cFendress Covers\u201d s\u00e3o 100% acr\u00edlicas, de qualidade premium, feitas \u00e0 m\u00e3o, resistentes e n\u00e3o abrasivas. As capas de fender de fleece suave e peludo oferecem a melhor prote\u00e7\u00e3o para as suas superf\u00edcies. \u2022 As \u201cFendress Covers\u201d s\u00e3o resistentes a UV e \u00e1gua do mar, protegendo eficientemente a pintura de gelcoat contra marcas de abras\u00e3o. O tecido de fleece resistente e robusto cont\u00e9m todas as melhores caracter\u00edsticas, incluindo resist\u00eancia a rasgos e abras\u00e3o, secagem r\u00e1pida e f\u00e1cil remo\u00e7\u00e3o para limpeza. \u2022 As \u201cFendress Covers\u201d fazem seus fenders durarem mais e eliminam o ru\u00eddo irritante da fender. As cores resistentes aos UV n\u00e3o marcam suas superf\u00edcies. Lav\u00e1vel na m\u00e1quina. \u2022 As \u201cFendress Covers\u201d possuem uma parte superior de alta resist\u00eancia e uma bainha el\u00e1stica que permitem um ajuste personalizado para todos os tipos de fenders. As capas est\u00e3o dispon\u00edveis em 9 cores.<\/p>\n","protected":false},"excerpt":{"rendered":"<p>Fendress Capa para Defensa Unit\u00e1ria A6 Azul Marinho &#8211; Capas de fender Fendress feitas \u00e0 m\u00e3o em fleece macio. Prote\u00e7\u00e3o<\/p>\n","protected":false},"featured_media":5943435,"comment_status":"open","ping_status":"closed","template":"","meta":[],"product_brand":[2937],"product_cat":[2138],"product_tag":[],"class_list":{"0":"post-748816","1":"product","2":"type-product","3":"status-publish","4":"has-post-thumbnail","6":"product_brand-fendress-pt","7":"product_cat-capas-para-defensas","9":"first","10":"instock","11":"shipping-taxable","12":"purchasable","13":"product-type-simple"},"_links":{"self":[{"href":"https:\/\/stoic-curie.212-227-153-4.plesk.page\/pt\/wp-json\/wp\/v2\/product\/748816","targetHints":{"allow":["GET"]}}],"collection":[{"href":"https:\/\/stoic-curie.212-227-153-4.plesk.page\/pt\/wp-json\/wp\/v2\/product"}],"about":[{"href":"https:\/\/stoic-curie.212-227-153-4.plesk.page\/pt\/wp-json\/wp\/v2\/types\/product"}],"replies":[{"embeddable":true,"href":"https:\/\/stoic-curie.212-227-153-4.plesk.page\/pt\/wp-json\/wp\/v2\/comments?post=748816"}],"version-history":[{"count":0,"href":"https:\/\/stoic-curie.212-227-153-4.plesk.page\/pt\/wp-json\/wp\/v2\/product\/748816\/revisions"}],"wp:featuredmedia":[{"embeddable":true,"href":"https:\/\/stoic-curie.212-227-153-4.plesk.page\/pt\/wp-json\/wp\/v2\/media\/5943435"}],"wp:attachment":[{"href":"https:\/\/stoic-curie.212-227-153-4.plesk.page\/pt\/wp-json\/wp\/v2\/media?parent=748816"}],"wp:term":[{"taxonomy":"product_brand","embeddable":true,"href":"https:\/\/stoic-curie.212-227-153-4.plesk.page\/pt\/wp-json\/wp\/v2\/product_brand?post=748816"},{"taxonomy":"product_cat","embeddable":true,"href":"https:\/\/stoic-curie.212-227-153-4.plesk.page\/pt\/wp-json\/wp\/v2\/product_cat?post=748816"},{"taxonomy":"product_tag","embeddable":true,"href":"https:\/\/stoic-curie.212-227-153-4.plesk.page\/pt\/wp-json\/wp\/v2\/product_tag?post=748816"}],"curies":[{"name":"wp","href":"https:\/\/api.w.org\/{rel}","templated":true}]}}