{"id":748817,"date":"2025-03-03T21:13:23","date_gmt":"2025-03-03T20:13:23","guid":{"rendered":"https:\/\/stoic-curie.212-227-153-4.plesk.page\/producto\/fendress-capa-para-defensa-unitaria-a6-preta\/"},"modified":"2026-02-25T00:28:03","modified_gmt":"2026-02-25T00:28:03","slug":"fendress-capa-para-defensa-unitaria-a6-preta","status":"publish","type":"product","link":"https:\/\/stoic-curie.212-227-153-4.plesk.page\/pt\/product\/fendress-capa-para-defensa-unitaria-a6-preta\/","title":{"rendered":"Fendress Capa para Defensa Unit\u00e1ria A6 Preta"},"content":{"rendered":"<p>Fendress Capa para Defensa Unit\u00e1ria A6 Preta &#8211; <\/p>\n<p>Capas de fender Fendress penteadas \u00e0 m\u00e3o em fleece. Prote\u00e7\u00e3o premium para seus fendores, enquanto elimina chiados e marcas. Macias e resistentes, essas capas protegem efetivamente sua pintura gelcoat e fazem com que seus fendores durem mais.<\/p>\n<p>\u200b\u2022 As \u201cCapas Fendress\u201d s\u00e3o 100% acr\u00edlicas, feitas \u00e0 m\u00e3o, de qualidade premium, resistentes e n\u00e3o abrasivas. Capas de fender de fleece macio oferecem a m\u00e1xima prote\u00e7\u00e3o para seus lados. <br \/>\u2022 As \u201cCapas Fendress\u201d s\u00e3o resistentes a UV e \u00e1gua do mar, protegendo efetivamente sua pintura gelcoat contra marcas e abras\u00f5es. O tecido de fleece resistente cont\u00e9m todas as melhores caracter\u00edsticas, incluindo resist\u00eancia ao rasgo e \u00e0 abras\u00e3o, capacidade de secagem r\u00e1pida e f\u00e1cil remo\u00e7\u00e3o para limpeza. <br \/>\u2022 As \u201cCapas Fendress\u201d fazem seus fendores durarem mais e eliminam chiados irritantes. As cores resistentes a UV n\u00e3o deixam marcas em seus lados. Lav\u00e1vel \u00e0 m\u00e1quina. <br \/>\u2022 As \u201cCapas Fendress\u201d com parte superior de alta resist\u00eancia e bainha el\u00e1stica permitem um ajuste personalizado para todos os tipos de fendores. Capas dispon\u00edveis em 9 cores.<\/p>\n","protected":false},"excerpt":{"rendered":"<p>Fendress Capa para Defensa Unit\u00e1ria A6 Preta &#8211; Capas de fender Fendress penteadas \u00e0 m\u00e3o em fleece. Prote\u00e7\u00e3o premium para<\/p>\n","protected":false},"featured_media":5943435,"comment_status":"open","ping_status":"closed","template":"","meta":[],"product_brand":[2937],"product_cat":[2138],"product_tag":[],"class_list":{"0":"post-748817","1":"product","2":"type-product","3":"status-publish","4":"has-post-thumbnail","6":"product_brand-fendress-pt","7":"product_cat-capas-para-defensas","9":"first","10":"instock","11":"shipping-taxable","12":"purchasable","13":"product-type-simple"},"_links":{"self":[{"href":"https:\/\/stoic-curie.212-227-153-4.plesk.page\/pt\/wp-json\/wp\/v2\/product\/748817","targetHints":{"allow":["GET"]}}],"collection":[{"href":"https:\/\/stoic-curie.212-227-153-4.plesk.page\/pt\/wp-json\/wp\/v2\/product"}],"about":[{"href":"https:\/\/stoic-curie.212-227-153-4.plesk.page\/pt\/wp-json\/wp\/v2\/types\/product"}],"replies":[{"embeddable":true,"href":"https:\/\/stoic-curie.212-227-153-4.plesk.page\/pt\/wp-json\/wp\/v2\/comments?post=748817"}],"version-history":[{"count":0,"href":"https:\/\/stoic-curie.212-227-153-4.plesk.page\/pt\/wp-json\/wp\/v2\/product\/748817\/revisions"}],"wp:featuredmedia":[{"embeddable":true,"href":"https:\/\/stoic-curie.212-227-153-4.plesk.page\/pt\/wp-json\/wp\/v2\/media\/5943435"}],"wp:attachment":[{"href":"https:\/\/stoic-curie.212-227-153-4.plesk.page\/pt\/wp-json\/wp\/v2\/media?parent=748817"}],"wp:term":[{"taxonomy":"product_brand","embeddable":true,"href":"https:\/\/stoic-curie.212-227-153-4.plesk.page\/pt\/wp-json\/wp\/v2\/product_brand?post=748817"},{"taxonomy":"product_cat","embeddable":true,"href":"https:\/\/stoic-curie.212-227-153-4.plesk.page\/pt\/wp-json\/wp\/v2\/product_cat?post=748817"},{"taxonomy":"product_tag","embeddable":true,"href":"https:\/\/stoic-curie.212-227-153-4.plesk.page\/pt\/wp-json\/wp\/v2\/product_tag?post=748817"}],"curies":[{"name":"wp","href":"https:\/\/api.w.org\/{rel}","templated":true}]}}