{"id":748819,"date":"2025-03-03T21:13:23","date_gmt":"2025-03-03T20:13:23","guid":{"rendered":"https:\/\/stoic-curie.212-227-153-4.plesk.page\/producto\/fendress-capa-para-defensa-unitaria-a6-cinza-suave\/"},"modified":"2026-02-25T00:28:03","modified_gmt":"2026-02-25T00:28:03","slug":"fendress-capa-para-defensa-unitaria-a6-cinza-suave","status":"publish","type":"product","link":"https:\/\/stoic-curie.212-227-153-4.plesk.page\/pt\/product\/fendress-capa-para-defensa-unitaria-a6-cinza-suave\/","title":{"rendered":"Fendress Capa para Defensa Unit\u00e1ria A6 Cinza Suave"},"content":{"rendered":"<p>Fendress Capa para Defensa Unit\u00e1ria A6 Cinza Suave &#8211; <\/p>\n<p>Capas de fender Fendress de fleece macio feitas \u00e0 m\u00e3o. Prote\u00e7\u00e3o premium para os seus fenders, eliminando chiados e marcas. Macias e resistentes, estas capas protegem eficazmente a sua pintura em gel-coat e prolongam a vida \u00fatil dos seus fenders.<\/p>\n<p>\u2022 As &#8220;Fendress Covers&#8221; s\u00e3o 100% acr\u00edlicas, feitas \u00e0 m\u00e3o, de qualidade premium, resistentes e n\u00e3o abrasivas. Capas de fender de fleece macio e peludo oferecem prote\u00e7\u00e3o m\u00e1xima para as suas superf\u00edcies superiores. \u2022 As &#8220;Fendress Covers&#8221; s\u00e3o resistentes a UV e \u00e0 \u00e1gua do mar, protegendo eficazmente sua pintura em gel-coat contra marcas de desgaste e abras\u00e3o. O tecido de fleece resistente cont\u00e9m todas as melhores caracter\u00edsticas, incluindo resist\u00eancia a rasgos e abras\u00e3o, rapidez na secagem e f\u00e1cil remo\u00e7\u00e3o para limpeza. \u2022 As &#8220;Fendress Covers&#8221; fazem com que seus fenders durem mais e eliminam os chiados irritantes. As cores resistentes aos UV n\u00e3o deixam marcas em suas superf\u00edcies superiores. Lav\u00e1vel \u00e0 m\u00e1quina. \u2022 As &#8220;Fendress Covers&#8221; t\u00eam uma parte superior de alta resist\u00eancia e uma barra el\u00e1stica inferior que permitem uma adapta\u00e7\u00e3o personalizada para todos os tipos de fenders. As capas est\u00e3o dispon\u00edveis em 9 cores.<\/p>\n","protected":false},"excerpt":{"rendered":"<p>Fendress Capa para Defensa Unit\u00e1ria A6 Cinza Suave &#8211; Capas de fender Fendress de fleece macio feitas \u00e0 m\u00e3o. Prote\u00e7\u00e3o<\/p>\n","protected":false},"featured_media":5943435,"comment_status":"open","ping_status":"closed","template":"","meta":[],"product_brand":[2937],"product_cat":[2138],"product_tag":[],"class_list":{"0":"post-748819","1":"product","2":"type-product","3":"status-publish","4":"has-post-thumbnail","6":"product_brand-fendress-pt","7":"product_cat-capas-para-defensas","9":"first","10":"instock","11":"shipping-taxable","12":"purchasable","13":"product-type-simple"},"_links":{"self":[{"href":"https:\/\/stoic-curie.212-227-153-4.plesk.page\/pt\/wp-json\/wp\/v2\/product\/748819","targetHints":{"allow":["GET"]}}],"collection":[{"href":"https:\/\/stoic-curie.212-227-153-4.plesk.page\/pt\/wp-json\/wp\/v2\/product"}],"about":[{"href":"https:\/\/stoic-curie.212-227-153-4.plesk.page\/pt\/wp-json\/wp\/v2\/types\/product"}],"replies":[{"embeddable":true,"href":"https:\/\/stoic-curie.212-227-153-4.plesk.page\/pt\/wp-json\/wp\/v2\/comments?post=748819"}],"version-history":[{"count":0,"href":"https:\/\/stoic-curie.212-227-153-4.plesk.page\/pt\/wp-json\/wp\/v2\/product\/748819\/revisions"}],"wp:featuredmedia":[{"embeddable":true,"href":"https:\/\/stoic-curie.212-227-153-4.plesk.page\/pt\/wp-json\/wp\/v2\/media\/5943435"}],"wp:attachment":[{"href":"https:\/\/stoic-curie.212-227-153-4.plesk.page\/pt\/wp-json\/wp\/v2\/media?parent=748819"}],"wp:term":[{"taxonomy":"product_brand","embeddable":true,"href":"https:\/\/stoic-curie.212-227-153-4.plesk.page\/pt\/wp-json\/wp\/v2\/product_brand?post=748819"},{"taxonomy":"product_cat","embeddable":true,"href":"https:\/\/stoic-curie.212-227-153-4.plesk.page\/pt\/wp-json\/wp\/v2\/product_cat?post=748819"},{"taxonomy":"product_tag","embeddable":true,"href":"https:\/\/stoic-curie.212-227-153-4.plesk.page\/pt\/wp-json\/wp\/v2\/product_tag?post=748819"}],"curies":[{"name":"wp","href":"https:\/\/api.w.org\/{rel}","templated":true}]}}