{"id":748820,"date":"2025-03-03T21:13:24","date_gmt":"2025-03-03T20:13:24","guid":{"rendered":"https:\/\/stoic-curie.212-227-153-4.plesk.page\/producto\/fendress-capa-para-defensa-unitaria-a6-borgonha\/"},"modified":"2026-02-25T00:28:03","modified_gmt":"2026-02-25T00:28:03","slug":"fendress-capa-para-defensa-unitaria-a6-borgonha","status":"publish","type":"product","link":"https:\/\/stoic-curie.212-227-153-4.plesk.page\/pt\/product\/fendress-capa-para-defensa-unitaria-a6-borgonha\/","title":{"rendered":"Fendress Capa para Defensa Unit\u00e1ria A6 Borgonha"},"content":{"rendered":"<p>Fendress Capa para Defensa Unit\u00e1ria A6 Borgonha &#8211; <\/p>\n<p>Capas de fender Fendress feitas \u00e0 m\u00e3o em fleece peludo. Prote\u00e7\u00e3o premium para os seus fenders, eliminando o barulho e as marcas. Macias e resistentes, essas capas protegem eficientemente a pintura em gel coat e fazem com que os seus fenders durem mais. <br \/> \u2022 As &#8220;Fendress Covers&#8221; s\u00e3o feitas de 100% acr\u00edlico, feitas \u00e0 m\u00e3o, de qualidade premium, resistentes e n\u00e3o abrasivas. As suaves capas de fleece oferecem a prote\u00e7\u00e3o m\u00e1xima para os seus lados. <br \/> \u2022 As &#8220;Fendress Covers&#8221; s\u00e3o resistentes a UV e \u00e1gua do mar, protegendo eficientemente sua pintura em gel coat contra marcas e abras\u00f5es. O tecido de fleece dur\u00e1vel cont\u00e9m todas as melhores caracter\u00edsticas, incluindo resist\u00eancia ao rasgo e abras\u00e3o, secagem r\u00e1pida e f\u00e1cil remo\u00e7\u00e3o para limpeza. <br \/> \u2022 As &#8220;Fendress Covers&#8221; fazem com que seus fenders durem mais e eliminam os irritantes batidos. Cores resistentes a UV n\u00e3o deixam marcas em seus lados. Lav\u00e1vel \u00e0 m\u00e1quina. <br \/> \u2022 As &#8220;Fendress Covers&#8221; com parte superior de alta resist\u00eancia e barra el\u00e1stica permitem um ajuste personalizado para todos os tipos de fenders. As capas est\u00e3o dispon\u00edveis em 9 cores.<\/p>\n","protected":false},"excerpt":{"rendered":"<p>Fendress Capa para Defensa Unit\u00e1ria A6 Borgonha &#8211; Capas de fender Fendress feitas \u00e0 m\u00e3o em fleece peludo. Prote\u00e7\u00e3o premium<\/p>\n","protected":false},"featured_media":5943435,"comment_status":"open","ping_status":"closed","template":"","meta":[],"product_brand":[2937],"product_cat":[2138],"product_tag":[],"class_list":{"0":"post-748820","1":"product","2":"type-product","3":"status-publish","4":"has-post-thumbnail","6":"product_brand-fendress-pt","7":"product_cat-capas-para-defensas","9":"first","10":"instock","11":"shipping-taxable","12":"purchasable","13":"product-type-simple"},"_links":{"self":[{"href":"https:\/\/stoic-curie.212-227-153-4.plesk.page\/pt\/wp-json\/wp\/v2\/product\/748820","targetHints":{"allow":["GET"]}}],"collection":[{"href":"https:\/\/stoic-curie.212-227-153-4.plesk.page\/pt\/wp-json\/wp\/v2\/product"}],"about":[{"href":"https:\/\/stoic-curie.212-227-153-4.plesk.page\/pt\/wp-json\/wp\/v2\/types\/product"}],"replies":[{"embeddable":true,"href":"https:\/\/stoic-curie.212-227-153-4.plesk.page\/pt\/wp-json\/wp\/v2\/comments?post=748820"}],"version-history":[{"count":0,"href":"https:\/\/stoic-curie.212-227-153-4.plesk.page\/pt\/wp-json\/wp\/v2\/product\/748820\/revisions"}],"wp:featuredmedia":[{"embeddable":true,"href":"https:\/\/stoic-curie.212-227-153-4.plesk.page\/pt\/wp-json\/wp\/v2\/media\/5943435"}],"wp:attachment":[{"href":"https:\/\/stoic-curie.212-227-153-4.plesk.page\/pt\/wp-json\/wp\/v2\/media?parent=748820"}],"wp:term":[{"taxonomy":"product_brand","embeddable":true,"href":"https:\/\/stoic-curie.212-227-153-4.plesk.page\/pt\/wp-json\/wp\/v2\/product_brand?post=748820"},{"taxonomy":"product_cat","embeddable":true,"href":"https:\/\/stoic-curie.212-227-153-4.plesk.page\/pt\/wp-json\/wp\/v2\/product_cat?post=748820"},{"taxonomy":"product_tag","embeddable":true,"href":"https:\/\/stoic-curie.212-227-153-4.plesk.page\/pt\/wp-json\/wp\/v2\/product_tag?post=748820"}],"curies":[{"name":"wp","href":"https:\/\/api.w.org\/{rel}","templated":true}]}}