{"id":748822,"date":"2025-03-03T21:13:24","date_gmt":"2025-03-03T20:13:24","guid":{"rendered":"https:\/\/stoic-curie.212-227-153-4.plesk.page\/producto\/fendress-capa-para-defensa-unitaria-a7-preta\/"},"modified":"2026-02-25T00:28:03","modified_gmt":"2026-02-25T00:28:03","slug":"fendress-capa-para-defensa-unitaria-a7-preta","status":"publish","type":"product","link":"https:\/\/stoic-curie.212-227-153-4.plesk.page\/pt\/product\/fendress-capa-para-defensa-unitaria-a7-preta\/","title":{"rendered":"Fendress Capa para Defensa Unit\u00e1ria A7 Preta"},"content":{"rendered":"<p>Fendress Capa para Defensa Unit\u00e1ria A7 Preta &#8211; <\/p>\n<p>Capas para fenders Fendress feitas \u00e0 m\u00e3o em fleece macio.<br \/> Prote\u00e7\u00e3o premium para seus fenders, eliminando o rangido e marcas de desgaste. Macias e dur\u00e1veis, essas capas protegem eficientemente sua pintura de gel-coat e aumentam a durabilidade de seus fenders.<\/p>\n<p> \u2022 As \u201cFendress Covers\u201d s\u00e3o 100% acr\u00edlicas, feitas \u00e0 m\u00e3o e de qualidade premium, resistentes e n\u00e3o abrasivas. As capas de fleece suave e macio oferecem prote\u00e7\u00e3o m\u00e1xima para seus lados.<br \/> \u2022 As \u201cFendress Covers\u201d s\u00e3o resistentes a UV e \u00e1gua do mar, protegendo eficientemente sua pintura de gel-coat contra marcas de desgaste e abras\u00f5es. O tecido de fleece resistente e dur\u00e1vel cont\u00e9m todas as melhores caracter\u00edsticas, incluindo resist\u00eancia a rasgos e abras\u00f5es, secagem r\u00e1pida e f\u00e1cil remo\u00e7\u00e3o para limpeza.<br \/> \u2022 As \u201cFendress Covers\u201d prolongam a vida \u00fatil de seus fenders e eliminam o rangido irritante. As cores resistentes a UV n\u00e3o deixam marcas em seus lados. Lav\u00e1vel \u00e0 m\u00e1quina.<br \/> \u2022 As \u201cFendress Covers\u201d com alta resist\u00eancia na parte superior e bainha el\u00e1stica permitem um ajuste personalizado para todos os tipos de fenders. As capas est\u00e3o dispon\u00edveis em 9 cores.<\/p>\n","protected":false},"excerpt":{"rendered":"<p>Fendress Capa para Defensa Unit\u00e1ria A7 Preta &#8211; Capas para fenders Fendress feitas \u00e0 m\u00e3o em fleece macio. Prote\u00e7\u00e3o premium<\/p>\n","protected":false},"featured_media":5943435,"comment_status":"open","ping_status":"closed","template":"","meta":[],"product_brand":[2937],"product_cat":[2138],"product_tag":[],"class_list":{"0":"post-748822","1":"product","2":"type-product","3":"status-publish","4":"has-post-thumbnail","6":"product_brand-fendress-pt","7":"product_cat-capas-para-defensas","9":"first","10":"instock","11":"shipping-taxable","12":"purchasable","13":"product-type-simple"},"_links":{"self":[{"href":"https:\/\/stoic-curie.212-227-153-4.plesk.page\/pt\/wp-json\/wp\/v2\/product\/748822","targetHints":{"allow":["GET"]}}],"collection":[{"href":"https:\/\/stoic-curie.212-227-153-4.plesk.page\/pt\/wp-json\/wp\/v2\/product"}],"about":[{"href":"https:\/\/stoic-curie.212-227-153-4.plesk.page\/pt\/wp-json\/wp\/v2\/types\/product"}],"replies":[{"embeddable":true,"href":"https:\/\/stoic-curie.212-227-153-4.plesk.page\/pt\/wp-json\/wp\/v2\/comments?post=748822"}],"version-history":[{"count":0,"href":"https:\/\/stoic-curie.212-227-153-4.plesk.page\/pt\/wp-json\/wp\/v2\/product\/748822\/revisions"}],"wp:featuredmedia":[{"embeddable":true,"href":"https:\/\/stoic-curie.212-227-153-4.plesk.page\/pt\/wp-json\/wp\/v2\/media\/5943435"}],"wp:attachment":[{"href":"https:\/\/stoic-curie.212-227-153-4.plesk.page\/pt\/wp-json\/wp\/v2\/media?parent=748822"}],"wp:term":[{"taxonomy":"product_brand","embeddable":true,"href":"https:\/\/stoic-curie.212-227-153-4.plesk.page\/pt\/wp-json\/wp\/v2\/product_brand?post=748822"},{"taxonomy":"product_cat","embeddable":true,"href":"https:\/\/stoic-curie.212-227-153-4.plesk.page\/pt\/wp-json\/wp\/v2\/product_cat?post=748822"},{"taxonomy":"product_tag","embeddable":true,"href":"https:\/\/stoic-curie.212-227-153-4.plesk.page\/pt\/wp-json\/wp\/v2\/product_tag?post=748822"}],"curies":[{"name":"wp","href":"https:\/\/api.w.org\/{rel}","templated":true}]}}