{"id":748823,"date":"2025-03-03T21:13:25","date_gmt":"2025-03-03T20:13:25","guid":{"rendered":"https:\/\/stoic-curie.212-227-153-4.plesk.page\/producto\/fendress-capa-para-defensa-unitaria-a7-bege\/"},"modified":"2026-02-25T00:28:03","modified_gmt":"2026-02-25T00:28:03","slug":"fendress-capa-para-defensa-unitaria-a7-bege","status":"publish","type":"product","link":"https:\/\/stoic-curie.212-227-153-4.plesk.page\/pt\/product\/fendress-capa-para-defensa-unitaria-a7-bege\/","title":{"rendered":"Fendress Capa para Defensa Unit\u00e1ria A7 Bege"},"content":{"rendered":"<p>Fendress Capa para Defensa Unit\u00e1ria A7 Bege &#8211; <\/p>\n<p>Coberturas de fender Fendress feitas \u00e0 m\u00e3o de fleece macio. Prote\u00e7\u00e3o premium para seus fenders, eliminando os ru\u00eddos de fric\u00e7\u00e3o e marcas. Macias e dur\u00e1veis, essas coberturas protegem eficazmente sua pintura em gel-coat e fazem com que seus fenders durem mais.<\/p>\n<p>\u2022 \u201cFendress Covers\u201d s\u00e3o 100% acr\u00edlico, feitas \u00e0 m\u00e3o, de qualidade premium, resistentes e n\u00e3o abrasivas em malha de la\u00e7o. Coberturas de fender em fleece macio oferecem a m\u00e1xima prote\u00e7\u00e3o para seus lados.<\/p>\n<p>\u2022 \u201cFendress Covers\u201d s\u00e3o resistentes a UV e \u00e0 \u00e1gua do mar, protegendo efetivamente sua pintura em gel-coat contra marcas de fric\u00e7\u00e3o e abras\u00f5es. O tecido de fleece dur\u00e1vel e robusto cont\u00e9m todas as melhores caracter\u00edsticas, incluindo resist\u00eancia a rasgos e abras\u00f5es, secagem r\u00e1pida e f\u00e1cil remo\u00e7\u00e3o para limpeza.<\/p>\n<p>\u2022 \u201cFendress Covers\u201d fazem com que seus fenders durem mais e eliminam os ru\u00eddos irritantes. Cores resistentes a UV n\u00e3o mancham seus lados. Lav\u00e1veis na m\u00e1quina.<\/p>\n<p>\u2022 \u201cFendress Covers\u201d com alta resist\u00eancia na parte superior e bainha el\u00e1stica permitem um ajuste personalizado para todos os tipos de fenders. As coberturas est\u00e3o dispon\u00edveis em 9 cores.<\/p>\n","protected":false},"excerpt":{"rendered":"<p>Fendress Capa para Defensa Unit\u00e1ria A7 Bege &#8211; Coberturas de fender Fendress feitas \u00e0 m\u00e3o de fleece macio. Prote\u00e7\u00e3o premium<\/p>\n","protected":false},"featured_media":5943435,"comment_status":"open","ping_status":"closed","template":"","meta":[],"product_brand":[2937],"product_cat":[2138],"product_tag":[],"class_list":{"0":"post-748823","1":"product","2":"type-product","3":"status-publish","4":"has-post-thumbnail","6":"product_brand-fendress-pt","7":"product_cat-capas-para-defensas","9":"first","10":"instock","11":"shipping-taxable","12":"purchasable","13":"product-type-simple"},"_links":{"self":[{"href":"https:\/\/stoic-curie.212-227-153-4.plesk.page\/pt\/wp-json\/wp\/v2\/product\/748823","targetHints":{"allow":["GET"]}}],"collection":[{"href":"https:\/\/stoic-curie.212-227-153-4.plesk.page\/pt\/wp-json\/wp\/v2\/product"}],"about":[{"href":"https:\/\/stoic-curie.212-227-153-4.plesk.page\/pt\/wp-json\/wp\/v2\/types\/product"}],"replies":[{"embeddable":true,"href":"https:\/\/stoic-curie.212-227-153-4.plesk.page\/pt\/wp-json\/wp\/v2\/comments?post=748823"}],"version-history":[{"count":0,"href":"https:\/\/stoic-curie.212-227-153-4.plesk.page\/pt\/wp-json\/wp\/v2\/product\/748823\/revisions"}],"wp:featuredmedia":[{"embeddable":true,"href":"https:\/\/stoic-curie.212-227-153-4.plesk.page\/pt\/wp-json\/wp\/v2\/media\/5943435"}],"wp:attachment":[{"href":"https:\/\/stoic-curie.212-227-153-4.plesk.page\/pt\/wp-json\/wp\/v2\/media?parent=748823"}],"wp:term":[{"taxonomy":"product_brand","embeddable":true,"href":"https:\/\/stoic-curie.212-227-153-4.plesk.page\/pt\/wp-json\/wp\/v2\/product_brand?post=748823"},{"taxonomy":"product_cat","embeddable":true,"href":"https:\/\/stoic-curie.212-227-153-4.plesk.page\/pt\/wp-json\/wp\/v2\/product_cat?post=748823"},{"taxonomy":"product_tag","embeddable":true,"href":"https:\/\/stoic-curie.212-227-153-4.plesk.page\/pt\/wp-json\/wp\/v2\/product_tag?post=748823"}],"curies":[{"name":"wp","href":"https:\/\/api.w.org\/{rel}","templated":true}]}}