{"id":748826,"date":"2025-03-03T21:13:26","date_gmt":"2025-03-03T20:13:26","guid":{"rendered":"https:\/\/stoic-curie.212-227-153-4.plesk.page\/producto\/tanque-de-combustivel-plastico-lima-420-litros\/"},"modified":"2026-02-25T00:28:03","modified_gmt":"2026-02-25T00:28:03","slug":"tanque-de-combustivel-plastico-lima-420-litros","status":"publish","type":"product","link":"https:\/\/stoic-curie.212-227-153-4.plesk.page\/pt\/product\/tanque-de-combustivel-plastico-lima-420-litros\/","title":{"rendered":"Tanque de Combust\u00edvel Pl\u00e1stico Lima 420 litros"},"content":{"rendered":"<p>Tanque de Combust\u00edvel Pl\u00e1stico Lima 420 litros &#8211; <\/p>\n<p>Temos o prazer de apresentar o tanque de combust\u00edvel para barco Lima de 420 litros, um produto meticulosamente projetado para atender \u00e0s diversas necessidades dos propriet\u00e1rios de barcos. Este tanque possui uma forma de casco inferior cuidadosamente elaborada, que melhora sua estabilidade e desempenho quando instalado em sua embarca\u00e7\u00e3o. Constru\u00eddo em polietileno reticulado robusto, este tanque \u00e9 resistente \u00e0s exig\u00eancias de ambientes marinhos, garantindo durabilidade e confiabilidade.<\/p>\n<p>Uma das caracter\u00edsticas not\u00e1veis do tanque de combust\u00edvel Lima \u00e9 sua ampla gama de conex\u00f5es e componentes. Ele \u00e9 equipado com um olho de inspe\u00e7\u00e3o que permite f\u00e1cil monitoramento dos n\u00edveis de combust\u00edvel e da condi\u00e7\u00e3o do tanque. O tanque tamb\u00e9m inclui um ventilador de 17\/19 mm, que \u00e9 essencial para manter a press\u00e3o adequada e evitar o ac\u00famulo de vapor de combust\u00edvel. Al\u00e9m disso, conta com v\u00e1rias entradas medindo 38\/50\/60 mm, junto com um tubo de mergulho de combust\u00edvel de 12 mm, proporcionando flexibilidade para v\u00e1rios sistemas de entrega de combust\u00edvel.<\/p>\n<p>O tanque de combust\u00edvel Lima atende aos rigorosos padr\u00f5es de certifica\u00e7\u00e3o CE-ISO21487, que garantem sua qualidade e seguran\u00e7a para uso em aplica\u00e7\u00f5es mar\u00edtimas. Feito de polietileno de alta densidade, \u00e9 compat\u00edvel com uma ampla gama de combust\u00edveis e \u00e1cidos, tornando-se uma escolha vers\u00e1til para propriet\u00e1rios de barcos que precisam de uma solu\u00e7\u00e3o confi\u00e1vel de armazenamento de combust\u00edvel.<\/p>\n<p>Al\u00e9m disso, o tanque possui um olho de inspe\u00e7\u00e3o padr\u00e3o com uma tampa segura, uma ventila\u00e7\u00e3o e um terminal de ventila\u00e7\u00e3o de ar de 3\/8\u201d. Ele tamb\u00e9m inclui uma entrada de combust\u00edvel, garantindo que esteja pronto para uso imediato ap\u00f3s a instala\u00e7\u00e3o. O olho de inspe\u00e7\u00e3o \u00e9 projetado para acomodar um medidor de combust\u00edvel, seja mec\u00e2nico ou el\u00e9trico, e inclui um terminal em \u00e2ngulo de 1\/4\u201d para uma mangueira de borracha. Esse recurso permite que funcione como uma entrada de combust\u00edvel secund\u00e1ria ou retorno de diesel para instala\u00e7\u00f5es fixas, proporcionando uma versatilidade excepcional para atender suas necessidades de navega\u00e7\u00e3o de forma eficaz.<\/p>\n","protected":false},"excerpt":{"rendered":"<p>Tanque de Combust\u00edvel Pl\u00e1stico Lima 420 litros &#8211; Temos o prazer de apresentar o tanque de combust\u00edvel para barco Lima<\/p>\n","protected":false},"featured_media":5943437,"comment_status":"open","ping_status":"closed","template":"","meta":[],"product_brand":[2857],"product_cat":[2087],"product_tag":[],"class_list":{"0":"post-748826","1":"product","2":"type-product","3":"status-publish","4":"has-post-thumbnail","6":"product_brand-can-marine-pt","7":"product_cat-tanques-de-combustivel","9":"first","10":"instock","11":"shipping-taxable","12":"purchasable","13":"product-type-simple"},"_links":{"self":[{"href":"https:\/\/stoic-curie.212-227-153-4.plesk.page\/pt\/wp-json\/wp\/v2\/product\/748826","targetHints":{"allow":["GET"]}}],"collection":[{"href":"https:\/\/stoic-curie.212-227-153-4.plesk.page\/pt\/wp-json\/wp\/v2\/product"}],"about":[{"href":"https:\/\/stoic-curie.212-227-153-4.plesk.page\/pt\/wp-json\/wp\/v2\/types\/product"}],"replies":[{"embeddable":true,"href":"https:\/\/stoic-curie.212-227-153-4.plesk.page\/pt\/wp-json\/wp\/v2\/comments?post=748826"}],"version-history":[{"count":0,"href":"https:\/\/stoic-curie.212-227-153-4.plesk.page\/pt\/wp-json\/wp\/v2\/product\/748826\/revisions"}],"wp:featuredmedia":[{"embeddable":true,"href":"https:\/\/stoic-curie.212-227-153-4.plesk.page\/pt\/wp-json\/wp\/v2\/media\/5943437"}],"wp:attachment":[{"href":"https:\/\/stoic-curie.212-227-153-4.plesk.page\/pt\/wp-json\/wp\/v2\/media?parent=748826"}],"wp:term":[{"taxonomy":"product_brand","embeddable":true,"href":"https:\/\/stoic-curie.212-227-153-4.plesk.page\/pt\/wp-json\/wp\/v2\/product_brand?post=748826"},{"taxonomy":"product_cat","embeddable":true,"href":"https:\/\/stoic-curie.212-227-153-4.plesk.page\/pt\/wp-json\/wp\/v2\/product_cat?post=748826"},{"taxonomy":"product_tag","embeddable":true,"href":"https:\/\/stoic-curie.212-227-153-4.plesk.page\/pt\/wp-json\/wp\/v2\/product_tag?post=748826"}],"curies":[{"name":"wp","href":"https:\/\/api.w.org\/{rel}","templated":true}]}}