{"id":748828,"date":"2025-03-03T21:13:26","date_gmt":"2025-03-03T20:13:26","guid":{"rendered":"https:\/\/stoic-curie.212-227-153-4.plesk.page\/producto\/tanque-de-combustivel-em-aco-inoxidavel-69-litros-700-x-350-x-a200mm\/"},"modified":"2026-02-25T00:28:03","modified_gmt":"2026-02-25T00:28:03","slug":"tanque-de-combustivel-em-aco-inoxidavel-69-litros-700-x-350-x-a200mm","status":"publish","type":"product","link":"https:\/\/stoic-curie.212-227-153-4.plesk.page\/pt\/product\/tanque-de-combustivel-em-aco-inoxidavel-69-litros-700-x-350-x-a200mm\/","title":{"rendered":"Tanque de Combust\u00edvel em A\u00e7o Inoxid\u00e1vel 69 litros (700 x 350 x A200mm)"},"content":{"rendered":"<p>Tanque de Combust\u00edvel em A\u00e7o Inoxid\u00e1vel 69 litros (700 x 350 x A200mm) &#8211; <\/p>\n<p>Tanques padr\u00e3o em a\u00e7o inoxid\u00e1vel com janela de inspe\u00e7\u00e3o, tampa, ventila\u00e7\u00e3o de tubo para mangueira de 16 mm e conex\u00e3o de combust\u00edvel de tubo para mangueira de 10 mm.<\/p>\n","protected":false},"excerpt":{"rendered":"<p>Tanque de Combust\u00edvel em A\u00e7o Inoxid\u00e1vel 69 litros (700 x 350 x A200mm) &#8211; Tanques padr\u00e3o em a\u00e7o inoxid\u00e1vel com<\/p>\n","protected":false},"featured_media":5940260,"comment_status":"open","ping_status":"closed","template":"","meta":[],"product_brand":[2857],"product_cat":[2087],"product_tag":[],"class_list":{"0":"post-748828","1":"product","2":"type-product","3":"status-publish","4":"has-post-thumbnail","6":"product_brand-can-marine-pt","7":"product_cat-tanques-de-combustivel","9":"first","10":"instock","11":"shipping-taxable","12":"purchasable","13":"product-type-simple"},"_links":{"self":[{"href":"https:\/\/stoic-curie.212-227-153-4.plesk.page\/pt\/wp-json\/wp\/v2\/product\/748828","targetHints":{"allow":["GET"]}}],"collection":[{"href":"https:\/\/stoic-curie.212-227-153-4.plesk.page\/pt\/wp-json\/wp\/v2\/product"}],"about":[{"href":"https:\/\/stoic-curie.212-227-153-4.plesk.page\/pt\/wp-json\/wp\/v2\/types\/product"}],"replies":[{"embeddable":true,"href":"https:\/\/stoic-curie.212-227-153-4.plesk.page\/pt\/wp-json\/wp\/v2\/comments?post=748828"}],"version-history":[{"count":0,"href":"https:\/\/stoic-curie.212-227-153-4.plesk.page\/pt\/wp-json\/wp\/v2\/product\/748828\/revisions"}],"wp:featuredmedia":[{"embeddable":true,"href":"https:\/\/stoic-curie.212-227-153-4.plesk.page\/pt\/wp-json\/wp\/v2\/media\/5940260"}],"wp:attachment":[{"href":"https:\/\/stoic-curie.212-227-153-4.plesk.page\/pt\/wp-json\/wp\/v2\/media?parent=748828"}],"wp:term":[{"taxonomy":"product_brand","embeddable":true,"href":"https:\/\/stoic-curie.212-227-153-4.plesk.page\/pt\/wp-json\/wp\/v2\/product_brand?post=748828"},{"taxonomy":"product_cat","embeddable":true,"href":"https:\/\/stoic-curie.212-227-153-4.plesk.page\/pt\/wp-json\/wp\/v2\/product_cat?post=748828"},{"taxonomy":"product_tag","embeddable":true,"href":"https:\/\/stoic-curie.212-227-153-4.plesk.page\/pt\/wp-json\/wp\/v2\/product_tag?post=748828"}],"curies":[{"name":"wp","href":"https:\/\/api.w.org\/{rel}","templated":true}]}}