{"id":748840,"date":"2025-03-03T21:13:30","date_gmt":"2025-03-03T20:13:30","guid":{"rendered":"https:\/\/stoic-curie.212-227-153-4.plesk.page\/producto\/volante-de-direcao-em-mogno-com-punho-em-aco-inoxidavel-600mm\/"},"modified":"2026-02-25T00:28:03","modified_gmt":"2026-02-25T00:28:03","slug":"volante-de-direcao-em-mogno-com-punho-em-aco-inoxidavel-600mm","status":"publish","type":"product","link":"https:\/\/stoic-curie.212-227-153-4.plesk.page\/pt\/product\/volante-de-direcao-em-mogno-com-punho-em-aco-inoxidavel-600mm\/","title":{"rendered":"Volante de Dire\u00e7\u00e3o em Mogno com Punho em A\u00e7o Inoxid\u00e1vel 600mm"},"content":{"rendered":"<p>Volante de Dire\u00e7\u00e3o em Mogno com Punho em A\u00e7o Inoxid\u00e1vel 600mm &#8211; <\/p>\n<p>Hub de lat\u00e3o cromado com volante de mogno e pega em a\u00e7o inoxid\u00e1vel. Hub de 19 mm &#8211; 17 mm com um sulco de 5 mm de largura.<\/p>\n","protected":false},"excerpt":{"rendered":"<p>Volante de Dire\u00e7\u00e3o em Mogno com Punho em A\u00e7o Inoxid\u00e1vel 600mm &#8211; Hub de lat\u00e3o cromado com volante de mogno<\/p>\n","protected":false},"featured_media":5935636,"comment_status":"open","ping_status":"closed","template":"","meta":[],"product_brand":[3332],"product_cat":[2109],"product_tag":[],"class_list":{"0":"post-748840","1":"product","2":"type-product","3":"status-publish","4":"has-post-thumbnail","6":"product_brand-savoretti-pt","7":"product_cat-rodas-de-leme","9":"first","10":"instock","11":"shipping-taxable","12":"purchasable","13":"product-type-simple"},"_links":{"self":[{"href":"https:\/\/stoic-curie.212-227-153-4.plesk.page\/pt\/wp-json\/wp\/v2\/product\/748840","targetHints":{"allow":["GET"]}}],"collection":[{"href":"https:\/\/stoic-curie.212-227-153-4.plesk.page\/pt\/wp-json\/wp\/v2\/product"}],"about":[{"href":"https:\/\/stoic-curie.212-227-153-4.plesk.page\/pt\/wp-json\/wp\/v2\/types\/product"}],"replies":[{"embeddable":true,"href":"https:\/\/stoic-curie.212-227-153-4.plesk.page\/pt\/wp-json\/wp\/v2\/comments?post=748840"}],"version-history":[{"count":0,"href":"https:\/\/stoic-curie.212-227-153-4.plesk.page\/pt\/wp-json\/wp\/v2\/product\/748840\/revisions"}],"wp:featuredmedia":[{"embeddable":true,"href":"https:\/\/stoic-curie.212-227-153-4.plesk.page\/pt\/wp-json\/wp\/v2\/media\/5935636"}],"wp:attachment":[{"href":"https:\/\/stoic-curie.212-227-153-4.plesk.page\/pt\/wp-json\/wp\/v2\/media?parent=748840"}],"wp:term":[{"taxonomy":"product_brand","embeddable":true,"href":"https:\/\/stoic-curie.212-227-153-4.plesk.page\/pt\/wp-json\/wp\/v2\/product_brand?post=748840"},{"taxonomy":"product_cat","embeddable":true,"href":"https:\/\/stoic-curie.212-227-153-4.plesk.page\/pt\/wp-json\/wp\/v2\/product_cat?post=748840"},{"taxonomy":"product_tag","embeddable":true,"href":"https:\/\/stoic-curie.212-227-153-4.plesk.page\/pt\/wp-json\/wp\/v2\/product_tag?post=748840"}],"curies":[{"name":"wp","href":"https:\/\/api.w.org\/{rel}","templated":true}]}}